{"id":19,"date":"2017-09-20T08:44:52","date_gmt":"2017-09-20T08:44:52","guid":{"rendered":"http:\/\/rup.dev\/?page_id=19"},"modified":"2021-03-19T17:12:44","modified_gmt":"2021-03-19T17:12:44","slug":"madeira","status":"publish","type":"page","link":"https:\/\/www.cp-rup.com\/pt\/regioes-ultraperifericas\/madeira\/","title":{"rendered":"Madeira"},"content":{"rendered":"<p>&nbsp;<\/p>\n<h2 style=\"text-align: center;\"><\/h2>\n<p>Com um espa\u00e7o natural muito variado e rico, mar e montanha, a Regi\u00e3o Aut\u00f3noma da Madeira \u00e9 uma Regi\u00e3o Ultraperif\u00e9rica reconhecida pela sua vasta biodiversidade.<\/p>\n<p>Na tranquilidade da natureza s\u00e3o oferecidas experi\u00eancias deslumbrantes, seja a fazer \u201clevadas\u201d, que s\u00e3o caminhadas junto a canais de irriga\u00e7\u00e3o que transportam \u00e1gua das montanhas, a jogar golfe ou a desfrutar um passeio relaxante de barco. Para despertar a adrenalina, o desafio pode passar pelo canyoning, BTT, passeios de <em>jeep<\/em> ou at\u00e9 mesmo parapente.<\/p>\n<p>Para al\u00e9m do patrim\u00f3nio natural, com destaque para a floresta Laurissilva reconhecida pela UNESCO como Patrim\u00f3nio da Humanidade, o seu patrim\u00f3nio cultural \u00e9 testemunho valioso da sua hist\u00f3ria e heran\u00e7a do tempo em que a Regi\u00e3o fazia parte das principais rotas comerciais da Europa. Disso s\u00e3o exemplos a diversidade museol\u00f3gica, guardi\u00e3 dessas mem\u00f3rias, e estilos arquitet\u00f3nicos bem demarcados como o g\u00f3tico e o manuelino, vis\u00edvel nomeadamente na S\u00e9 Catedral do Funchal, que refor\u00e7am a afirma\u00e7\u00e3o de cidade tur\u00edstica.<\/p>\n<p>&nbsp;<\/p>\n\t<div class=\"rup_main_map__wrapper position-relative\">\n\t\t<div id=\"rup_main_map\" class=\"position-static\" style=\"background-image: url('https:\/\/www.cp-rup.com\/wp-content\/themes\/rup\/img\/MapaSVGCPRUP.svg');\">\n            <a href=\"https:\/\/www.cp-rup.com\/pt\/regioes-ultraperifericas\/acores\/\">\n\t\t\t\t<div class=\"map-marker--wrapper azores\" style=\"top: 35%; left: 39.7%;\">\n\t\t\t\t\t<div class=\"hover_title Azores\"> A\u00e7ores <\/div>\n\t\t\t\t\t<div class=\"map-marker  Azores\" title=\"A\u00e7ores\"><\/div>\n\t\t\t\t<\/div>\n\t\t\t<\/a>\n            <a href=\"https:\/\/www.cp-rup.com\/pt\/regioes-ultraperifericas\/madeira\/\">\n\t\t\t\t<div class=\"map-marker--wrapper madeira\" style=\"top: 40%; left: 40.1%;\">\n\t\t\t\t\t<div class=\"hover_title Madeira\"> Madeira <\/div>\n\t\t\t\t\t<div class=\"map-marker map-marker--selected Madeira\" title=\"Madeira\"><\/div>\n\t\t\t\t<\/div>\n\t\t\t<\/a>\n            <a href=\"https:\/\/www.cp-rup.com\/pt\/regioes-ultraperifericas\/canarias\/\">\n\t\t\t\t<div class=\"map-marker--wrapper canarias\" style=\"top: 44%; left: 40.5%;\">\n\t\t\t\t\t<div class=\"hover_title Canarias\"> Canarias <\/div>\n\t\t\t\t\t<div class=\"map-marker  Canarias\" title=\"Canarias\"><\/div>\n\t\t\t\t<\/div>\n\t\t\t<\/a>\n            <a href=\"https:\/\/www.cp-rup.com\/pt\/regioes-ultraperifericas\/saint-martin\/\">\n\t\t\t\t<div class=\"map-marker--wrapper saint-martin\" style=\"top: 46%; left: 30.7%;\">\n\t\t\t\t\t<div class=\"hover_title San_Martin\"> Saint-Martin <\/div>\n\t\t\t\t\t<div class=\"map-marker  San_Martin\" title=\"Saint-Martin\"><\/div>\n\t\t\t\t<\/div>\n\t\t\t<\/a>\n            <a href=\"https:\/\/www.cp-rup.com\/pt\/regioes-ultraperifericas\/guadalupe\/\">\n\t\t\t\t<div class=\"map-marker--wrapper guadeloupe\" style=\"top: 48%; left: 31.7%;\">\n\t\t\t\t\t<div class=\"hover_title Guadalupe\"> Guadeloupe <\/div>\n\t\t\t\t\t<div class=\"map-marker  Guadalupe\" title=\"Guadeloupe\"><\/div>\n\t\t\t\t<\/div>\n\t\t\t<\/a>\n            <a href=\"https:\/\/www.cp-rup.com\/pt\/regioes-ultraperifericas\/martinica\/\">\n\t\t\t\t<div class=\"map-marker--wrapper martinica\" style=\"top: 51%; left: 31.7%;\">\n\t\t\t\t\t<div class=\"hover_title Martinica\" style=\"top: 5px !important;\"> Martinique <\/div>\n\t\t\t\t\t<div class=\"map-marker  Martinica\" title=\"Martinique\"><\/div>\n\t\t\t\t<\/div>\n\t\t\t<\/a>\n            <a href=\"https:\/\/www.cp-rup.com\/pt\/regioes-ultraperifericas\/guiana-francesa\/\">\n\t\t\t\t<div class=\"map-marker--wrapper guayana\" style=\"top: 55.2%; left: 32.2%;\">\n\t\t\t\t\t<div class=\"hover_title Guayana_Francesa\"> Guyane <\/div>\n\t\t\t\t\t<div class=\"map-marker  Guayana_Francesa\" title=\"Guyane\"><\/div>\n\t\t\t\t<\/div>\n\t\t\t<\/a>\n\t\t\t\t\n\t\t\t\n            <a href=\"https:\/\/www.cp-rup.com\/pt\/regioes-ultraperifericas\/maiote\/\">\n\t\t\t\t<div class=\"map-marker--wrapper mayotte\" style=\"top: 67%; left: 52.7%;\">\n\t\t\t\t\t<div class=\"hover_title Mayotte\"> Mayotte <\/div>\n\t\t\t\t\t<div class=\"map-marker  Mayotte\" title=\"Mayotte\"><\/div>\n\t\t\t\t<\/div>\n\t\t\t<\/a>\n            <a href=\"https:\/\/www.cp-rup.com\/pt\/regioes-ultraperifericas\/reuniao\/\">\n\t\t\t\t<div class=\"map-marker--wrapper reunion\" style=\"top: 72%; left: 55.2%;\">\n\t\t\t\t\t<div class=\"hover_title La_Reunion\"> R\u00e9union <\/div>\n\t\t\t\t\t<div class=\"map-marker  La_Reunion\" title=\"R\u00e9union\"><\/div>\n\t\t\t\t<\/div>\n\t\t\t<\/a>\n\t\t<\/div>\n\t<\/div>\n\n\t<style>\n\t.rup_main_map__wrapper:hover .hover_title {\n\t\topacity:1;\n\t}\n\t\n\t.hover_title {\n\t\tposition: absolute;\n\t\topacity:0;\n\t\ttransition: 0.15s opacity ease-in-out;\n\t\tbackground: rgba(255,255,255,0.75);\n\t\tborder-radius: 5px;\n\t\twidth: 60px;\n\t\tfont-size: 10px;\n\t}\n\n\t\t.hover_title:hover + .map-marker{\n\t\t\tanimation-name: animated-map-marker;\n\t\t\tanimation-duration: 0.5s;\n\t\t\tanimation-iteration-count: infinite;\n\t\t\tanimation-direction: alternate;\n\t\t}\n\t<\/style>\n\t<script>\n\tvar azores = jQuery('.map-marker[title=\"A\u00e7ores\"]');\n\tvar madeira = jQuery('.map-marker[title=\"Madeira\"]');\n\tvar canarias = jQuery('.map-marker[title=\"Canarias\"]');\n\tvar saint_martin = jQuery('.map-marker[title=\"Saint-Martin\"]');\n\tvar guadeloupe = jQuery('.map-marker[title=\"Guadeloupe\"]');\n\tvar martinique = jQuery('.map-marker[title=\"Martinique\"]');\n\tvar guyane = jQuery('.map-marker[title=\"Guyane\"]');\n\tvar mayotte = jQuery('.map-marker[title=\"Mayotte\"]');\n\tvar la_reunion  = jQuery('.map-marker[title=\"R\u00e9union\"]');\n\tvar rup = [ azores, madeira, canarias, mayotte, la_reunion, guyane, martinique, guadeloupe, saint_martin ];\n\tvar speed = 500;\n\tvar animation_from = {opacity: 0.25};\n\tvar animation_to = {opacity: 1};\n\tvar animation_easing = \"swing\";\n\t\n\tfunction animate(index){\n\t\trup[index].animate(animation_from, speed, animation_easing, function(){\n\t\t\trup[index].animate(animation_to, speed, animation_easing, function(){\n\t\t\t\tanimate((index+1) % rup.length);\n\t\t\t});\n\t\t});\n\t}\n\n\tanimate(0);\n\t\n\t<\/script>\n\t\n<p>&nbsp;<\/p>\n<h2 style=\"text-align: center;\">Geografia<\/h2>\n<p>O arquip\u00e9lago da Madeira, cuja capital \u00e9 o Funchal, situa-se na placa africana, no oceano Atl\u00e2ntico, entre 30\u00b0 e 33\u00b0 de latitude norte, quase \u00e0 mesma latitude de Casablanca; a 978 km a sudoeste de Lisboa, cerca de 700 km a oeste da costa africana e 450 km a norte das ilhas Can\u00e1rias.<\/p>\n<p>Este arquip\u00e9lago \u00e9 formado pela ilha da Madeira, com uma \u00e1rea de 741 km\u00b2; pela ilha do Porto Santo, com 42,5 km\u00b2; pelas ilhas Desertas, com um total de 14,2 km\u00b2 no conjunto das suas tr\u00eas ilhas; e ainda pelas ilhas Selvagens, cujo conjunto de tr\u00eas ilhas e dezasseis ilh\u00e9us det\u00eam uma \u00e1rea de 3,6 km\u00b2. Apenas a Madeira e o Porto Santo s\u00e3o habitadas.<\/p>\n<p>A Regi\u00e3o Aut\u00f3noma da Madeira abrange ainda o mar circundante e os seus fundos, designadamente as \u00e1guas territoriais e a zona econ\u00f3mica exclusiva.<\/p>\n<p>A sua posi\u00e7\u00e3o geogr\u00e1fica privilegiada e a sua orografia montanhosa conferem \u00e0 ilha da Madeira uma espantosa amenidade clim\u00e1tica, com temperaturas m\u00e9dias muito suaves, que oscilam entre os 25\u00b0C no ver\u00e3o e os 17\u00b0C no inverno, aliadas a uma humidade moderada. Por influ\u00eancia da corrente quente do Golfo do M\u00e9xico, a \u00e1gua do mar \u00e9 igualmente muito temperada, apresentando m\u00e9dias no ver\u00e3o de 22\u00b0C e de 18\u00b0C no inverno.<\/p>\n<p>A Regi\u00e3o Aut\u00f3noma da Madeira apresenta,\u00a0aproximadamente, 255 mil habitantes e uma densidade populacional de 318\u00a0habitantes\/km\u00b2.<\/p>\n<p>&nbsp;<\/p>\n<h2 style=\"text-align: center;\">Sistema pol\u00edtico<\/h2>\n<p>A Madeira \u00e9 uma Regi\u00e3o Aut\u00f3noma da Rep\u00fablica Portuguesa consagrada na Constitui\u00e7\u00e3o Portuguesa de 1976. A sua autonomia pol\u00edtica, administrativa, financeira, econ\u00f3mica e fiscal n\u00e3o afeta a integridade da soberania do Estado e exerce-se no quadro da Constitui\u00e7\u00e3o e do Estatuto Pol\u00edtico-Administrativo aprovado pela Lei n.\u00ba 13\/91, de 5 de junho, e revisto pela Lei n.\u00ba 130\/99, de 21 de agosto.<\/p>\n<p>Esta Regi\u00e3o Ultraperif\u00e9rica portuguesa disp\u00f5e de \u00f3rg\u00e3os pr\u00f3prios de governa\u00e7\u00e3o: Assembleia Legislativa e Governo Regional.<\/p>\n<p>&nbsp;<\/p>\n<h2 style=\"text-align: center;\">Economia<\/h2>\n<p>A economia da Madeira \u00e9 baseada no setor dos servi\u00e7os (85% do PIB), sendo o turismo o principal impulsionador e a maior fonte de receitas da Regi\u00e3o pelo efeito multiplicador em v\u00e1rios setores de atividade e, em especial, pelo contributo para a cria\u00e7\u00e3o de emprego.<\/p>\n<p>A ind\u00fastria regional \u00e9 dominada por pequenas e m\u00e9dias empresas. Nela coexistem atividades de car\u00e1ter artesanal, como os famosos bordados, as tape\u00e7arias e artigos de vime, com as ind\u00fastrias agroalimentares, de bebidas e de tabacos. De real\u00e7ar o relevante papel que desempenha a Zona Franca da Madeira na diversifica\u00e7\u00e3o e moderniza\u00e7\u00e3o da economia regional.<\/p>\n<p>Do setor prim\u00e1rio (2% do PIB) destaca-se na agricultura, a produ\u00e7\u00e3o de banana, as flores, os frutos subtropicais e a uva destinada \u00e0 produ\u00e7\u00e3o do Vinho da Madeira, um dos produtos mais emblem\u00e1ticos desta Regi\u00e3o. A produ\u00e7\u00e3o agr\u00edcola \u00e9 dificultada pelas suas caracter\u00edsticas orogr\u00e1ficas, em especial o acentuado declive dos terrenos, pela exiguidade da superf\u00edcie agr\u00edcola \u00fatil e pela predomin\u00e2ncia da pequena propriedade.<\/p>\n<p>A atividade piscat\u00f3ria assume uma import\u00e2ncia econ\u00f3mica e social de algumas comunidades dependentes da pesca. \u00c9 desenvolvida por uma frota de pequena dimens\u00e3o, com destaque para a pesca do peixe-espada preto e o atum.<\/p>\n<p>Dados os constrangimentos geogr\u00e1ficos, a Regi\u00e3o teve de fazer um forte investimento na melhoria das acessibilidades para o desenvolvimento econ\u00f3mico na Madeira: infraestruturas de apoio \u00e0 rede vi\u00e1ria \u2013 estradas, viadutos, pontes e t\u00faneis; amplia\u00e7\u00e3o do Aeroporto da Madeira; e nova Gare Mar\u00edtima Internacional do Porto do Funchal.<\/p>\n<p>&nbsp;<\/p>\n\t\t<div class=\"col-12 mb-5\">\n\t\t\t<div class=\"row widget_picture_with_floating_text\">\n\t\t\t\t<div class=\"col-8 offset-4 widget_picture_with_floating_text__picture\" style=\"background-image: url('https:\/\/cp-rup.com\/wp-content\/uploads\/2018\/07\/Madeira-slider-2-1.jpg.');\"><\/div>\n\t\t\t\t<div class=\"col-6 widget_picture_with_floating_text__text widget_picture_with_floating_text__text--left\">\n\t\t\t\t\t<h3>Infra-estruturas<\/h3>\n\t\t\t\t\t<p> A\u00a0Regi\u00e3o teve de fazer um forte investimento na melhoria das acessibilidades para o desenvolvimento econ\u00f3mico na Madeira. <\/p>\n\t\t\t\t<\/div>\n\t\t\t<\/div>\n\t\t<\/div>\n\n\n<p>&nbsp;<\/p>\n\t\t<div class=\"col-12 mb-5\">\n\t\t\t<div class=\"row widget_picture_with_floating_text\">\n\t\t\t\t<div class=\"col-8  widget_picture_with_floating_text__picture\" style=\"background-image: url('https:\/\/cp-rup.com\/wp-content\/uploads\/2018\/07\/Madeira-slider-3-1.jpg.');\"><\/div>\n\t\t\t\t<div class=\"col-6 widget_picture_with_floating_text__text widget_picture_with_floating_text__text--right\">\n\t\t\t\t\t<h3>Para\u00edso Tur\u00edstico<\/h3>\n\t\t\t\t\t<p>A economia da Madeira \u00e9 baseada no setor dos servi\u00e7os (85% do PIB), sendo o turismo o principal impulsionador e a maior fonte de receitas da Regi\u00e3o <\/p>\n\t\t\t\t<\/div>\n\t\t\t<\/div>\n\t\t<\/div>\n\n\n\t\t<div class=\"col-12 mb-5\">\n\t\t\t<div class=\"row widget_picture_with_floating_text\">\n\t\t\t\t<div class=\"col-8 offset-4 widget_picture_with_floating_text__picture\" style=\"background-image: url('https:\/\/cp-rup.com\/wp-content\/uploads\/2018\/07\/Madeira-slider-6-1.jpg.');\"><\/div>\n\t\t\t\t<div class=\"col-6 widget_picture_with_floating_text__text widget_picture_with_floating_text__text--left\">\n\t\t\t\t\t<h3>Ind\u00fastria<\/h3>\n\t\t\t\t\t<p> A ind\u00fastria regional \u00e9 dominada por pequenas e m\u00e9dias empresas. Nela coexistem atividades de car\u00e1ter artesanal, como os famosos bordados, as tape\u00e7arias e artigos de vime, com as ind\u00fastrias agroalimentares, de bebidas e de tabacos. <\/p>\n\t\t\t\t<\/div>\n\t\t\t<\/div>\n\t\t<\/div>\n\n\n<p>&nbsp;<\/p>\n<h2><\/h2>\n<h2 style=\"text-align: center;\">Madeira em fotos<\/h2>\n<div id=\"metaslider-id-1888\" style=\"max-width: 1200px;\" class=\"ml-slider-3-20-3 metaslider metaslider-flex metaslider-1888 ml-slider\">\n    <div id=\"metaslider_container_1888\">\n        <div id=\"metaslider_1888\">\n            <ul aria-live=\"polite\" class=\"slides\">\n                <li style=\"display: block; width: 100%;\" class=\"slide-2336 ms-image\"><img loading=\"lazy\" decoding=\"async\" src=\"https:\/\/www.cp-rup.com\/wp-content\/uploads\/2018\/07\/Madeira-slider-5-1200x400.jpg\" height=\"400\" width=\"1200\" alt=\"\" class=\"slider-1888 slide-2336\" \/><\/li>\n                <li style=\"display: none; width: 100%;\" class=\"slide-2337 ms-image\"><img loading=\"lazy\" decoding=\"async\" src=\"https:\/\/www.cp-rup.com\/wp-content\/uploads\/2018\/07\/Madeira-slider-1-1-1200x400.jpg\" height=\"400\" width=\"1200\" alt=\"\" class=\"slider-1888 slide-2337\" \/><\/li>\n                <li style=\"display: none; width: 100%;\" class=\"slide-2340 ms-image\"><img loading=\"lazy\" decoding=\"async\" src=\"https:\/\/www.cp-rup.com\/wp-content\/uploads\/2018\/07\/Madeira-slider-4-1-871x290.jpg\" height=\"400\" width=\"1200\" alt=\"\" class=\"slider-1888 slide-2340\" \/><\/li>\n                <li style=\"display: none; width: 100%;\" class=\"slide-2556 ms-image\"><img loading=\"lazy\" decoding=\"async\" src=\"https:\/\/www.cp-rup.com\/wp-content\/uploads\/2018\/08\/Madeira-slider-3-1200x400.jpg\" height=\"400\" width=\"1200\" alt=\"\" class=\"slider-1888 slide-2556\" \/><\/li>\n                <li style=\"display: none; width: 100%;\" class=\"slide-2782 ms-image\"><img loading=\"lazy\" decoding=\"async\" src=\"https:\/\/www.cp-rup.com\/wp-content\/uploads\/2018\/09\/MAD-Foto-tejido-productivo-1-e1536667459100-1200x400.jpg\" height=\"400\" width=\"1200\" alt=\"\" class=\"slider-1888 slide-2782\" \/><\/li>\n                <li style=\"display: none; width: 100%;\" class=\"slide-2783 ms-image\"><img loading=\"lazy\" decoding=\"async\" src=\"https:\/\/www.cp-rup.com\/wp-content\/uploads\/2018\/09\/MAD-Foto-cabecera-1-1200x400.jpg\" height=\"400\" width=\"1200\" alt=\"\" class=\"slider-1888 slide-2783\" \/><\/li>\n                <li style=\"display: none; width: 100%;\" class=\"slide-2796 ms-image\"><img loading=\"lazy\" decoding=\"async\" src=\"https:\/\/www.cp-rup.com\/wp-content\/uploads\/2018\/09\/MAD-Foto-tejido-productivo-2-1200x400.jpg\" height=\"400\" width=\"1200\" alt=\"\" class=\"slider-1888 slide-2796\" \/><\/li>\n            <\/ul>\n        <\/div>\n        \n    <\/div>\n<\/div>\n<p>&nbsp;<\/p>\n<p>&nbsp;<\/p>\n","protected":false},"excerpt":{"rendered":"<p>&nbsp; Com um espa\u00e7o natural muito variado e rico, mar e montanha, a Regi\u00e3o Aut\u00f3noma da Madeira \u00e9 uma Regi\u00e3o Ultraperif\u00e9rica reconhecida pela sua vasta biodiversidade. Na tranquilidade da natureza s\u00e3o oferecidas experi\u00eancias deslumbrantes, seja a fazer \u201clevadas\u201d, que s\u00e3o caminhadas junto a canais de irriga\u00e7\u00e3o que transportam \u00e1gua das montanhas, a jogar golfe ou [&hellip;]<\/p>\n","protected":false},"author":45,"featured_media":2334,"parent":13,"menu_order":0,"comment_status":"closed","ping_status":"closed","template":"page-region-detail.php","meta":{"_acf_changed":false,"footnotes":"","_links_to":"","_links_to_target":""},"class_list":["post-19","page","type-page","status-publish","has-post-thumbnail","hentry"],"acf":[],"_links":{"self":[{"href":"https:\/\/www.cp-rup.com\/pt\/wp-json\/wp\/v2\/pages\/19","targetHints":{"allow":["GET"]}}],"collection":[{"href":"https:\/\/www.cp-rup.com\/pt\/wp-json\/wp\/v2\/pages"}],"about":[{"href":"https:\/\/www.cp-rup.com\/pt\/wp-json\/wp\/v2\/types\/page"}],"author":[{"embeddable":true,"href":"https:\/\/www.cp-rup.com\/pt\/wp-json\/wp\/v2\/users\/45"}],"replies":[{"embeddable":true,"href":"https:\/\/www.cp-rup.com\/pt\/wp-json\/wp\/v2\/comments?post=19"}],"version-history":[{"count":52,"href":"https:\/\/www.cp-rup.com\/pt\/wp-json\/wp\/v2\/pages\/19\/revisions"}],"predecessor-version":[{"id":5820,"href":"https:\/\/www.cp-rup.com\/pt\/wp-json\/wp\/v2\/pages\/19\/revisions\/5820"}],"up":[{"embeddable":true,"href":"https:\/\/www.cp-rup.com\/pt\/wp-json\/wp\/v2\/pages\/13"}],"wp:featuredmedia":[{"embeddable":true,"href":"https:\/\/www.cp-rup.com\/pt\/wp-json\/wp\/v2\/media\/2334"}],"wp:attachment":[{"href":"https:\/\/www.cp-rup.com\/pt\/wp-json\/wp\/v2\/media?parent=19"}],"curies":[{"name":"wp","href":"https:\/\/api.w.org\/{rel}","templated":true}]}}