{"id":21,"date":"2017-09-20T08:45:02","date_gmt":"2017-09-20T08:45:02","guid":{"rendered":"http:\/\/rup.dev\/?page_id=21"},"modified":"2021-03-19T17:04:02","modified_gmt":"2021-03-19T17:04:02","slug":"guadalupe","status":"publish","type":"page","link":"https:\/\/www.cp-rup.com\/pt\/regioes-ultraperifericas\/guadalupe\/","title":{"rendered":"Guadalupe"},"content":{"rendered":"<h3 style=\"text-align: center;\">Descri\u00e7\u00e3o territorial e geopol\u00edtica<\/h3>\n<p>&nbsp;<\/p>\n<p>Localizado no arco das Antilhas, a cerca de 6.762 quil\u00f3metros da Fran\u00e7a metropolitana, Guadalupe \u00e9 um arquip\u00e9lago com 1.628 km\u00b2 composto por seis ilhas habitadas, cada uma com as suas pr\u00f3prias singularidades: Grande-Terre, Basse-Terre, Marie Galante, Les Saintes, D\u00e9sirade.<\/p>\n<p>A diversidade do seu patrim\u00f3nio natural \u00e9 a maior riqueza do arquip\u00e9lago. Do Soufri\u00e8re, o vulc\u00e3o mais alto das Pequenas Antilhas, e os seus maci\u00e7os florestais at\u00e9 \u00e0s ilhas de mangue de Grand Cul-de-Sac Marin, Guadalupe \u00e9 um centro de biodiversidade. A exist\u00eancia do Parque Nacional de Guadalupe, designado como Reserva de Biosfera pela UNESCO, tamb\u00e9m lhe confere um reconhecimento internacional.<\/p>\n<p>Com uma grande diversidade de povos e culturas, ao longo da sua hist\u00f3ria, o arquip\u00e9lago de Guadalupe \u00e9 marcado por uma multiplicidade cultural que tem contribu\u00eddo para a constru\u00e7\u00e3o da sua identidade. Esta identidade baseia-se numa s\u00e9rie de usos e costumes, como a m\u00fasica Gwo-ka, declarada Patrim\u00f3nio Cultural Imaterial da Humanidade, o Carnaval, e as diferentes cerim\u00f3nias das comunidades que a constituem: indiana, libanesa e haitiana. O arquip\u00e9lago destaca-se pela sua exuber\u00e2ncia e abund\u00e2ncia cultural, desde a m\u00fasica \u00e0 pintura, passando pela literatura.<\/p>\n<p>Com o seu aeroporto internacional P\u00f4le Cara\u00efbes, que liga o arquip\u00e9lago com as Am\u00e9ricas, as Cara\u00edbas e a Europa, Guadalupe est\u00e1 aberta ao mundo e ao com\u00e9rcio. Com quase 2,4 milh\u00f5es de passageiros em 2017, o aeroporto aproxima-se do seu objetivo, que consiste em tornar-se o centro europeu de tr\u00e1fego das Cara\u00edbas. Atualmente, est\u00e1 em fase de expans\u00e3o, com a extens\u00e3o da pista e do terminal. O Grande Porto de Guadalupe, o sexto porto franc\u00eas para contentores, contribui para a cria\u00e7\u00e3o de riqueza e com\u00e9rcio ao n\u00edvel local.<\/p>\n<p>Guadalupe, uma regi\u00e3o ultraperif\u00e9rica francesa, afirma a sua posi\u00e7\u00e3o estrat\u00e9gica estabelecendo-se como uma ponte entre as Cara\u00edbas e a Europa. O arquip\u00e9lago projetou-se, \u00e0 escala nacional e internacional, ao receber, em 2017, 649.891 turistas. Guadalupe \u00e9 um destino de cruzeiros com grande potencial: o projeto Karukera Bay atesta isso mesmo, uma vez que pretende expandir os cais de cruzeiro para acolher navios maiores, mas tamb\u00e9m para facilitar o acesso e rece\u00e7\u00e3o de turistas gra\u00e7as a uma marina, restaurantes e uma avenida pedonal.<\/p>\n<p>Jarry, a terceira maior zona industrial da Fran\u00e7a e centro econ\u00f3mico da ilha, contribui para o desenvolvimento do territ\u00f3rio com 15.000 postos de trabalho, contudo, Guadalupe tamb\u00e9m est\u00e1 a passar por grandes dificuldades econ\u00f3micas. Uma das suas prioridades \u00e9 impulsionar a atividade econ\u00f3mica atrav\u00e9s da investiga\u00e7\u00e3o e da inova\u00e7\u00e3o, o apoio \u00e0s empresas, e o desenvolvimento de viveiros. A outra prioridade \u00e9 formar jovens para as profiss\u00f5es do futuro, o que tamb\u00e9m garantir\u00e1 a atratividade do territ\u00f3rio. Como tal, a Regi\u00e3o de Guadalupe apoia, particularmente, o crescimento verde e azul, as energias renov\u00e1veis, o desenvolvimento de oferta tur\u00edstica com a Universidade das Antilhas, os transportes, o desporto atrav\u00e9s do centro de excel\u00eancia CREPS, e tem vindo a empenhar-se na estrutura\u00e7\u00e3o de uma ind\u00fastria audiovisual e cinematogr\u00e1fica.<\/p>\n<p>O arquip\u00e9lago de Guadalupe \u00e9, sem d\u00favida, uma terra de desporto onde emergem campe\u00f5es do futuro, apoiando-se em pontos fortes como: adeptos das atividades desportivas, o aumento de equipamentos de qualidade em todo o territ\u00f3rio e treinadores com forma\u00e7\u00e3o e dinamismo. Guadalupe tamb\u00e9m \u00e9 palco para grandes eventos desportivos como <em>La Route Du Rhum Destination Guadeloupe<\/em>, <em>Karujet<\/em> (Campeonato Internacional de Jet-Ski), <em>Traditour<\/em>, Campeonato Internacional de Golfe, a Ta\u00e7a Davis em 2016, torneios internacionais de basquetebol e andebol, entre outros.<\/p>\n<ul>\n<li>Guadalupe<\/li>\n<li>Capital: Basse Terre<\/li>\n<li>Popula\u00e7\u00e3o: 393.640 Crescimento demogr\u00e1fico: &#8211; 0.3 \/ ano<\/li>\n<li>Superf\u00edcie: 1628,4 km\u00b2<\/li>\n<li>Densidade: 243,1 habitantes \/ km<sup>2 <\/sup><\/li>\n<li>PIB 2016: 8,8 M\u20ac<\/li>\n<li>PIB per capita 2016: 22.121 \u20ac<\/li>\n<li>Taxa de desemprego 2014: 24\u00a0%<\/li>\n<li>Esperan\u00e7a de vida: 83.5 anos (mulheres) \/ 77 anos (homens)<\/li>\n<li>Taxa de natalidade: 12.9<\/li>\n<li>Taxa de fecundidade: 2,18 filhos \/ mulher<\/li>\n<li>Taxa de mortalidade: 7,1<\/li>\n<\/ul>\n<p>Fonte: Insee<\/p>\n<p>&nbsp;<\/p>\n\t<div class=\"rup_main_map__wrapper position-relative\">\n\t\t<div id=\"rup_main_map\" class=\"position-static\" style=\"background-image: url('https:\/\/www.cp-rup.com\/wp-content\/themes\/rup\/img\/MapaSVGCPRUP.svg');\">\n            <a href=\"https:\/\/www.cp-rup.com\/pt\/regioes-ultraperifericas\/acores\/\">\n\t\t\t\t<div class=\"map-marker--wrapper azores\" style=\"top: 35%; left: 39.7%;\">\n\t\t\t\t\t<div class=\"hover_title Azores\"> A\u00e7ores <\/div>\n\t\t\t\t\t<div class=\"map-marker  Azores\" title=\"A\u00e7ores\"><\/div>\n\t\t\t\t<\/div>\n\t\t\t<\/a>\n            <a href=\"https:\/\/www.cp-rup.com\/pt\/regioes-ultraperifericas\/madeira\/\">\n\t\t\t\t<div class=\"map-marker--wrapper madeira\" style=\"top: 40%; left: 40.1%;\">\n\t\t\t\t\t<div class=\"hover_title Madeira\"> Madeira <\/div>\n\t\t\t\t\t<div class=\"map-marker  Madeira\" title=\"Madeira\"><\/div>\n\t\t\t\t<\/div>\n\t\t\t<\/a>\n            <a href=\"https:\/\/www.cp-rup.com\/pt\/regioes-ultraperifericas\/canarias\/\">\n\t\t\t\t<div class=\"map-marker--wrapper canarias\" style=\"top: 44%; left: 40.5%;\">\n\t\t\t\t\t<div class=\"hover_title Canarias\"> Canarias <\/div>\n\t\t\t\t\t<div class=\"map-marker  Canarias\" title=\"Canarias\"><\/div>\n\t\t\t\t<\/div>\n\t\t\t<\/a>\n            <a href=\"https:\/\/www.cp-rup.com\/pt\/regioes-ultraperifericas\/saint-martin\/\">\n\t\t\t\t<div class=\"map-marker--wrapper saint-martin\" style=\"top: 46%; left: 30.7%;\">\n\t\t\t\t\t<div class=\"hover_title San_Martin\"> Saint-Martin <\/div>\n\t\t\t\t\t<div class=\"map-marker  San_Martin\" title=\"Saint-Martin\"><\/div>\n\t\t\t\t<\/div>\n\t\t\t<\/a>\n            <a href=\"https:\/\/www.cp-rup.com\/pt\/regioes-ultraperifericas\/guadalupe\/\">\n\t\t\t\t<div class=\"map-marker--wrapper guadeloupe\" style=\"top: 48%; left: 31.7%;\">\n\t\t\t\t\t<div class=\"hover_title Guadalupe\"> Guadeloupe <\/div>\n\t\t\t\t\t<div class=\"map-marker map-marker--selected Guadalupe\" title=\"Guadeloupe\"><\/div>\n\t\t\t\t<\/div>\n\t\t\t<\/a>\n            <a href=\"https:\/\/www.cp-rup.com\/pt\/regioes-ultraperifericas\/martinica\/\">\n\t\t\t\t<div class=\"map-marker--wrapper martinica\" style=\"top: 51%; left: 31.7%;\">\n\t\t\t\t\t<div class=\"hover_title Martinica\" style=\"top: 5px !important;\"> Martinique <\/div>\n\t\t\t\t\t<div class=\"map-marker  Martinica\" title=\"Martinique\"><\/div>\n\t\t\t\t<\/div>\n\t\t\t<\/a>\n            <a href=\"https:\/\/www.cp-rup.com\/pt\/regioes-ultraperifericas\/guiana-francesa\/\">\n\t\t\t\t<div class=\"map-marker--wrapper guayana\" style=\"top: 55.2%; left: 32.2%;\">\n\t\t\t\t\t<div class=\"hover_title Guayana_Francesa\"> Guyane <\/div>\n\t\t\t\t\t<div class=\"map-marker  Guayana_Francesa\" title=\"Guyane\"><\/div>\n\t\t\t\t<\/div>\n\t\t\t<\/a>\n\t\t\t\t\n\t\t\t\n            <a href=\"https:\/\/www.cp-rup.com\/pt\/regioes-ultraperifericas\/maiote\/\">\n\t\t\t\t<div class=\"map-marker--wrapper mayotte\" style=\"top: 67%; left: 52.7%;\">\n\t\t\t\t\t<div class=\"hover_title Mayotte\"> Mayotte <\/div>\n\t\t\t\t\t<div class=\"map-marker  Mayotte\" title=\"Mayotte\"><\/div>\n\t\t\t\t<\/div>\n\t\t\t<\/a>\n            <a href=\"https:\/\/www.cp-rup.com\/pt\/regioes-ultraperifericas\/reuniao\/\">\n\t\t\t\t<div class=\"map-marker--wrapper reunion\" style=\"top: 72%; left: 55.2%;\">\n\t\t\t\t\t<div class=\"hover_title La_Reunion\"> R\u00e9union <\/div>\n\t\t\t\t\t<div class=\"map-marker  La_Reunion\" title=\"R\u00e9union\"><\/div>\n\t\t\t\t<\/div>\n\t\t\t<\/a>\n\t\t<\/div>\n\t<\/div>\n\n\t<style>\n\t.rup_main_map__wrapper:hover .hover_title {\n\t\topacity:1;\n\t}\n\t\n\t.hover_title {\n\t\tposition: absolute;\n\t\topacity:0;\n\t\ttransition: 0.15s opacity ease-in-out;\n\t\tbackground: rgba(255,255,255,0.75);\n\t\tborder-radius: 5px;\n\t\twidth: 60px;\n\t\tfont-size: 10px;\n\t}\n\n\t\t.hover_title:hover + .map-marker{\n\t\t\tanimation-name: animated-map-marker;\n\t\t\tanimation-duration: 0.5s;\n\t\t\tanimation-iteration-count: infinite;\n\t\t\tanimation-direction: alternate;\n\t\t}\n\t<\/style>\n\t<script>\n\tvar azores = jQuery('.map-marker[title=\"A\u00e7ores\"]');\n\tvar madeira = jQuery('.map-marker[title=\"Madeira\"]');\n\tvar canarias = jQuery('.map-marker[title=\"Canarias\"]');\n\tvar saint_martin = jQuery('.map-marker[title=\"Saint-Martin\"]');\n\tvar guadeloupe = jQuery('.map-marker[title=\"Guadeloupe\"]');\n\tvar martinique = jQuery('.map-marker[title=\"Martinique\"]');\n\tvar guyane = jQuery('.map-marker[title=\"Guyane\"]');\n\tvar mayotte = jQuery('.map-marker[title=\"Mayotte\"]');\n\tvar la_reunion  = jQuery('.map-marker[title=\"R\u00e9union\"]');\n\tvar rup = [ azores, madeira, canarias, mayotte, la_reunion, guyane, martinique, guadeloupe, saint_martin ];\n\tvar speed = 500;\n\tvar animation_from = {opacity: 0.25};\n\tvar animation_to = {opacity: 1};\n\tvar animation_easing = \"swing\";\n\t\n\tfunction animate(index){\n\t\trup[index].animate(animation_from, speed, animation_easing, function(){\n\t\t\trup[index].animate(animation_to, speed, animation_easing, function(){\n\t\t\t\tanimate((index+1) % rup.length);\n\t\t\t});\n\t\t});\n\t}\n\n\tanimate(0);\n\t\n\t<\/script>\n\t\n<p>&nbsp;<\/p>\n<h3 style=\"text-align: center;\">Tecido produtivo<\/h3>\n<p>&nbsp;<\/p>\n<p>A Guadalupe possui uma economia moderna que tem vindo a mudar, de forma gradual, desde o in\u00edcio dos anos 90. Os setores tradicionalmente predominantes, como a agricultura, o pequeno com\u00e9rcio e a constru\u00e7\u00e3o, t\u00eam sido substitu\u00eddos por um setor privado din\u00e2mico, dominado principalmente pelos servi\u00e7os.<\/p>\n<p>A ilha tem quase 40.000 empresas, que empregam a cerca de 47.000 pessoas.<\/p>\n<p>Com base num novo modelo econ\u00f3mico, a Guadalupe zela por um desenvolvimento sustent\u00e1vel e equilibrado do territ\u00f3rio, com a ambi\u00e7\u00e3o de atuar agora para preparar o melhor para o futuro. De facto, a regi\u00e3o est\u00e1 entre as regi\u00f5es francesas com os melhores n\u00edveis em termos de cria\u00e7\u00e3o de empresas, na sua maioria empresas muito pequenas, com uma m\u00e9dia de cerca de 5.000 empresas por ano.<\/p>\n<p>Apoiados por um forte compromisso com o desenvolvimento do crescimento verde e azul, a agricultura, a pecu\u00e1ria e a pesca s\u00e3o setores-chave que devem ser preservados e modernizados. Empregam 12% da popula\u00e7\u00e3o ativa da regi\u00e3o e contribuem com 6% do produto bruto regional. A agricultura tem por base dois pilares tradicionais: a cultura da cana-de-a\u00e7\u00facar e da banana.<\/p>\n<p>A ind\u00fastria do turismo tem sido favor\u00e1vel nos \u00faltimos seis anos, com o n\u00famero de est\u00e2ncias tur\u00edsticas a aumentar.<\/p>\n<p>N\u00e3o obstante, a dif\u00edcil situa\u00e7\u00e3o econ\u00f3mica de Guadalupe reflete-se em dois n\u00fameros significativos: a taxa de desemprego (23,7% da popula\u00e7\u00e3o ativa em 2015) e a taxa de cobertura das importa\u00e7\u00f5es pelas exporta\u00e7\u00f5es (6% em 1996); Guadalupe \u00e9 a segunda regi\u00e3o mais afetada pelo desemprego na Uni\u00e3o Europeia.<\/p>\n<h3 style=\"text-align: center;\">Turismo<\/h3>\n<p>&nbsp;<\/p>\n<p>Atualmente o turismo \u00e9 um setor-chave da economia de Guadalupe.<\/p>\n<p>O turismo tem aumentado consideravelmente nos \u00faltimos seis anos, com 720.304 turistas, incluindo 234.304 turistas de cruzeiro. Em 2016, os visitantes gastaram mais de 600 milh\u00f5es de euros no arquip\u00e9lago, impulsionando desta forma a economia local.<\/p>\n<p>Em 2017, a ocupa\u00e7\u00e3o hoteleira foi excelente, com um aumento de 25% face a 2016. A promo\u00e7\u00e3o p\u00fablica traduz-se, de uma forma geral, por uma aten\u00e7\u00e3o especial aos equipamentos, mas tamb\u00e9m na forma de ajudas diretas \u00e0 renova\u00e7\u00e3o do parque hoteleiro, ajudas \u00e0s pequenas estruturas de alojamento e aten\u00e7\u00e3o ao desenvolvimento do turismo de sa\u00fade, liderado pelo Hotel Arawak e pelo futuro centro de talassoterapia de Moule.<\/p>\n<p>A abertura de novas rotas a\u00e9reas, como Pointe \u00e0 Pitre-Montreal ou Pointe \u00e0 Pitre-Atlanta, bem como a chegada de novas companhias a\u00e9reas como a Level ou a Norwegian, favorecem a acessibilidade e a atratividade do territ\u00f3rio e alavancam o objetivo regional de atingir um milh\u00e3o de turistas, 1.000 milh\u00f5es de euros de fatura\u00e7\u00e3o (volume de neg\u00f3cio) e 1.000 novos postos de trabalho at\u00e9 2020.<\/p>\n<p><strong>\u00a0<\/strong>\t\t<div class=\"col-12 mb-5\">\n\t\t\t<div class=\"row widget_picture_with_floating_text\">\n\t\t\t\t<div class=\"col-8  widget_picture_with_floating_text__picture\" style=\"background-image: url('https:\/\/cp-rup.com\/wp-content\/uploads\/2018\/09\/GUA-4Les-Saintes.jpeg');\"><\/div>\n\t\t\t\t<div class=\"col-6 widget_picture_with_floating_text__text widget_picture_with_floating_text__text--right\">\n\t\t\t\t\t<h3><\/h3>\n\t\t\t\t\t<p>A abertura de novas rotas a\u00e9reas, como Pointe \u00e0 Pitre-Montreal ou Pointe \u00e0 Pitre-Atlanta, bem como a chegada de novas companhias a\u00e9reas como a Level ou a Norwegian, favorecem a acessibilidade e a atratividade do territ\u00f3rio.\u00a0 <\/p>\n\t\t\t\t<\/div>\n\t\t\t<\/div>\n\t\t<\/div>\n\n<\/p>\n<h3 style=\"text-align: center;\">Transportes<\/h3>\n<p>&nbsp;<\/p>\n<p>Seja por via terrestre, a\u00e9rea ou mar\u00edtima, o transporte tem um lugar dominante na Guadalupe, j\u00e1 que o arquip\u00e9lago \u00e9 formado por seis ilhas principais. Devido ao desenvolvimento dos espa\u00e7os urbanos e ao aumento do n\u00famero de ve\u00edculos nas estradas, os pontos de congestionamento durante as horas de ponta multiplicam-se e intensificam-se. Nesse sentido, est\u00e3o a ser feitas importantes obras de desenvolvimento de estradas para melhoria da rede.<\/p>\n<p>Al\u00e9m disso, importa destacar que foi criada uma rede de autocarros urbanos com um alto n\u00edvel de servi\u00e7o em TCSP (Transporte Coletivo em S\u00edtio Pr\u00f3prio) para facilitar as viagens entre os diferentes munic\u00edpios.<\/p>\n<p>Para descongestionar a rede vi\u00e1ria, a explora\u00e7\u00e3o das rotas mar\u00edtimas \u00e9 uma solu\u00e7\u00e3o \u00f3bvia. O projeto &#8220;Bus De Mer&#8221;, que dever\u00e1 ser lan\u00e7ado em finais de 2018, permitir\u00e1 a desloca\u00e7\u00e3o dos habitantes de Grande-Terre e Basse-Terre ao centro da ilha, bem como a sua interliga\u00e7\u00e3o.<\/p>\n\t\t<div class=\"col-12 mb-5\">\n\t\t\t<div class=\"row widget_picture_with_floating_text\">\n\t\t\t\t<div class=\"col-8 offset-4 widget_picture_with_floating_text__picture\" style=\"background-image: url('https:\/\/cp-rup.com\/wp-content\/uploads\/2018\/09\/GUA-1-e1536150349976.jpeg');\"><\/div>\n\t\t\t\t<div class=\"col-6 widget_picture_with_floating_text__text widget_picture_with_floating_text__text--left\">\n\t\t\t\t\t<h3><\/h3>\n\t\t\t\t\t<p>Seja por via terrestre, a\u00e9rea ou mar\u00edtima, o transporte tem um lugar dominante na Guadalupe, j\u00e1 que o arquip\u00e9lago \u00e9 formado por seis ilhas principais.\u00a0 <\/p>\n\t\t\t\t<\/div>\n\t\t\t<\/div>\n\t\t<\/div>\n\n\n<h3 style=\"text-align: center;\">Energias renov\u00e1veis<\/h3>\n<p>&nbsp;<\/p>\n<p>Devido \u00e0 sua localiza\u00e7\u00e3o, o arquip\u00e9lago beneficia de v\u00e1rios recursos energ\u00e9ticos locais que lhe permitem substituir completamente as fontes de energia f\u00f3ssil: a geot\u00e9rmica, que representa 4,69%, \u00e9 produzida pela Central de Bouillante, primeira central de produ\u00e7\u00e3o de eletricidade industrial na Fran\u00e7a; e a biomassa, que hoje representa 2,78%.<\/p>\n<p>Guadalupe pretende afirmar-se como uma refer\u00eancia em termos de energia com o objetivo de atingir 50% das energias renov\u00e1veis at\u00e9 2030 e aperfei\u00e7oar a sua transi\u00e7\u00e3o energ\u00e9tica ao conseguir uma autonomia energ\u00e9tica em 2050. Esse desejo \u00e9 ilustrado, em particular, pela instala\u00e7\u00e3o do maior parque e\u00f3lico das Antilhas francesas, o <em>Multi-m\u00e9gawatt,<\/em> no norte de Basse Terre. Al\u00e9m disso, os esfor\u00e7os levaram ao aumento da produ\u00e7\u00e3o de energia renov\u00e1vel para 17,59% e ao aumento do n\u00famero de instala\u00e7\u00f5es.<\/p>\n<p>&nbsp;<\/p>\n\t\t<div class=\"col-12 mb-5\">\n\t\t\t<div class=\"row widget_picture_with_floating_text\">\n\t\t\t\t<div class=\"col-8  widget_picture_with_floating_text__picture\" style=\"background-image: url('https:\/\/cp-rup.com\/wp-content\/uploads\/2018\/09\/GUA-13.jpg');\"><\/div>\n\t\t\t\t<div class=\"col-6 widget_picture_with_floating_text__text widget_picture_with_floating_text__text--right\">\n\t\t\t\t\t<h3>Agricultura<\/h3>\n\t\t\t\t\t<p>Apoiados por um forte compromisso com o desenvolvimento do crescimento verde e azul, a agricultura, a pecu\u00e1ria e a pesca s\u00e3o setores-chave que devem ser preservados e modernizados.<\/p>\n\t\t\t\t<\/div>\n\t\t\t<\/div>\n\t\t<\/div>\n\n\n<p>&nbsp;<\/p>\n<h3 style=\"text-align: center;\">Guadalupe em fotos<\/h3>\n<p>&nbsp;<\/p>\n<div id=\"metaslider-id-1096\" style=\"width: 100%; margin: 0 auto;\" class=\"ml-slider-3-20-3 metaslider metaslider-flex metaslider-1096 ml-slider\">\n    <div id=\"metaslider_container_1096\">\n        <div id=\"metaslider_1096\">\n            <ul aria-live=\"polite\" class=\"slides\">\n                <li style=\"display: none; width: 100%;\" class=\"slide-2734 ms-image\"><img loading=\"lazy\" decoding=\"async\" src=\"https:\/\/www.cp-rup.com\/wp-content\/uploads\/2018\/09\/GUA-9-1-1200x400.jpg\" height=\"400\" width=\"1200\" alt=\"\" class=\"slider-1096 slide-2734\" \/><\/li>\n                <li style=\"display: none; width: 100%;\" class=\"slide-2735 ms-image\"><img loading=\"lazy\" decoding=\"async\" src=\"https:\/\/www.cp-rup.com\/wp-content\/uploads\/2018\/09\/GUA-8-Panorama-2-e1536147709874-1200x400.jpg\" height=\"400\" width=\"1200\" alt=\"\" class=\"slider-1096 slide-2735\" \/><\/li>\n                <li style=\"display: none; width: 100%;\" class=\"slide-2736 ms-image\"><img loading=\"lazy\" decoding=\"async\" src=\"https:\/\/www.cp-rup.com\/wp-content\/uploads\/2018\/09\/GUA-6-1200x400.jpeg\" height=\"400\" width=\"1200\" alt=\"\" class=\"slider-1096 slide-2736\" \/><\/li>\n                <li style=\"display: none; width: 100%;\" class=\"slide-2737 ms-image\"><img loading=\"lazy\" decoding=\"async\" src=\"https:\/\/www.cp-rup.com\/wp-content\/uploads\/2018\/09\/GUA-3-1200x400.jpg\" height=\"400\" width=\"1200\" alt=\"\" class=\"slider-1096 slide-2737\" \/><\/li>\n                <li style=\"display: none; width: 100%;\" class=\"slide-2738 ms-image\"><img loading=\"lazy\" decoding=\"async\" src=\"https:\/\/www.cp-rup.com\/wp-content\/uploads\/2018\/09\/GUA-4Les-Saintes-1200x400.jpeg\" height=\"400\" width=\"1200\" alt=\"\" class=\"slider-1096 slide-2738\" \/><\/li>\n                <li style=\"display: none; width: 100%;\" class=\"slide-2739 ms-image\"><img loading=\"lazy\" decoding=\"async\" src=\"https:\/\/www.cp-rup.com\/wp-content\/uploads\/2018\/09\/GUA-11-e1536147504950-1200x400.jpg\" height=\"400\" width=\"1200\" alt=\"\" class=\"slider-1096 slide-2739\" \/><\/li>\n                <li style=\"display: none; width: 100%;\" class=\"slide-2743 ms-image\"><img loading=\"lazy\" decoding=\"async\" src=\"https:\/\/www.cp-rup.com\/wp-content\/uploads\/2018\/09\/GUA-13-1024x341.jpg\" height=\"400\" width=\"1200\" alt=\"\" class=\"slider-1096 slide-2743\" \/><\/li>\n            <\/ul>\n        <\/div>\n        \n    <\/div>\n<\/div>\n","protected":false},"excerpt":{"rendered":"<p>Descri\u00e7\u00e3o territorial e geopol\u00edtica &nbsp; Localizado no arco das Antilhas, a cerca de 6.762 quil\u00f3metros da Fran\u00e7a metropolitana, Guadalupe \u00e9 um arquip\u00e9lago com 1.628 km\u00b2 composto por seis ilhas habitadas, cada uma com as suas pr\u00f3prias singularidades: Grande-Terre, Basse-Terre, Marie Galante, Les Saintes, D\u00e9sirade. A diversidade do seu patrim\u00f3nio natural \u00e9 a maior riqueza do [&hellip;]<\/p>\n","protected":false},"author":45,"featured_media":2728,"parent":13,"menu_order":0,"comment_status":"closed","ping_status":"closed","template":"page-region-detail.php","meta":{"_acf_changed":false,"footnotes":"","_links_to":"","_links_to_target":""},"class_list":["post-21","page","type-page","status-publish","has-post-thumbnail","hentry"],"acf":[],"_links":{"self":[{"href":"https:\/\/www.cp-rup.com\/pt\/wp-json\/wp\/v2\/pages\/21","targetHints":{"allow":["GET"]}}],"collection":[{"href":"https:\/\/www.cp-rup.com\/pt\/wp-json\/wp\/v2\/pages"}],"about":[{"href":"https:\/\/www.cp-rup.com\/pt\/wp-json\/wp\/v2\/types\/page"}],"author":[{"embeddable":true,"href":"https:\/\/www.cp-rup.com\/pt\/wp-json\/wp\/v2\/users\/45"}],"replies":[{"embeddable":true,"href":"https:\/\/www.cp-rup.com\/pt\/wp-json\/wp\/v2\/comments?post=21"}],"version-history":[{"count":103,"href":"https:\/\/www.cp-rup.com\/pt\/wp-json\/wp\/v2\/pages\/21\/revisions"}],"predecessor-version":[{"id":5805,"href":"https:\/\/www.cp-rup.com\/pt\/wp-json\/wp\/v2\/pages\/21\/revisions\/5805"}],"up":[{"embeddable":true,"href":"https:\/\/www.cp-rup.com\/pt\/wp-json\/wp\/v2\/pages\/13"}],"wp:featuredmedia":[{"embeddable":true,"href":"https:\/\/www.cp-rup.com\/pt\/wp-json\/wp\/v2\/media\/2728"}],"wp:attachment":[{"href":"https:\/\/www.cp-rup.com\/pt\/wp-json\/wp\/v2\/media?parent=21"}],"curies":[{"name":"wp","href":"https:\/\/api.w.org\/{rel}","templated":true}]}}