{"id":23,"date":"2017-09-20T08:45:13","date_gmt":"2017-09-20T08:45:13","guid":{"rendered":"http:\/\/rup.dev\/?page_id=23"},"modified":"2021-03-19T17:08:16","modified_gmt":"2021-03-19T17:08:16","slug":"guiana-francesa","status":"publish","type":"page","link":"https:\/\/www.cp-rup.com\/pt\/regioes-ultraperifericas\/guiana-francesa\/","title":{"rendered":"Guiana Francesa"},"content":{"rendered":"<h1 style=\"text-align: center;\">Guiana Francesa: dos rios \u00e0s estrelas<\/h1>\n<p>&nbsp;<\/p>\n<p>Um enclave franc\u00eas na Am\u00e9rica do Sul, a Guiana \u00e9 o maior departamento ultramarino.<\/p>\n<p>Uma terra de potencial, esta regi\u00e3o aut\u00eantica e din\u00e2mica transborda vida em todas as suas formas.<\/p>\n<p>Ao percorrer este territ\u00f3rio ir\u00e1 ao encontro do seu mosaico de povos e da sua diversidade cultural que combina tradi\u00e7\u00f5es e saber.<\/p>\n<p>Com a sua floresta amaz\u00f3nica majestosa, misteriosa e \u00fanica no mundo, a Guiana possui os segredos da biodiversidade.<\/p>\n<p>\u00c9, tamb\u00e9m, uma terra de inova\u00e7\u00e3o onde o seu centro espacial ultramoderno \u00e9 uma base de lan\u00e7amento de foguet\u00f5es europeus como o Ariane, o Soyouz e o Vega.<\/p>\n<p>Uma ponte sobre o rio Oiapoque une, atrav\u00e9s da Guiana, a Fran\u00e7a com o Brasil, a Am\u00e9rica do Sul com a Europa.<\/p>\n<p>&nbsp;<\/p>\n\t<div class=\"rup_main_map__wrapper position-relative\">\n\t\t<div id=\"rup_main_map\" class=\"position-static\" style=\"background-image: url('https:\/\/www.cp-rup.com\/wp-content\/themes\/rup\/img\/MapaSVGCPRUP.svg');\">\n            <a href=\"https:\/\/www.cp-rup.com\/pt\/regioes-ultraperifericas\/acores\/\">\n\t\t\t\t<div class=\"map-marker--wrapper azores\" style=\"top: 35%; left: 39.7%;\">\n\t\t\t\t\t<div class=\"hover_title Azores\"> A\u00e7ores <\/div>\n\t\t\t\t\t<div class=\"map-marker  Azores\" title=\"A\u00e7ores\"><\/div>\n\t\t\t\t<\/div>\n\t\t\t<\/a>\n            <a href=\"https:\/\/www.cp-rup.com\/pt\/regioes-ultraperifericas\/madeira\/\">\n\t\t\t\t<div class=\"map-marker--wrapper madeira\" style=\"top: 40%; left: 40.1%;\">\n\t\t\t\t\t<div class=\"hover_title Madeira\"> Madeira <\/div>\n\t\t\t\t\t<div class=\"map-marker  Madeira\" title=\"Madeira\"><\/div>\n\t\t\t\t<\/div>\n\t\t\t<\/a>\n            <a href=\"https:\/\/www.cp-rup.com\/pt\/regioes-ultraperifericas\/canarias\/\">\n\t\t\t\t<div class=\"map-marker--wrapper canarias\" style=\"top: 44%; left: 40.5%;\">\n\t\t\t\t\t<div class=\"hover_title Canarias\"> Canarias <\/div>\n\t\t\t\t\t<div class=\"map-marker  Canarias\" title=\"Canarias\"><\/div>\n\t\t\t\t<\/div>\n\t\t\t<\/a>\n            <a href=\"https:\/\/www.cp-rup.com\/pt\/regioes-ultraperifericas\/saint-martin\/\">\n\t\t\t\t<div class=\"map-marker--wrapper saint-martin\" style=\"top: 46%; left: 30.7%;\">\n\t\t\t\t\t<div class=\"hover_title San_Martin\"> Saint-Martin <\/div>\n\t\t\t\t\t<div class=\"map-marker  San_Martin\" title=\"Saint-Martin\"><\/div>\n\t\t\t\t<\/div>\n\t\t\t<\/a>\n            <a href=\"https:\/\/www.cp-rup.com\/pt\/regioes-ultraperifericas\/guadalupe\/\">\n\t\t\t\t<div class=\"map-marker--wrapper guadeloupe\" style=\"top: 48%; left: 31.7%;\">\n\t\t\t\t\t<div class=\"hover_title Guadalupe\"> Guadeloupe <\/div>\n\t\t\t\t\t<div class=\"map-marker  Guadalupe\" title=\"Guadeloupe\"><\/div>\n\t\t\t\t<\/div>\n\t\t\t<\/a>\n            <a href=\"https:\/\/www.cp-rup.com\/pt\/regioes-ultraperifericas\/martinica\/\">\n\t\t\t\t<div class=\"map-marker--wrapper martinica\" style=\"top: 51%; left: 31.7%;\">\n\t\t\t\t\t<div class=\"hover_title Martinica\" style=\"top: 5px !important;\"> Martinique <\/div>\n\t\t\t\t\t<div class=\"map-marker  Martinica\" title=\"Martinique\"><\/div>\n\t\t\t\t<\/div>\n\t\t\t<\/a>\n            <a href=\"https:\/\/www.cp-rup.com\/pt\/regioes-ultraperifericas\/guiana-francesa\/\">\n\t\t\t\t<div class=\"map-marker--wrapper guayana\" style=\"top: 55.2%; left: 32.2%;\">\n\t\t\t\t\t<div class=\"hover_title Guayana_Francesa\"> Guyane <\/div>\n\t\t\t\t\t<div class=\"map-marker map-marker--selected Guayana_Francesa\" title=\"Guyane\"><\/div>\n\t\t\t\t<\/div>\n\t\t\t<\/a>\n\t\t\t\t\n\t\t\t\n            <a href=\"https:\/\/www.cp-rup.com\/pt\/regioes-ultraperifericas\/maiote\/\">\n\t\t\t\t<div class=\"map-marker--wrapper mayotte\" style=\"top: 67%; left: 52.7%;\">\n\t\t\t\t\t<div class=\"hover_title Mayotte\"> Mayotte <\/div>\n\t\t\t\t\t<div class=\"map-marker  Mayotte\" title=\"Mayotte\"><\/div>\n\t\t\t\t<\/div>\n\t\t\t<\/a>\n            <a href=\"https:\/\/www.cp-rup.com\/pt\/regioes-ultraperifericas\/reuniao\/\">\n\t\t\t\t<div class=\"map-marker--wrapper reunion\" style=\"top: 72%; left: 55.2%;\">\n\t\t\t\t\t<div class=\"hover_title La_Reunion\"> R\u00e9union <\/div>\n\t\t\t\t\t<div class=\"map-marker  La_Reunion\" title=\"R\u00e9union\"><\/div>\n\t\t\t\t<\/div>\n\t\t\t<\/a>\n\t\t<\/div>\n\t<\/div>\n\n\t<style>\n\t.rup_main_map__wrapper:hover .hover_title {\n\t\topacity:1;\n\t}\n\t\n\t.hover_title {\n\t\tposition: absolute;\n\t\topacity:0;\n\t\ttransition: 0.15s opacity ease-in-out;\n\t\tbackground: rgba(255,255,255,0.75);\n\t\tborder-radius: 5px;\n\t\twidth: 60px;\n\t\tfont-size: 10px;\n\t}\n\n\t\t.hover_title:hover + .map-marker{\n\t\t\tanimation-name: animated-map-marker;\n\t\t\tanimation-duration: 0.5s;\n\t\t\tanimation-iteration-count: infinite;\n\t\t\tanimation-direction: alternate;\n\t\t}\n\t<\/style>\n\t<script>\n\tvar azores = jQuery('.map-marker[title=\"A\u00e7ores\"]');\n\tvar madeira = jQuery('.map-marker[title=\"Madeira\"]');\n\tvar canarias = jQuery('.map-marker[title=\"Canarias\"]');\n\tvar saint_martin = jQuery('.map-marker[title=\"Saint-Martin\"]');\n\tvar guadeloupe = jQuery('.map-marker[title=\"Guadeloupe\"]');\n\tvar martinique = jQuery('.map-marker[title=\"Martinique\"]');\n\tvar guyane = jQuery('.map-marker[title=\"Guyane\"]');\n\tvar mayotte = jQuery('.map-marker[title=\"Mayotte\"]');\n\tvar la_reunion  = jQuery('.map-marker[title=\"R\u00e9union\"]');\n\tvar rup = [ azores, madeira, canarias, mayotte, la_reunion, guyane, martinique, guadeloupe, saint_martin ];\n\tvar speed = 500;\n\tvar animation_from = {opacity: 0.25};\n\tvar animation_to = {opacity: 1};\n\tvar animation_easing = \"swing\";\n\t\n\tfunction animate(index){\n\t\trup[index].animate(animation_from, speed, animation_easing, function(){\n\t\t\trup[index].animate(animation_to, speed, animation_easing, function(){\n\t\t\t\tanimate((index+1) % rup.length);\n\t\t\t});\n\t\t});\n\t}\n\n\tanimate(0);\n\t\n\t<\/script>\n\t\n<p>&nbsp;<\/p>\n<h3 style=\"text-align: center;\">Localiza\u00e7\u00e3o<\/h3>\n<p>Guiana est\u00e1 situada no nordeste da Am\u00e9rica do Sul, entre o Suriname e o Brasil. \u00c9 um departamento-regi\u00e3o ultramarino com uma superf\u00edcie de 83.853km\u00b2.<\/p>\n<p>\u00c9, assim, a segunda maior regi\u00e3o francesa a seguir \u00e0 Nova Aquit\u00e2nia, com uma popula\u00e7\u00e3o de 262.381 habitantes a 1 de janeiro de 2018.<\/p>\n<p>Est\u00e1 delimitada:<\/p>\n<ul>\n<li>A norte: pela costa que, no geral, \u00e9 plana e pantanosa e formada por terras sedimentares;<\/li>\n<li>A leste: pelo rio Oiapoque, entre Guiana e o Brasil;<\/li>\n<li>A oeste: pelo rio Maroni, que separa a Guiana do Suriname;<\/li>\n<li>A sul: pela fronteira com o Brasil que se materializa na linha divis\u00f3ria das \u00e1guas com a bacia amaz\u00f3nica.<\/li>\n<\/ul>\n<p>A Guiana possui 300km de costa, 520km de fronteira com o Suriname e 700km de fronteira com o Brasil.<\/p>\n<p>A capital do departamento \u00e9 Caiena e est\u00e1 situada a\u00a0 7.072km de Paris, a 5.000km do Rio de Janeiro e a 5.000Km de Nova Iorque.<\/p>\n<p>&nbsp;<\/p>\n<h3 style=\"text-align: center;\">Economia<\/h3>\n<p>Atualmente a Guiana possui v\u00e1rios setores econ\u00f3micos din\u00e2micos. Em primeiro lugar, a ind\u00fastria do espa\u00e7o &#8211; que continua a ser o principal motor da economia da Regi\u00e3o e que representa 15% do PIB do territ\u00f3rio, bem como 4.500 postos de trabalho em 2017. Em segundo lugar, segue-se o setor da constru\u00e7\u00e3o e das obras p\u00fablicas (BTP, em franc\u00eas). Ap\u00f3s um per\u00edodo moderado at\u00e9 2016, a reativa\u00e7\u00e3o da contrata\u00e7\u00e3o p\u00fablica est\u00e1 a revitalizar este setor.<\/p>\n<p>Estes s\u00e3o os pilares aos quais \u00e9 necess\u00e1rio adicionar outros motores. Assim, um processo de transforma\u00e7\u00e3o do tecido econ\u00f3mico \u00e9 atualmente impulsionado pela pol\u00edtica territorial, com a ajuda dos setores que t\u00eam como ponto comum aproveitar os recursos locais: o setor da madeira, as atividades mineiras e de extra\u00e7\u00e3o, o turismo, a agricultura e a pesca.<\/p>\n<p>Relativamente ao custo de vida, afetado pela oferta insuficiente e pela repercuss\u00e3o do custo da importa\u00e7\u00e3o, devem-se estabelecer motores para a cria\u00e7\u00e3o de riqueza e emprego com o objetivo de reduzir a depend\u00eancia econ\u00f3mica da Guiana.<\/p>\n<p>O consumo das fam\u00edlias e o investimento empresarial s\u00e3o direcionados como mostra a atividade banc\u00e1ria e a venda de autom\u00f3veis. No entanto, apesar de uma taxa de desemprego de 26%, segundo a OIT, desde 2017, o emprego tempor\u00e1rio e a tempo inteiro est\u00e3o de novo em crescimento.<\/p>\n<p>Em 2018, o n\u00famero de novas empresas continua a crescer e est\u00e1 a alcan\u00e7ar n\u00edveis recordes. A cria\u00e7\u00e3o de empresas individuais \u00e9 especialmente relevante. Este dinamismo \u00e9 comum a todos os setores de atividade.<\/p>\n<p>&nbsp;<\/p>\n\t\t<div class=\"col-12 mb-5\">\n\t\t\t<div class=\"row widget_picture_with_floating_text\">\n\t\t\t\t<div class=\"col-8  widget_picture_with_floating_text__picture\" style=\"background-image: url('https:\/\/cp-rup.com\/wp-content\/uploads\/2018\/10\/GUY-Spatial.jpg');\"><\/div>\n\t\t\t\t<div class=\"col-6 widget_picture_with_floating_text__text widget_picture_with_floating_text__text--right\">\n\t\t\t\t\t<h3>Sector Aeroespacial<\/h3>\n\t\t\t\t\t<p>A ind\u00fastria do espa\u00e7o, que continua a ser o principal motor da economia, representa 15% do PIB do territ\u00f3rio e 4500 postos de trabalho em 2017.<\/p>\n<p><\/p>\n\t\t\t\t<\/div>\n\t\t\t<\/div>\n\t\t<\/div>\n\n\n\t\t<div class=\"col-12 mb-5\">\n\t\t\t<div class=\"row widget_picture_with_floating_text\">\n\t\t\t\t<div class=\"col-8 offset-4 widget_picture_with_floating_text__picture\" style=\"background-image: url('https:\/\/cp-rup.com\/wp-content\/uploads\/2018\/10\/GUY-BATIMENT-DE-LA-CTG-03-1.jpg');\"><\/div>\n\t\t\t\t<div class=\"col-6 widget_picture_with_floating_text__text widget_picture_with_floating_text__text--left\">\n\t\t\t\t\t<h3>Constru\u00e7\u00e3o e Obras P\u00fablicas<\/h3>\n\t\t\t\t\t<p><\/p>\n<p>Ap\u00f3s um per\u00edodo moderado at\u00e9 2016, a reativa\u00e7\u00e3o da contrata\u00e7\u00e3o p\u00fablica est\u00e1 a revitalizar este setor.<\/p>\n<p><\/p>\n\t\t\t\t<\/div>\n\t\t\t<\/div>\n\t\t<\/div>\n\n\n<h3 style=\"text-align: center;\">Pol\u00edtica<\/h3>\n<p>A Guiana \u00e9 um departamento ultramarino desde 1946 e regi\u00e3o desde as leis de descentraliza\u00e7\u00e3o de 1982.<\/p>\n<p>Faz parte do sistema administrativo e pol\u00edtico franc\u00eas. O Estado \u00e9 representado no territ\u00f3rio pelo Prefeito Regional, respons\u00e1vel pelos interesses nacionais, cumprimento da lei, seguran\u00e7a e controle administrativo. O territ\u00f3rio da Guiana est\u00e1 dividido em dois distritos, Caiene e Saint Laurent du Maroni, que \u00e9 uma Subprefeitura.<\/p>\n<p>Desde 2016, a Guiana \u00e9 administrada localmente pela Coletividade Territorial de Guiana, onde cada projeto \u00e9 submetido a voto da Assembleia Territorial, composta por 51 conselheiros regionais, eleitos por um per\u00edodo de 6 anos.<\/p>\n<p>A n\u00edvel nacional, a Guiana \u00e9 representada por parlamentares, dois deputados e dois senadores.<\/p>\n<p>Como departamento-regi\u00e3o ultramarino, a Guiana \u00e9 uma Regi\u00e3o Ultraperif\u00e9rica da Uni\u00e3o Europeia. Como tal, beneficia de medidas espec\u00edficas destinadas a adaptar o direito comunit\u00e1rio, tendo em conta as caracter\u00edsticas e limita\u00e7\u00f5es espec\u00edficas dessas regi\u00f5es.<\/p>\n<h3 style=\"text-align: center;\">Guiana em fotos<\/h3>\n<p>&nbsp;<\/p>\n<h2><div id=\"metaslider-id-3626\" style=\"width: 100%; margin: 0 auto;\" class=\"ml-slider-3-20-3 metaslider metaslider-flex metaslider-3626 ml-slider\">\n    <div id=\"metaslider_container_3626\">\n        <div id=\"metaslider_3626\">\n            <ul aria-live=\"polite\" class=\"slides\">\n                <li style=\"display: none; width: 100%;\" class=\"slide-3627 ms-image\"><img loading=\"lazy\" decoding=\"async\" src=\"https:\/\/www.cp-rup.com\/wp-content\/uploads\/2018\/10\/GUY-FLEUVE-MARONI-01-1200x400.jpg\" height=\"400\" width=\"1200\" alt=\"\" class=\"slider-3626 slide-3627\" \/><div class=\"caption-wrap\"><div class=\"caption\">Fleuve Maroni <\/div><\/div><\/li>\n                <li style=\"display: none; width: 100%;\" class=\"slide-3628 ms-image\"><img loading=\"lazy\" decoding=\"async\" src=\"https:\/\/www.cp-rup.com\/wp-content\/uploads\/2018\/10\/GUY-FLEUVE-OYAPOCK-01-1200x400.jpg\" height=\"400\" width=\"1200\" alt=\"\" class=\"slider-3626 slide-3628\" \/><div class=\"caption-wrap\"><div class=\"caption\">Fleuve Oyapock<\/div><\/div><\/li>\n                <li style=\"display: none; width: 100%;\" class=\"slide-3629 ms-image\"><img loading=\"lazy\" decoding=\"async\" src=\"https:\/\/www.cp-rup.com\/wp-content\/uploads\/2018\/10\/GUY-FOR\u00caT-01-1200x400.jpg\" height=\"400\" width=\"1200\" alt=\"\" class=\"slider-3626 slide-3629\" \/><div class=\"caption-wrap\"><div class=\"caption\">Foret<\/div><\/div><\/li>\n                <li style=\"display: none; width: 100%;\" class=\"slide-3630 ms-image\"><img loading=\"lazy\" decoding=\"async\" src=\"https:\/\/www.cp-rup.com\/wp-content\/uploads\/2018\/10\/GUY-FLEUVE-OYAPOCK-02-1200x400.jpg\" height=\"400\" width=\"1200\" alt=\"\" class=\"slider-3626 slide-3630\" \/><div class=\"caption-wrap\"><div class=\"caption\">Fleuve Oyapock<\/div><\/div><\/li>\n                <li style=\"display: none; width: 100%;\" class=\"slide-3631 ms-image\"><img loading=\"lazy\" decoding=\"async\" src=\"https:\/\/www.cp-rup.com\/wp-content\/uploads\/2018\/10\/GUY-MER-\u00ceLES-DU-SALUT-03-1-1200x400.jpg\" height=\"400\" width=\"1200\" alt=\"\" class=\"slider-3626 slide-3631\" \/><div class=\"caption-wrap\"><div class=\"caption\">Mer Iles du Salut<\/div><\/div><\/li>\n                <li style=\"display: none; width: 100%;\" class=\"slide-3632 ms-image\"><img loading=\"lazy\" decoding=\"async\" src=\"https:\/\/www.cp-rup.com\/wp-content\/uploads\/2018\/10\/GUY-RIVIERE-LA-COMTE-02-1200x400.jpg\" height=\"400\" width=\"1200\" alt=\"\" class=\"slider-3626 slide-3632\" \/><div class=\"caption-wrap\"><div class=\"caption\">Riviere La Comte<\/div><\/div><\/li>\n            <\/ul>\n        <\/div>\n        \n    <\/div>\n<\/div><\/h2>\n<h2><\/h2>\n<p>&nbsp;<\/p>\n<p>&nbsp;<\/p>\n","protected":false},"excerpt":{"rendered":"<p>Guiana Francesa: dos rios \u00e0s estrelas &nbsp; Um enclave franc\u00eas na Am\u00e9rica do Sul, a Guiana \u00e9 o maior departamento ultramarino. Uma terra de potencial, esta regi\u00e3o aut\u00eantica e din\u00e2mica transborda vida em todas as suas formas. Ao percorrer este territ\u00f3rio ir\u00e1 ao encontro do seu mosaico de povos e da sua diversidade cultural que [&hellip;]<\/p>\n","protected":false},"author":45,"featured_media":3572,"parent":13,"menu_order":0,"comment_status":"closed","ping_status":"closed","template":"page-region-detail.php","meta":{"_acf_changed":false,"footnotes":"","_links_to":"","_links_to_target":""},"class_list":["post-23","page","type-page","status-publish","has-post-thumbnail","hentry"],"acf":[],"_links":{"self":[{"href":"https:\/\/www.cp-rup.com\/pt\/wp-json\/wp\/v2\/pages\/23","targetHints":{"allow":["GET"]}}],"collection":[{"href":"https:\/\/www.cp-rup.com\/pt\/wp-json\/wp\/v2\/pages"}],"about":[{"href":"https:\/\/www.cp-rup.com\/pt\/wp-json\/wp\/v2\/types\/page"}],"author":[{"embeddable":true,"href":"https:\/\/www.cp-rup.com\/pt\/wp-json\/wp\/v2\/users\/45"}],"replies":[{"embeddable":true,"href":"https:\/\/www.cp-rup.com\/pt\/wp-json\/wp\/v2\/comments?post=23"}],"version-history":[{"count":50,"href":"https:\/\/www.cp-rup.com\/pt\/wp-json\/wp\/v2\/pages\/23\/revisions"}],"predecessor-version":[{"id":5813,"href":"https:\/\/www.cp-rup.com\/pt\/wp-json\/wp\/v2\/pages\/23\/revisions\/5813"}],"up":[{"embeddable":true,"href":"https:\/\/www.cp-rup.com\/pt\/wp-json\/wp\/v2\/pages\/13"}],"wp:featuredmedia":[{"embeddable":true,"href":"https:\/\/www.cp-rup.com\/pt\/wp-json\/wp\/v2\/media\/3572"}],"wp:attachment":[{"href":"https:\/\/www.cp-rup.com\/pt\/wp-json\/wp\/v2\/media?parent=23"}],"curies":[{"name":"wp","href":"https:\/\/api.w.org\/{rel}","templated":true}]}}