{"id":29,"date":"2017-09-20T08:45:46","date_gmt":"2017-09-20T08:45:46","guid":{"rendered":"http:\/\/rup.dev\/?page_id=29"},"modified":"2025-06-25T15:09:10","modified_gmt":"2025-06-25T15:09:10","slug":"maiote","status":"publish","type":"page","link":"https:\/\/www.cp-rup.com\/pt\/regioes-ultraperifericas\/maiote\/","title":{"rendered":"Mayotte"},"content":{"rendered":"<p>&nbsp;<\/p>\n<p style=\"text-align: left;\"><strong>Localiza\u00e7\u00e3o geogr\u00e1fica<\/strong><\/p>\n<p>Maiote \u00e9 uma ilha de origem vulc\u00e2nica que se eleva das profundezas do oceano at\u00e9 uma altitude de mais de 3.000 m. A sua exist\u00eancia remonta a cerca de oito milh\u00f5es de anos atr\u00e1s. Situada no hemisf\u00e9rio sul entre o Equador e o Tr\u00f3pico de Capric\u00f3rnio, \u00e9 a mais antiga das &#8220;Djazair Al Kamar&#8221; ou &#8220;ilhas da lua&#8221; (como os ge\u00f3grafos \u00e1rabes as chamavam). Maiote tem atualmente 270.372 habitantes registados. <img loading=\"lazy\" decoding=\"async\" class=\" wp-image-4931 alignright\" src=\"https:\/\/cp-rup.com\/wp-content\/uploads\/2020\/01\/vueareriennegenerale-300x150.jpg\" alt=\"\" width=\"360\" height=\"180\" srcset=\"https:\/\/www.cp-rup.com\/wp-content\/uploads\/2020\/01\/vueareriennegenerale-300x150.jpg 300w, https:\/\/www.cp-rup.com\/wp-content\/uploads\/2020\/01\/vueareriennegenerale-768x384.jpg 768w, https:\/\/www.cp-rup.com\/wp-content\/uploads\/2020\/01\/vueareriennegenerale.jpg 800w\" sizes=\"auto, (max-width: 360px) 100vw, 360px\" \/><\/p>\n<p style=\"text-align: left;\">A ilha de Maiote est\u00e1 localizada no extremo sul, na parte ocidental do Oceano \u00cdndico entre a costa leste africana e o noroeste de Madag\u00e1scar, na entrada norte do Canal de Mo\u00e7ambique ao n\u00edvel do 45\u00ba Meridiano Oriental e entre os paralelos 12\u00ba e 13\u00ba Sul.<img loading=\"lazy\" decoding=\"async\" class=\" wp-image-4930 aligncenter\" src=\"https:\/\/cp-rup.com\/wp-content\/uploads\/2020\/01\/sport-300x200.jpg\" alt=\"\" width=\"347\" height=\"231\" srcset=\"https:\/\/www.cp-rup.com\/wp-content\/uploads\/2020\/01\/sport-300x200.jpg 300w, https:\/\/www.cp-rup.com\/wp-content\/uploads\/2020\/01\/sport-768x512.jpg 768w, https:\/\/www.cp-rup.com\/wp-content\/uploads\/2020\/01\/sport-1024x683.jpg 1024w\" sizes=\"auto, (max-width: 347px) 100vw, 347px\" \/><\/p>\n<div class=\"col-12 mb-5\">\n<div class=\"row\">\n<div class=\"col-12 col-sm-12 col-md-12\">\n                    \t<div class=\"rup_main_map__wrapper position-relative\">\n\t\t<div id=\"rup_main_map\" class=\"position-static\" style=\"background-image: url('https:\/\/www.cp-rup.com\/wp-content\/themes\/rup\/img\/MapaSVGCPRUP.svg');\">\n            <a href=\"https:\/\/www.cp-rup.com\/pt\/regioes-ultraperifericas\/acores\/\">\n\t\t\t\t<div class=\"map-marker--wrapper azores\" style=\"top: 35%; left: 39.7%;\">\n\t\t\t\t\t<div class=\"hover_title Azores\"> A\u00e7ores <\/div>\n\t\t\t\t\t<div class=\"map-marker  Azores\" title=\"A\u00e7ores\"><\/div>\n\t\t\t\t<\/div>\n\t\t\t<\/a>\n            <a href=\"https:\/\/www.cp-rup.com\/pt\/regioes-ultraperifericas\/madeira\/\">\n\t\t\t\t<div class=\"map-marker--wrapper madeira\" style=\"top: 40%; left: 40.1%;\">\n\t\t\t\t\t<div class=\"hover_title Madeira\"> Madeira <\/div>\n\t\t\t\t\t<div class=\"map-marker  Madeira\" title=\"Madeira\"><\/div>\n\t\t\t\t<\/div>\n\t\t\t<\/a>\n            <a href=\"https:\/\/www.cp-rup.com\/pt\/regioes-ultraperifericas\/canarias\/\">\n\t\t\t\t<div class=\"map-marker--wrapper canarias\" style=\"top: 44%; left: 40.5%;\">\n\t\t\t\t\t<div class=\"hover_title Canarias\"> Canarias <\/div>\n\t\t\t\t\t<div class=\"map-marker  Canarias\" title=\"Canarias\"><\/div>\n\t\t\t\t<\/div>\n\t\t\t<\/a>\n            <a href=\"https:\/\/www.cp-rup.com\/pt\/regioes-ultraperifericas\/saint-martin\/\">\n\t\t\t\t<div class=\"map-marker--wrapper saint-martin\" style=\"top: 46%; left: 30.7%;\">\n\t\t\t\t\t<div class=\"hover_title San_Martin\"> Saint-Martin <\/div>\n\t\t\t\t\t<div class=\"map-marker  San_Martin\" title=\"Saint-Martin\"><\/div>\n\t\t\t\t<\/div>\n\t\t\t<\/a>\n            <a href=\"https:\/\/www.cp-rup.com\/pt\/regioes-ultraperifericas\/guadalupe\/\">\n\t\t\t\t<div class=\"map-marker--wrapper guadeloupe\" style=\"top: 48%; left: 31.7%;\">\n\t\t\t\t\t<div class=\"hover_title Guadalupe\"> Guadeloupe <\/div>\n\t\t\t\t\t<div class=\"map-marker  Guadalupe\" title=\"Guadeloupe\"><\/div>\n\t\t\t\t<\/div>\n\t\t\t<\/a>\n            <a href=\"https:\/\/www.cp-rup.com\/pt\/regioes-ultraperifericas\/martinica\/\">\n\t\t\t\t<div class=\"map-marker--wrapper martinica\" style=\"top: 51%; left: 31.7%;\">\n\t\t\t\t\t<div class=\"hover_title Martinica\" style=\"top: 5px !important;\"> Martinique <\/div>\n\t\t\t\t\t<div class=\"map-marker  Martinica\" title=\"Martinique\"><\/div>\n\t\t\t\t<\/div>\n\t\t\t<\/a>\n            <a href=\"https:\/\/www.cp-rup.com\/pt\/regioes-ultraperifericas\/guiana-francesa\/\">\n\t\t\t\t<div class=\"map-marker--wrapper guayana\" style=\"top: 55.2%; left: 32.2%;\">\n\t\t\t\t\t<div class=\"hover_title Guayana_Francesa\"> Guyane <\/div>\n\t\t\t\t\t<div class=\"map-marker  Guayana_Francesa\" title=\"Guyane\"><\/div>\n\t\t\t\t<\/div>\n\t\t\t<\/a>\n\t\t\t\t\n\t\t\t\n            <a href=\"https:\/\/www.cp-rup.com\/pt\/regioes-ultraperifericas\/maiote\/\">\n\t\t\t\t<div class=\"map-marker--wrapper mayotte\" style=\"top: 67%; left: 52.7%;\">\n\t\t\t\t\t<div class=\"hover_title Mayotte\"> Mayotte <\/div>\n\t\t\t\t\t<div class=\"map-marker map-marker--selected Mayotte\" title=\"Mayotte\"><\/div>\n\t\t\t\t<\/div>\n\t\t\t<\/a>\n            <a href=\"https:\/\/www.cp-rup.com\/pt\/regioes-ultraperifericas\/reuniao\/\">\n\t\t\t\t<div class=\"map-marker--wrapper reunion\" style=\"top: 72%; left: 55.2%;\">\n\t\t\t\t\t<div class=\"hover_title La_Reunion\"> R\u00e9union <\/div>\n\t\t\t\t\t<div class=\"map-marker  La_Reunion\" title=\"R\u00e9union\"><\/div>\n\t\t\t\t<\/div>\n\t\t\t<\/a>\n\t\t<\/div>\n\t<\/div>\n\n\t<style>\n\t.rup_main_map__wrapper:hover .hover_title {\n\t\topacity:1;\n\t}\n\t\n\t.hover_title {\n\t\tposition: absolute;\n\t\topacity:0;\n\t\ttransition: 0.15s opacity ease-in-out;\n\t\tbackground: rgba(255,255,255,0.75);\n\t\tborder-radius: 5px;\n\t\twidth: 60px;\n\t\tfont-size: 10px;\n\t}\n\n\t\t.hover_title:hover + .map-marker{\n\t\t\tanimation-name: animated-map-marker;\n\t\t\tanimation-duration: 0.5s;\n\t\t\tanimation-iteration-count: infinite;\n\t\t\tanimation-direction: alternate;\n\t\t}\n\t<\/style>\n\t<script>\n\tvar azores = jQuery('.map-marker[title=\"A\u00e7ores\"]');\n\tvar madeira = jQuery('.map-marker[title=\"Madeira\"]');\n\tvar canarias = jQuery('.map-marker[title=\"Canarias\"]');\n\tvar saint_martin = jQuery('.map-marker[title=\"Saint-Martin\"]');\n\tvar guadeloupe = jQuery('.map-marker[title=\"Guadeloupe\"]');\n\tvar martinique = jQuery('.map-marker[title=\"Martinique\"]');\n\tvar guyane = jQuery('.map-marker[title=\"Guyane\"]');\n\tvar mayotte = jQuery('.map-marker[title=\"Mayotte\"]');\n\tvar la_reunion  = jQuery('.map-marker[title=\"R\u00e9union\"]');\n\tvar rup = [ azores, madeira, canarias, mayotte, la_reunion, guyane, martinique, guadeloupe, saint_martin ];\n\tvar speed = 500;\n\tvar animation_from = {opacity: 0.25};\n\tvar animation_to = {opacity: 1};\n\tvar animation_easing = \"swing\";\n\t\n\tfunction animate(index){\n\t\trup[index].animate(animation_from, speed, animation_easing, function(){\n\t\t\trup[index].animate(animation_to, speed, animation_easing, function(){\n\t\t\t\tanimate((index+1) % rup.length);\n\t\t\t});\n\t\t});\n\t}\n\n\tanimate(0);\n\t\n\t<\/script>\n\t\n                <\/div>\n<\/p><\/div>\n<\/p><\/div>\n<p style=\"text-align: left;\"><strong>Um territ\u00f3rio franc\u00eas<\/strong><\/p>\n<p>Convertida em territ\u00f3rio franc\u00eas desde 25 de abril de 1841 (data da assinatura do tratado de cess\u00e3o de Maiote \u00e0 Fran\u00e7a entre o capit\u00e3o Passot e o \u00faltimo Sult\u00e3o da ilha Andriantsouli); a ilha, em forma de cavalo marinho, est\u00e1 situada a 10 000 km da metr\u00f3pole, a 1500 km da ilha da Reuni\u00e3o, a 400 km da costa oriental africana e a 300 km da costa ocidental de Madag\u00e1scar. Tem uma superf\u00edcie de 375 km2.<\/p>\n<p>A ilha da lagoa \u00e9 ela pr\u00f3pria um arquip\u00e9lago composto por cerca de trinta pequenos ilh\u00e9us, dos quais os principais e habitados, &#8220;la Grande Terre e la Petite Terre&#8221; est\u00e3o separados por um grande bra\u00e7o de mar de cerca de 2,8 km. A liga\u00e7\u00e3o entre os dois ilh\u00e9us \u00e9 feita por uma embarca\u00e7\u00e3o do Departamento, aproximadamente a cada meia hora e todos os dias at\u00e9 \u00e0 meia-noite. Note-se que a ilha sofreu uma crise s\u00edsmica em maio de 2018, um fen\u00f3meno natural que durou mais de um ano e que resultou no nascimento de um vulc\u00e3o submarino a mais de 50 km de Pamandzi (de acordo com informa\u00e7\u00f5es fornecidas por cientistas em maio de 2019).<\/p>\n<p><img loading=\"lazy\" decoding=\"async\" class=\"alignnone wp-image-4926 aligncenter\" src=\"https:\/\/cp-rup.com\/wp-content\/uploads\/2020\/01\/baobab-199x300.jpg\" alt=\"\" width=\"279\" height=\"421\" srcset=\"https:\/\/www.cp-rup.com\/wp-content\/uploads\/2020\/01\/baobab-199x300.jpg 199w, https:\/\/www.cp-rup.com\/wp-content\/uploads\/2020\/01\/baobab.jpg 531w\" sizes=\"auto, (max-width: 279px) 100vw, 279px\" \/><\/p>\n<p style=\"text-align: left;\"><strong>Um leque de potencialidades<\/strong><\/p>\n<p>O 101\u00ba departamento \u00e9, sem d\u00favida, o territ\u00f3rio franc\u00eas que registar\u00e1 um maior crescimento durante a pr\u00f3xima d\u00e9cada. O primeiro desafio da ilha \u00e9 obviamente o da sua popula\u00e7\u00e3o, que atingir\u00e1 a marca dos 400.000 at\u00e9 2030, bem como o seu bem-estar e desenvolvimento. Um desafio superado gra\u00e7as a um desenvolvimento econ\u00f3mico est\u00e1vel, ao investimento e forma\u00e7\u00e3o, com o objetivo principal de promover a cria\u00e7\u00e3o de emprego. A ilha de Maiote tem tamb\u00e9m um grande potencial em termos de cultura e patrim\u00f3nio, embora a riqueza deste territ\u00f3rio ainda n\u00e3o seja suficientemente reconhecida. A sua valoriza\u00e7\u00e3o por parte do Departamento tornou-se um verdadeiro dever, muito para al\u00e9m da sua miss\u00e3o institucional.<\/p>\n<p>Maiote \u00e9 um territ\u00f3rio que apoia o desporto. A organiza\u00e7\u00e3o dos Jogos das Ilhas do Oceano \u00cdndico em 2027 dever\u00e1 dar um grande impulso em termos de ordenamento do territ\u00f3rio.<\/p>\n<p>O Departamento est\u00e1 tamb\u00e9m empenhado em enfrentar os v\u00e1rios desafios relacionados com o ambiente: gest\u00e3o coerente dos recursos h\u00eddricos e de saneamento; gest\u00e3o dos res\u00edduos gerados no territ\u00f3rio; prote\u00e7\u00e3o do patrim\u00f3nio natural ou a promo\u00e7\u00e3o do desenvolvimento das energias renov\u00e1veis, a luta contra o aquecimento global e a polui\u00e7\u00e3o atmosf\u00e9rica. Foram anunciadas importantes pol\u00edticas p\u00fablicas contra as altera\u00e7\u00f5es clim\u00e1ticas. Face a uma grande pobreza, Maiote permanece vigilante e anuncia com firmeza a sua vontade em converter-se num territ\u00f3rio de futuro.<\/p>\n<p><img loading=\"lazy\" decoding=\"async\" class=\"alignnone wp-image-4932\" src=\"https:\/\/cp-rup.com\/wp-content\/uploads\/2020\/01\/vueg\u00e9n\u00e9ralepetiteterre-300x200.jpg\" alt=\"\" width=\"498\" height=\"332\" srcset=\"https:\/\/www.cp-rup.com\/wp-content\/uploads\/2020\/01\/vueg\u00e9n\u00e9ralepetiteterre-300x200.jpg 300w, https:\/\/www.cp-rup.com\/wp-content\/uploads\/2020\/01\/vueg\u00e9n\u00e9ralepetiteterre-768x512.jpg 768w, https:\/\/www.cp-rup.com\/wp-content\/uploads\/2020\/01\/vueg\u00e9n\u00e9ralepetiteterre-1024x682.jpg 1024w, https:\/\/www.cp-rup.com\/wp-content\/uploads\/2020\/01\/vueg\u00e9n\u00e9ralepetiteterre.jpg 2000w\" sizes=\"auto, (max-width: 498px) 100vw, 498px\" \/><\/p>\n<p><img loading=\"lazy\" decoding=\"async\" class=\" wp-image-4927 aligncenter\" src=\"https:\/\/cp-rup.com\/wp-content\/uploads\/2020\/01\/biodiversit\u00e9-300x169.jpg\" alt=\"\" width=\"575\" height=\"324\" srcset=\"https:\/\/www.cp-rup.com\/wp-content\/uploads\/2020\/01\/biodiversit\u00e9-300x169.jpg 300w, https:\/\/www.cp-rup.com\/wp-content\/uploads\/2020\/01\/biodiversit\u00e9-768x432.jpg 768w, https:\/\/www.cp-rup.com\/wp-content\/uploads\/2020\/01\/biodiversit\u00e9.jpg 800w\" sizes=\"auto, (max-width: 575px) 100vw, 575px\" \/><\/p>\n<p>&nbsp;<\/p>\n<p>&nbsp;<\/p>\n<p>&nbsp;<\/p>\n<p>&nbsp;<\/p>\n<div id=\"metaslider-id-3880\" style=\"max-width: 1200px;\" class=\"ml-slider-3-20-3 metaslider metaslider-flex metaslider-3880 ml-slider\">\n    <div id=\"metaslider_container_3880\">\n        <div id=\"metaslider_3880\">\n            <ul aria-live=\"polite\" class=\"slides\">\n                <li style=\"display: block; width: 100%;\" class=\"slide-5426 ms-image\"><img loading=\"lazy\" decoding=\"async\" src=\"https:\/\/www.cp-rup.com\/wp-content\/uploads\/2020\/07\/109915337_1684830265014718_5731765665403614709_n-960x320.jpg\" height=\"400\" width=\"1200\" alt=\"\" class=\"slider-3880 slide-5426\" \/><\/li>\n                <li style=\"display: none; width: 100%;\" class=\"slide-5535 ms-image\"><img loading=\"lazy\" decoding=\"async\" src=\"https:\/\/www.cp-rup.com\/wp-content\/uploads\/2020\/11\/IMG-20200207-WA0017-1200x400.jpg\" height=\"400\" width=\"1200\" alt=\"\" class=\"slider-3880 slide-5535\" \/><\/li>\n                <li style=\"display: none; width: 100%;\" class=\"slide-5531 ms-image\"><img loading=\"lazy\" decoding=\"async\" src=\"https:\/\/www.cp-rup.com\/wp-content\/uploads\/2020\/11\/IMG-20201016-WA0035-1200x400.jpg\" height=\"400\" width=\"1200\" alt=\"\" class=\"slider-3880 slide-5531\" \/><\/li>\n                <li style=\"display: none; width: 100%;\" class=\"slide-5533 ms-image\"><img loading=\"lazy\" decoding=\"async\" src=\"https:\/\/www.cp-rup.com\/wp-content\/uploads\/2020\/11\/IMG-20200208-WA0005-1200x400.jpg\" height=\"400\" width=\"1200\" alt=\"\" class=\"slider-3880 slide-5533\" \/><\/li>\n                <li style=\"display: none; width: 100%;\" class=\"slide-4073 ms-image\"><img loading=\"lazy\" decoding=\"async\" src=\"https:\/\/www.cp-rup.com\/wp-content\/uploads\/2018\/11\/Gwen-Le-Bigot-il\u00f4t-Dzaoudzi-1200x400.jpg\" height=\"400\" width=\"1200\" alt=\"\" class=\"slider-3880 slide-4073\" \/><\/li>\n            <\/ul>\n        <\/div>\n        \n    <\/div>\n<\/div>\n","protected":false},"excerpt":{"rendered":"<p>&nbsp; Localiza\u00e7\u00e3o geogr\u00e1fica Maiote \u00e9 uma ilha de origem vulc\u00e2nica que se eleva das profundezas do oceano at\u00e9 uma altitude de mais de 3.000 m. A sua exist\u00eancia remonta a cerca de oito milh\u00f5es de anos atr\u00e1s. Situada no hemisf\u00e9rio sul entre o Equador e o Tr\u00f3pico de Capric\u00f3rnio, \u00e9 a mais antiga das &#8220;Djazair [&hellip;]<\/p>\n","protected":false},"author":45,"featured_media":4069,"parent":13,"menu_order":0,"comment_status":"closed","ping_status":"closed","template":"page-region-detail.php","meta":{"_acf_changed":false,"footnotes":"","_links_to":"","_links_to_target":""},"class_list":["post-29","page","type-page","status-publish","has-post-thumbnail","hentry"],"acf":[],"_links":{"self":[{"href":"https:\/\/www.cp-rup.com\/pt\/wp-json\/wp\/v2\/pages\/29","targetHints":{"allow":["GET"]}}],"collection":[{"href":"https:\/\/www.cp-rup.com\/pt\/wp-json\/wp\/v2\/pages"}],"about":[{"href":"https:\/\/www.cp-rup.com\/pt\/wp-json\/wp\/v2\/types\/page"}],"author":[{"embeddable":true,"href":"https:\/\/www.cp-rup.com\/pt\/wp-json\/wp\/v2\/users\/45"}],"replies":[{"embeddable":true,"href":"https:\/\/www.cp-rup.com\/pt\/wp-json\/wp\/v2\/comments?post=29"}],"version-history":[{"count":24,"href":"https:\/\/www.cp-rup.com\/pt\/wp-json\/wp\/v2\/pages\/29\/revisions"}],"predecessor-version":[{"id":9890,"href":"https:\/\/www.cp-rup.com\/pt\/wp-json\/wp\/v2\/pages\/29\/revisions\/9890"}],"up":[{"embeddable":true,"href":"https:\/\/www.cp-rup.com\/pt\/wp-json\/wp\/v2\/pages\/13"}],"wp:featuredmedia":[{"embeddable":true,"href":"https:\/\/www.cp-rup.com\/pt\/wp-json\/wp\/v2\/media\/4069"}],"wp:attachment":[{"href":"https:\/\/www.cp-rup.com\/pt\/wp-json\/wp\/v2\/media?parent=29"}],"curies":[{"name":"wp","href":"https:\/\/api.w.org\/{rel}","templated":true}]}}