{"id":31,"date":"2017-09-20T08:45:56","date_gmt":"2017-09-20T08:45:56","guid":{"rendered":"http:\/\/rup.dev\/?page_id=31"},"modified":"2021-03-19T17:35:49","modified_gmt":"2021-03-19T17:35:49","slug":"saint-martin","status":"publish","type":"page","link":"https:\/\/www.cp-rup.com\/pt\/regioes-ultraperifericas\/saint-martin\/","title":{"rendered":"Saint-Martin"},"content":{"rendered":"<h1 style=\"text-align: center;\">Saint-Martin, um ambiente multicultural<\/h1>\n<p>Saint-Martin \u00e9 uma ilha binacional com uma \u00e1rea total de 87 km\u00b2 localizada na parte norte do arco das Antilhas e cercada pelo Oceano Atl\u00e2ntico e o Mar das Cara\u00edbas. Nos termos do Tratado de Concordiaa ilha, desde 1648, \u00e9 dividida, atrav\u00e9s de uma fronteira simb\u00f3lica e aberta, entre a parte sob soberania francesa no Norte (56 km\u00b2) e parte sob soberania holandesa no Sul (31 km\u00b2). Al\u00e9m disso, pertencem \u00e0 ilha dois ilh\u00e9us desabitados: Tintamarre, com uma superf\u00edcie de 1,2 km<sup>2<\/sup>, localizado a 3 km a nordeste, e Pinel, uma ilha muito pequena de 0,0115 km<sup>2<\/sup> localizada a 170 metros a leste. A principal cidade da fra\u00e7\u00e3o francesa \u00e9 Marigot, localizada na costa oeste.<\/p>\n\t<div class=\"rup_main_map__wrapper position-relative\">\n\t\t<div id=\"rup_main_map\" class=\"position-static\" style=\"background-image: url('https:\/\/www.cp-rup.com\/wp-content\/themes\/rup\/img\/MapaSVGCPRUP.svg');\">\n            <a href=\"https:\/\/www.cp-rup.com\/pt\/regioes-ultraperifericas\/acores\/\">\n\t\t\t\t<div class=\"map-marker--wrapper azores\" style=\"top: 35%; left: 39.7%;\">\n\t\t\t\t\t<div class=\"hover_title Azores\"> A\u00e7ores <\/div>\n\t\t\t\t\t<div class=\"map-marker  Azores\" title=\"A\u00e7ores\"><\/div>\n\t\t\t\t<\/div>\n\t\t\t<\/a>\n            <a href=\"https:\/\/www.cp-rup.com\/pt\/regioes-ultraperifericas\/madeira\/\">\n\t\t\t\t<div class=\"map-marker--wrapper madeira\" style=\"top: 40%; left: 40.1%;\">\n\t\t\t\t\t<div class=\"hover_title Madeira\"> Madeira <\/div>\n\t\t\t\t\t<div class=\"map-marker  Madeira\" title=\"Madeira\"><\/div>\n\t\t\t\t<\/div>\n\t\t\t<\/a>\n            <a href=\"https:\/\/www.cp-rup.com\/pt\/regioes-ultraperifericas\/canarias\/\">\n\t\t\t\t<div class=\"map-marker--wrapper canarias\" style=\"top: 44%; left: 40.5%;\">\n\t\t\t\t\t<div class=\"hover_title Canarias\"> Canarias <\/div>\n\t\t\t\t\t<div class=\"map-marker  Canarias\" title=\"Canarias\"><\/div>\n\t\t\t\t<\/div>\n\t\t\t<\/a>\n            <a href=\"https:\/\/www.cp-rup.com\/pt\/regioes-ultraperifericas\/saint-martin\/\">\n\t\t\t\t<div class=\"map-marker--wrapper saint-martin\" style=\"top: 46%; left: 30.7%;\">\n\t\t\t\t\t<div class=\"hover_title San_Martin\"> Saint-Martin <\/div>\n\t\t\t\t\t<div class=\"map-marker map-marker--selected San_Martin\" title=\"Saint-Martin\"><\/div>\n\t\t\t\t<\/div>\n\t\t\t<\/a>\n            <a href=\"https:\/\/www.cp-rup.com\/pt\/regioes-ultraperifericas\/guadalupe\/\">\n\t\t\t\t<div class=\"map-marker--wrapper guadeloupe\" style=\"top: 48%; left: 31.7%;\">\n\t\t\t\t\t<div class=\"hover_title Guadalupe\"> Guadeloupe <\/div>\n\t\t\t\t\t<div class=\"map-marker  Guadalupe\" title=\"Guadeloupe\"><\/div>\n\t\t\t\t<\/div>\n\t\t\t<\/a>\n            <a href=\"https:\/\/www.cp-rup.com\/pt\/regioes-ultraperifericas\/martinica\/\">\n\t\t\t\t<div class=\"map-marker--wrapper martinica\" style=\"top: 51%; left: 31.7%;\">\n\t\t\t\t\t<div class=\"hover_title Martinica\" style=\"top: 5px !important;\"> Martinique <\/div>\n\t\t\t\t\t<div class=\"map-marker  Martinica\" title=\"Martinique\"><\/div>\n\t\t\t\t<\/div>\n\t\t\t<\/a>\n            <a href=\"https:\/\/www.cp-rup.com\/pt\/regioes-ultraperifericas\/guiana-francesa\/\">\n\t\t\t\t<div class=\"map-marker--wrapper guayana\" style=\"top: 55.2%; left: 32.2%;\">\n\t\t\t\t\t<div class=\"hover_title Guayana_Francesa\"> Guyane <\/div>\n\t\t\t\t\t<div class=\"map-marker  Guayana_Francesa\" title=\"Guyane\"><\/div>\n\t\t\t\t<\/div>\n\t\t\t<\/a>\n\t\t\t\t\n\t\t\t\n            <a href=\"https:\/\/www.cp-rup.com\/pt\/regioes-ultraperifericas\/maiote\/\">\n\t\t\t\t<div class=\"map-marker--wrapper mayotte\" style=\"top: 67%; left: 52.7%;\">\n\t\t\t\t\t<div class=\"hover_title Mayotte\"> Mayotte <\/div>\n\t\t\t\t\t<div class=\"map-marker  Mayotte\" title=\"Mayotte\"><\/div>\n\t\t\t\t<\/div>\n\t\t\t<\/a>\n            <a href=\"https:\/\/www.cp-rup.com\/pt\/regioes-ultraperifericas\/reuniao\/\">\n\t\t\t\t<div class=\"map-marker--wrapper reunion\" style=\"top: 72%; left: 55.2%;\">\n\t\t\t\t\t<div class=\"hover_title La_Reunion\"> R\u00e9union <\/div>\n\t\t\t\t\t<div class=\"map-marker  La_Reunion\" title=\"R\u00e9union\"><\/div>\n\t\t\t\t<\/div>\n\t\t\t<\/a>\n\t\t<\/div>\n\t<\/div>\n\n\t<style>\n\t.rup_main_map__wrapper:hover .hover_title {\n\t\topacity:1;\n\t}\n\t\n\t.hover_title {\n\t\tposition: absolute;\n\t\topacity:0;\n\t\ttransition: 0.15s opacity ease-in-out;\n\t\tbackground: rgba(255,255,255,0.75);\n\t\tborder-radius: 5px;\n\t\twidth: 60px;\n\t\tfont-size: 10px;\n\t}\n\n\t\t.hover_title:hover + .map-marker{\n\t\t\tanimation-name: animated-map-marker;\n\t\t\tanimation-duration: 0.5s;\n\t\t\tanimation-iteration-count: infinite;\n\t\t\tanimation-direction: alternate;\n\t\t}\n\t<\/style>\n\t<script>\n\tvar azores = jQuery('.map-marker[title=\"A\u00e7ores\"]');\n\tvar madeira = jQuery('.map-marker[title=\"Madeira\"]');\n\tvar canarias = jQuery('.map-marker[title=\"Canarias\"]');\n\tvar saint_martin = jQuery('.map-marker[title=\"Saint-Martin\"]');\n\tvar guadeloupe = jQuery('.map-marker[title=\"Guadeloupe\"]');\n\tvar martinique = jQuery('.map-marker[title=\"Martinique\"]');\n\tvar guyane = jQuery('.map-marker[title=\"Guyane\"]');\n\tvar mayotte = jQuery('.map-marker[title=\"Mayotte\"]');\n\tvar la_reunion  = jQuery('.map-marker[title=\"R\u00e9union\"]');\n\tvar rup = [ azores, madeira, canarias, mayotte, la_reunion, guyane, martinique, guadeloupe, saint_martin ];\n\tvar speed = 500;\n\tvar animation_from = {opacity: 0.25};\n\tvar animation_to = {opacity: 1};\n\tvar animation_easing = \"swing\";\n\t\n\tfunction animate(index){\n\t\trup[index].animate(animation_from, speed, animation_easing, function(){\n\t\t\trup[index].animate(animation_to, speed, animation_easing, function(){\n\t\t\t\tanimate((index+1) % rup.length);\n\t\t\t});\n\t\t});\n\t}\n\n\tanimate(0);\n\t\n\t<\/script>\n\t\n<h2><\/h2>\n<h3 style=\"text-align: center;\">Localiza\u00e7\u00e3o<\/h3>\n<p>&nbsp;<\/p>\n<p>Localizada a cerca de 7.000 km da Europa continental, Saint-Martin \u00e9 uma das regi\u00f5es francesas mais pr\u00f3ximas do continente americano e, portanto, possui uma vantagem geoestrat\u00e9gica dentro da sua bacia. A ilha, tamb\u00e9m, pertence a uma \u00e1rea geogr\u00e1fica chamada &#8220;Ilhas de Sotavento&#8221;, que inclui Anguila, a ilha vizinha mais pr\u00f3xima, S\u00e3o Crist\u00f3v\u00e3o e Neves, Ant\u00edgua e Barbuda, Montserrat e as Ilhas Virgens.<\/p>\n<p>Os \u00faltimos censos (2014) indicam que a popula\u00e7\u00e3o do lado franc\u00eas \u00e9 de cerca de 35.107 habitantes. A ilha \u00e9 um verdadeiro <em>melting pot<\/em>, pois acolhe mais de 101 nacionalidades e tem um forte car\u00e1ter multil\u00edngue (essencialmente ingl\u00eas, franc\u00eas e espanhol).<\/p>\n<p>Saint-Martin tem um clima tropical com temperaturas que oscilam entre os 27\u00b0 e os 32\u00b0 C. A esta\u00e7\u00e3o \u00e1rida estende-se, geralmente, de fevereiro a abril, e a esta\u00e7\u00e3o chuvosa, que corresponde \u00e0 temporada dos furac\u00f5es, vai de junho a novembro. Em setembro de 2017, Saint-Martin foi duramente atingido pelo furac\u00e3o Irma, o ciclone mais poderoso j\u00e1 alguma vez registado nas Cara\u00edbas.<\/p>\n<p>Em 2007, ap\u00f3s o referendo a favor do artigo 74 da Constitui\u00e7\u00e3o francesa, Saint-Martin (antiga comuna de Guadalupe) tornou-se um Territ\u00f3rio Ultramarino. Portanto, exerce todos os poderes da comuna, do departamento e da regi\u00e3o, bem como aqueles que lhe s\u00e3o transferidos pelo Estado.<\/p>\n<p>Al\u00e9m disso, Saint-Martin tamb\u00e9m se carateriza pela sua singularidade institucional a n\u00edvel europeu, com dois diferentes estatutos: no lado norte, uma regi\u00e3o ultraperif\u00e9rica (RUP) e, na parte sul, um pa\u00eds e territ\u00f3rio ultramarino (PTOM).<\/p>\n\t\t<div class=\"col-12 mb-5\">\n\t\t\t<div class=\"row widget_picture_with_floating_text\">\n\t\t\t\t<div class=\"col-8  widget_picture_with_floating_text__picture\" style=\"background-image: url('https:\/\/cp-rup.com\/wp-content\/uploads\/2018\/09\/SMT-5.jpg');\"><\/div>\n\t\t\t\t<div class=\"col-6 widget_picture_with_floating_text__text widget_picture_with_floating_text__text--right\">\n\t\t\t\t\t<h3>Localiza\u00e7\u00e3o<\/h3>\n\t\t\t\t\t<p> Localizada a cerca de 7.000 km da Europa continental, Saint-Martin \u00e9 uma das regi\u00f5es francesas mais pr\u00f3ximas do continente americano e, portanto, possui uma vantagem geoestrat\u00e9gica dentro da sua bacia<\/p>\n\t\t\t\t<\/div>\n\t\t\t<\/div>\n\t\t<\/div>\n\n\n<h3 style=\"text-align: center;\">Ind\u00fastrias em Saint-Martin<\/h3>\n<p>&nbsp;<\/p>\n<p>O setor do turismo \u00e9 a coluna vertebral da economia local. Inclui uma variedade de servi\u00e7os relacionados com a ind\u00fastria hoteleira e a restaura\u00e7\u00e3o, os setores de cruzeiro e iates e outros tipos de atividades tur\u00edsticas. Por outro lado, as atividades agr\u00edcolas, pecu\u00e1rias e pesqueiras representam uma parte menor do setor econ\u00f3mico, as quais est\u00e3o, contudo, em vias de reestrutura\u00e7\u00e3o para maximizar o seu potencial. A estrutura empresarial \u00e9 composta principalmente por PME.<\/p>\n\t\t<div class=\"col-12 mb-5\">\n\t\t\t<div class=\"row widget_picture_with_floating_text\">\n\t\t\t\t<div class=\"col-8 offset-4 widget_picture_with_floating_text__picture\" style=\"background-image: url('https:\/\/cp-rup.com\/wp-content\/uploads\/2018\/09\/SMT-1.jpg');\"><\/div>\n\t\t\t\t<div class=\"col-6 widget_picture_with_floating_text__text widget_picture_with_floating_text__text--left\">\n\t\t\t\t\t<h3>Turismo<\/h3>\n\t\t\t\t\t<p> O setor do turismo \u00e9 a coluna vertebral da economia local. Inclui uma variedade de servi\u00e7os relacionados com a ind\u00fastria hoteleira e a restaura\u00e7\u00e3o, os setores de cruzeiro e iates e outros tipos de atividades tur\u00edsticas <\/p>\n\t\t\t\t<\/div>\n\t\t\t<\/div>\n\t\t<\/div>\n\n\n<p>As vantagens naturais e geogr\u00e1ficas de Saint-Martin constituem uma importante alavanca que favorece o desenvolvimento socioecon\u00f3mico da ilha, permitindo tamb\u00e9m o surgimento de novos nichos de atividades.<\/p>\n<hr \/>\n<h3 style=\"text-align: center;\">Saint-Martin em fotos<\/h3>\n<p>&nbsp;<\/p>\n<div id=\"metaslider-id-2768\" style=\"width: 100%; margin: 0 auto;\" class=\"ml-slider-3-20-3 metaslider metaslider-flex metaslider-2768 ml-slider\">\n    <div id=\"metaslider_container_2768\">\n        <div id=\"metaslider_2768\">\n            <ul aria-live=\"polite\" class=\"slides\">\n                <li style=\"display: none; width: 100%;\" class=\"slide-2769 ms-image\"><img loading=\"lazy\" decoding=\"async\" src=\"https:\/\/www.cp-rup.com\/wp-content\/uploads\/2018\/09\/SMT-9-1200x400.jpg\" height=\"400\" width=\"1200\" alt=\"\" class=\"slider-2768 slide-2769\" \/><\/li>\n                <li style=\"display: none; width: 100%;\" class=\"slide-2770 ms-image\"><img loading=\"lazy\" decoding=\"async\" src=\"https:\/\/www.cp-rup.com\/wp-content\/uploads\/2018\/09\/SMT-8-1200x400.jpg\" height=\"400\" width=\"1200\" alt=\"\" class=\"slider-2768 slide-2770\" \/><\/li>\n                <li style=\"display: none; width: 100%;\" class=\"slide-2771 ms-image\"><img loading=\"lazy\" decoding=\"async\" src=\"https:\/\/www.cp-rup.com\/wp-content\/uploads\/2018\/09\/SMT-7-1200x400.jpg\" height=\"400\" width=\"1200\" alt=\"\" class=\"slider-2768 slide-2771\" \/><\/li>\n                <li style=\"display: none; width: 100%;\" class=\"slide-2773 ms-image\"><img loading=\"lazy\" decoding=\"async\" src=\"https:\/\/www.cp-rup.com\/wp-content\/uploads\/2018\/09\/SMT-4-1200x400.jpg\" height=\"400\" width=\"1200\" alt=\"\" class=\"slider-2768 slide-2773\" \/><\/li>\n                <li style=\"display: none; width: 100%;\" class=\"slide-2774 ms-image\"><img loading=\"lazy\" decoding=\"async\" src=\"https:\/\/www.cp-rup.com\/wp-content\/uploads\/2018\/09\/SMT-3-1200x400.jpg\" height=\"400\" width=\"1200\" alt=\"\" class=\"slider-2768 slide-2774\" \/><\/li>\n                <li style=\"display: none; width: 100%;\" class=\"slide-2778 ms-image\"><img loading=\"lazy\" decoding=\"async\" src=\"https:\/\/www.cp-rup.com\/wp-content\/uploads\/2018\/09\/SMT-1-1200x400.jpg\" height=\"400\" width=\"1200\" alt=\"\" class=\"slider-2768 slide-2778\" \/><\/li>\n            <\/ul>\n        <\/div>\n        \n    <\/div>\n<\/div>\n","protected":false},"excerpt":{"rendered":"<p>Saint-Martin, um ambiente multicultural Saint-Martin \u00e9 uma ilha binacional com uma \u00e1rea total de 87 km\u00b2 localizada na parte norte do arco das Antilhas e cercada pelo Oceano Atl\u00e2ntico e o Mar das Cara\u00edbas. Nos termos do Tratado de Concordiaa ilha, desde 1648, \u00e9 dividida, atrav\u00e9s de uma fronteira simb\u00f3lica e aberta, entre a parte [&hellip;]<\/p>\n","protected":false},"author":45,"featured_media":2715,"parent":13,"menu_order":0,"comment_status":"closed","ping_status":"closed","template":"page-region-detail.php","meta":{"_acf_changed":false,"footnotes":"","_links_to":"","_links_to_target":""},"class_list":["post-31","page","type-page","status-publish","has-post-thumbnail","hentry"],"acf":[],"_links":{"self":[{"href":"https:\/\/www.cp-rup.com\/pt\/wp-json\/wp\/v2\/pages\/31","targetHints":{"allow":["GET"]}}],"collection":[{"href":"https:\/\/www.cp-rup.com\/pt\/wp-json\/wp\/v2\/pages"}],"about":[{"href":"https:\/\/www.cp-rup.com\/pt\/wp-json\/wp\/v2\/types\/page"}],"author":[{"embeddable":true,"href":"https:\/\/www.cp-rup.com\/pt\/wp-json\/wp\/v2\/users\/45"}],"replies":[{"embeddable":true,"href":"https:\/\/www.cp-rup.com\/pt\/wp-json\/wp\/v2\/comments?post=31"}],"version-history":[{"count":31,"href":"https:\/\/www.cp-rup.com\/pt\/wp-json\/wp\/v2\/pages\/31\/revisions"}],"predecessor-version":[{"id":5857,"href":"https:\/\/www.cp-rup.com\/pt\/wp-json\/wp\/v2\/pages\/31\/revisions\/5857"}],"up":[{"embeddable":true,"href":"https:\/\/www.cp-rup.com\/pt\/wp-json\/wp\/v2\/pages\/13"}],"wp:featuredmedia":[{"embeddable":true,"href":"https:\/\/www.cp-rup.com\/pt\/wp-json\/wp\/v2\/media\/2715"}],"wp:attachment":[{"href":"https:\/\/www.cp-rup.com\/pt\/wp-json\/wp\/v2\/media?parent=31"}],"curies":[{"name":"wp","href":"https:\/\/api.w.org\/{rel}","templated":true}]}}