{"id":40,"date":"2017-09-20T08:46:45","date_gmt":"2017-09-20T08:46:45","guid":{"rendered":"http:\/\/rup.dev\/?page_id=40"},"modified":"2021-03-19T17:59:14","modified_gmt":"2021-03-19T17:59:14","slug":"as-rup-na-ue","status":"publish","type":"page","link":"https:\/\/www.cp-rup.com\/pt\/as-rup-na-ue\/","title":{"rendered":"As RUP na UE"},"content":{"rendered":"<h1 style=\"text-align: center;\">As RUP na UE<\/h1>\n<h2 style=\"text-align: center;\">As diferen\u00e7as em comum unem-nos<\/h2>\n<p>&nbsp;<\/p>\n<p>A\u00e7ores, Can\u00e1rias, Guadalupe, Guiana, Madeira, Maiote, Martinica, Reuni\u00e3o e Saint-Martin: oito regi\u00f5es insulares e uma regi\u00e3o isolada a noroeste do continente sul-americano, a milhares de quil\u00f3metros da Europa. Umas banhadas pelo mar das Cara\u00edbas, outras pelos oceanos Atl\u00e2ntico e \u00cdndico. Portugu\u00eas, franc\u00eas e espanhol s\u00e3o as tr\u00eas l\u00ednguas oficiais e tr\u00eas nacionalidades diferentes para um conjunto de regi\u00f5es que integram plenamente a Uni\u00e3o Europeia e que formam um grupo particular e bem definido dentro dela: as Regi\u00f5es Ultraperif\u00e9ricas da Uni\u00e3o Europeia (RUP).<\/p>\n<p>Fisicamente afastadas e isoladas do mercado continental europeu, mas parte da Uni\u00e3o Europeia em pleno, atrav\u00e9s da ades\u00e3o dos seus Estados-Membros, as RUP encontram-se num contexto natural marcado pela insularidade, o vulcanismo, o clima tropical, a proximidade com pa\u00edses terceiros menos desenvolvidos e uma liga\u00e7\u00e3o hist\u00f3rica e cultural com outros pa\u00edses, com os quais mant\u00eam rela\u00e7\u00f5es especiais.<\/p>\n<p>Estas regi\u00f5es t\u00eam em comum uma s\u00e9rie de desvantagens, como depend\u00eancia econ\u00f3mica do exterior, custos adicionais devido ao afastamento e \u00e0 insularidade, tamanho reduzido e exiguidade dos mercados, concentra\u00e7\u00e3o de atividades em alguns sectores, elevado n\u00edvel de subemprego, concorr\u00eancia das produ\u00e7\u00f5es dos pa\u00edses vizinhos em vias de desenvolvimento, etc., que, combinadas e acumuladas, afetam o seu desenvolvimento econ\u00f3mico e social.<\/p>\n<p>Apesar de terem pouco peso econ\u00f3mico e demogr\u00e1fico no conjunto da UE, as RUP oferecem vantagens importantes para a Europa. A sua localiza\u00e7\u00e3o geogr\u00e1fica e o seu ambiente natural acrescentam outra dimens\u00e3o \u00e0 Uni\u00e3o Europeia, nomeadamente uma zona mar\u00edtima e uma posi\u00e7\u00e3o geoestrat\u00e9gica valiosa; lugares privilegiados para a implementa\u00e7\u00e3o de atividades de pesquisa cient\u00edfica e de alta tecnologia, um grande potencial para desenvolver energias renov\u00e1veis e um enquadramento natural excecional para um turismo seguro e ambientalmente amig\u00e1vel, entre outros.<\/p>\n<p>Essa situa\u00e7\u00e3o comum levou-as a fortalecer os seus la\u00e7os de uni\u00e3o, afirmando a sua vontade de cooperar com o objetivo de mostrar o seu potencial, assim como da UE n\u00e3o esquecer a sua realidade e situa\u00e7\u00e3o particular e espec\u00edfica, como a \u00fanica forma de alcan\u00e7ar o desenvolvimento econ\u00f3mico e social sustent\u00e1veis, colocando-as numa posi\u00e7\u00e3o de igualdade em rela\u00e7\u00e3o ao resto das regi\u00f5es europeias.<\/p>\n<p>Reconhecendo a sua diversidade e fortalecendo as suas bases comuns, as Regi\u00f5es Ultraperif\u00e9ricas basearam a sua estrat\u00e9gia comum na realidade regional, sem esquecer a sua geografia: o espa\u00e7o pol\u00edtico europeu a que pertencem, que tem uma dimens\u00e3o planet\u00e1ria, e o seu espa\u00e7o geoecon\u00f3mico, onde aspiram ser um modelo de desenvolvimento sustent\u00e1vel, portador de valor agregado e de coopera\u00e7\u00e3o.<\/p>\n<p>O reconhecimento das Regi\u00f5es Ultraperif\u00e9ricas no ordenamento jur\u00eddico comunit\u00e1rio sustenta-se numa s\u00e9rie de preceitos normativos.<\/p>\n<p>&nbsp;<\/p>\n<h2 style=\"text-align: center;\"><span id=\"result_box\" class=\"short_text\" lang=\"pt\"><span class=\"alt-edited\"><div id=\"metaslider-id-2075\" style=\"width: 100%;\" class=\"ml-slider-3-20-3 metaslider metaslider-flex metaslider-2075 ml-slider\">\n    <div id=\"metaslider_container_2075\">\n        <div id=\"metaslider_2075\">\n            <ul aria-live=\"polite\" class=\"slides\">\n                <li style=\"display: block; width: 100%;\" class=\"slide-2377 ms-image\"><img loading=\"lazy\" decoding=\"async\" src=\"https:\/\/www.cp-rup.com\/wp-content\/uploads\/2018\/07\/Reuni\u00f3n-slider-6-1088x400.jpg\" height=\"400\" width=\"1088\" alt=\"\" class=\"slider-2075 slide-2377\" \/><div class=\"caption-wrap\"><div class=\"caption\">Reunion<\/div><\/div><\/li>\n                <li style=\"display: none; width: 100%;\" class=\"slide-2378 ms-image\"><img loading=\"lazy\" decoding=\"async\" src=\"https:\/\/www.cp-rup.com\/wp-content\/uploads\/2018\/07\/Madeira-slider-5-1-1088x400.jpg\" height=\"400\" width=\"1088\" alt=\"\" class=\"slider-2075 slide-2378\" \/><div class=\"caption-wrap\"><div class=\"caption\">Madeira<\/div><\/div><\/li>\n                <li style=\"display: none; width: 100%;\" class=\"slide-3662 ms-image\"><img loading=\"lazy\" decoding=\"async\" src=\"https:\/\/www.cp-rup.com\/wp-content\/uploads\/2018\/09\/SMT-7-1088x400.jpg\" height=\"400\" width=\"1088\" alt=\"\" class=\"slider-2075 slide-3662\" \/><div class=\"caption-wrap\"><div class=\"caption\">Saint Martin<\/div><\/div><\/li>\n                <li style=\"display: none; width: 100%;\" class=\"slide-3718 ms-image\"><img loading=\"lazy\" decoding=\"async\" src=\"https:\/\/www.cp-rup.com\/wp-content\/uploads\/2018\/10\/Azores-JAR-Flores-Island-1088x400.jpg\" height=\"400\" width=\"1088\" alt=\"\" class=\"slider-2075 slide-3718\" \/><div class=\"caption-wrap\"><div class=\"caption\">A\u00e7ores<\/div><\/div><\/li>\n                <li style=\"display: none; width: 100%;\" class=\"slide-3719 ms-image\"><img loading=\"lazy\" decoding=\"async\" src=\"https:\/\/www.cp-rup.com\/wp-content\/uploads\/2018\/10\/GUY-MER-\u00ceLES-DU-SALUT-03-1-1088x400.jpg\" height=\"400\" width=\"1088\" alt=\"\" class=\"slider-2075 slide-3719\" \/><div class=\"caption-wrap\"><div class=\"caption\">Guyane<\/div><\/div><\/li>\n                <li style=\"display: none; width: 100%;\" class=\"slide-3723 ms-image\"><img loading=\"lazy\" decoding=\"async\" src=\"https:\/\/www.cp-rup.com\/wp-content\/uploads\/2018\/09\/GUA-9-1-1088x400.jpg\" height=\"400\" width=\"1088\" alt=\"\" class=\"slider-2075 slide-3723\" \/><div class=\"caption-wrap\"><div class=\"caption\">Guadeloupe<\/div><\/div><\/li>\n                <li style=\"display: none; width: 100%;\" class=\"slide-3724 ms-image\"><img loading=\"lazy\" decoding=\"async\" src=\"https:\/\/www.cp-rup.com\/wp-content\/uploads\/2018\/06\/Parque-Nacional-Timanfaya-Lanzarote-1088x400.jpg\" height=\"400\" width=\"1088\" alt=\"\" class=\"slider-2075 slide-3724\" \/><div class=\"caption-wrap\"><div class=\"caption\">Canarias<\/div><\/div><\/li>\n            <\/ul>\n        <\/div>\n        \n    <\/div>\n<\/div><\/span><\/span><\/h2>\n","protected":false},"excerpt":{"rendered":"<p>As RUP na UE As diferen\u00e7as em comum unem-nos &nbsp; A\u00e7ores, Can\u00e1rias, Guadalupe, Guiana, Madeira, Maiote, Martinica, Reuni\u00e3o e Saint-Martin: oito regi\u00f5es insulares e uma regi\u00e3o isolada a noroeste do continente sul-americano, a milhares de quil\u00f3metros da Europa. Umas banhadas pelo mar das Cara\u00edbas, outras pelos oceanos Atl\u00e2ntico e \u00cdndico. Portugu\u00eas, franc\u00eas e espanhol s\u00e3o [&hellip;]<\/p>\n","protected":false},"author":45,"featured_media":0,"parent":0,"menu_order":0,"comment_status":"closed","ping_status":"closed","template":"page-static-rich.php","meta":{"_acf_changed":false,"footnotes":"","_links_to":"","_links_to_target":""},"class_list":["post-40","page","type-page","status-publish","hentry"],"acf":[],"_links":{"self":[{"href":"https:\/\/www.cp-rup.com\/pt\/wp-json\/wp\/v2\/pages\/40","targetHints":{"allow":["GET"]}}],"collection":[{"href":"https:\/\/www.cp-rup.com\/pt\/wp-json\/wp\/v2\/pages"}],"about":[{"href":"https:\/\/www.cp-rup.com\/pt\/wp-json\/wp\/v2\/types\/page"}],"author":[{"embeddable":true,"href":"https:\/\/www.cp-rup.com\/pt\/wp-json\/wp\/v2\/users\/45"}],"replies":[{"embeddable":true,"href":"https:\/\/www.cp-rup.com\/pt\/wp-json\/wp\/v2\/comments?post=40"}],"version-history":[{"count":59,"href":"https:\/\/www.cp-rup.com\/pt\/wp-json\/wp\/v2\/pages\/40\/revisions"}],"predecessor-version":[{"id":5874,"href":"https:\/\/www.cp-rup.com\/pt\/wp-json\/wp\/v2\/pages\/40\/revisions\/5874"}],"wp:attachment":[{"href":"https:\/\/www.cp-rup.com\/pt\/wp-json\/wp\/v2\/media?parent=40"}],"curies":[{"name":"wp","href":"https:\/\/api.w.org\/{rel}","templated":true}]}}