{"id":4358,"date":"2019-03-27T14:39:23","date_gmt":"2019-03-27T14:39:23","guid":{"rendered":"https:\/\/cp-rup.com\/?page_id=4358"},"modified":"2023-10-10T19:22:33","modified_gmt":"2023-10-10T19:22:33","slug":"xxv-conferencia-dos-presidentes-das-regioes-ultraperifericas","status":"publish","type":"page","link":"https:\/\/www.cp-rup.com\/pt\/conferencia-anual\/xxv-conferencia-dos-presidentes-das-regioes-ultraperifericas\/","title":{"rendered":"XXVIII Confer\u00eancia dos Presidentes das Regi\u00f5es Ultraperif\u00e9ricas"},"content":{"rendered":"<h1 style=\"text-align: center;\">\u00a0XXVIII Confer\u00eancia dos Presidentes das Regi\u00f5es Ultraperif\u00e9ricas<\/h1>\n<p style=\"text-align: center;\">8 a 9 de novembro de 2023, <span lang=\"pt\">em Santa Cruz de Tenerife, Canarias<\/span><\/p>\n<p style=\"text-align: center;\">Mais informa\u00e7\u00f5es e inscri\u00e7\u00e3o: clique <a href=\"https:\/\/xxviiicprup.org\/\">aqui<\/a><\/p>\n<p style=\"text-align: center;\"><img loading=\"lazy\" decoding=\"async\" class=\"alignnone wp-image-7689\" src=\"https:\/\/cp-rup.com\/wp-content\/uploads\/2022\/12\/FotodeFamilia.XXVII_.CP-RUP-3-300x100.jpg\" alt=\"\" width=\"453\" height=\"151\" srcset=\"https:\/\/www.cp-rup.com\/wp-content\/uploads\/2022\/12\/FotodeFamilia.XXVII_.CP-RUP-3-300x100.jpg 300w, https:\/\/www.cp-rup.com\/wp-content\/uploads\/2022\/12\/FotodeFamilia.XXVII_.CP-RUP-3-1024x341.jpg 1024w, https:\/\/www.cp-rup.com\/wp-content\/uploads\/2022\/12\/FotodeFamilia.XXVII_.CP-RUP-3-768x256.jpg 768w, https:\/\/www.cp-rup.com\/wp-content\/uploads\/2022\/12\/FotodeFamilia.XXVII_.CP-RUP-3.jpg 1200w\" sizes=\"auto, (max-width: 453px) 100vw, 453px\" \/><\/p>\n","protected":false},"excerpt":{"rendered":"<p>\u00a0XXVIII Confer\u00eancia dos Presidentes das Regi\u00f5es Ultraperif\u00e9ricas 8 a 9 de novembro de 2023, em Santa Cruz de Tenerife, Canarias Mais informa\u00e7\u00f5es e inscri\u00e7\u00e3o: clique aqui<\/p>\n","protected":false},"author":45,"featured_media":0,"parent":54,"menu_order":0,"comment_status":"closed","ping_status":"closed","template":"","meta":{"_acf_changed":false,"footnotes":"","_links_to":"","_links_to_target":""},"class_list":["post-4358","page","type-page","status-publish","hentry"],"acf":[],"_links":{"self":[{"href":"https:\/\/www.cp-rup.com\/pt\/wp-json\/wp\/v2\/pages\/4358","targetHints":{"allow":["GET"]}}],"collection":[{"href":"https:\/\/www.cp-rup.com\/pt\/wp-json\/wp\/v2\/pages"}],"about":[{"href":"https:\/\/www.cp-rup.com\/pt\/wp-json\/wp\/v2\/types\/page"}],"author":[{"embeddable":true,"href":"https:\/\/www.cp-rup.com\/pt\/wp-json\/wp\/v2\/users\/45"}],"replies":[{"embeddable":true,"href":"https:\/\/www.cp-rup.com\/pt\/wp-json\/wp\/v2\/comments?post=4358"}],"version-history":[{"count":63,"href":"https:\/\/www.cp-rup.com\/pt\/wp-json\/wp\/v2\/pages\/4358\/revisions"}],"predecessor-version":[{"id":8954,"href":"https:\/\/www.cp-rup.com\/pt\/wp-json\/wp\/v2\/pages\/4358\/revisions\/8954"}],"up":[{"embeddable":true,"href":"https:\/\/www.cp-rup.com\/pt\/wp-json\/wp\/v2\/pages\/54"}],"wp:attachment":[{"href":"https:\/\/www.cp-rup.com\/pt\/wp-json\/wp\/v2\/media?parent=4358"}],"curies":[{"name":"wp","href":"https:\/\/api.w.org\/{rel}","templated":true}]}}