{"id":44,"date":"2017-09-20T08:47:07","date_gmt":"2017-09-20T08:47:07","guid":{"rendered":"http:\/\/rup.dev\/?page_id=44"},"modified":"2021-03-22T13:59:00","modified_gmt":"2021-03-22T13:59:00","slug":"conselho-da-ue","status":"publish","type":"page","link":"https:\/\/www.cp-rup.com\/pt\/as-rup-na-ue\/conselho-da-ue\/","title":{"rendered":"Conselho da UE"},"content":{"rendered":"<h1 style=\"text-align: center;\"><span id=\"result_box\" class=\"short_text\" lang=\"pt\">O Conselho da UE<\/span><\/h1>\n<p>O Conselho da Uni\u00e3o Europeia, constitu\u00eddo pelos ministros dos Estados-Membros, \u00e9 um \u00f3rg\u00e3o de decis\u00e3o essencial, uma vez que negocia e adota, atrav\u00e9s do processo legislativo ordin\u00e1rio (co-decis\u00e3o) com o Parlamento Europeu, a legisla\u00e7\u00e3o da UE. Al\u00e9m disso, o Conselho coordena as ac\u00e7\u00f5es dos Estados-Membros em dom\u00ednios espec\u00edficos, tais como medidas econ\u00f3micas para refor\u00e7ar a governa\u00e7\u00e3o econ\u00f3mica na Uni\u00e3o e supervisiona as pol\u00edticas or\u00e7amentais. Assim, o Conselho \u00e9 a institui\u00e7\u00e3o respons\u00e1vel pela adop\u00e7\u00e3o do or\u00e7amento da UE em conjunto com o Parlamento Europeu. O ano or\u00e7amental coincide com o ano civil.<\/p>\n<p>Existe um grupo de trabalho nas &#8220;regi\u00f5es ultraperif\u00e9ricas&#8221; do Conselho que se re\u00fane para discutir as propostas da Comiss\u00e3o Europeia com base no artigo 349\u00ba do TFUE.<\/p>\n<p>&nbsp;<\/p>\n<p><a href=\"https:\/\/cp-rup.com\/wp-content\/uploads\/2018\/03\/Consejo.de_.le_.UE_.01-w.jpg\"><img loading=\"lazy\" decoding=\"async\" class=\"aligncenter size-full wp-image-1360\" src=\"https:\/\/cp-rup.com\/wp-content\/uploads\/2018\/03\/Consejo.de_.le_.UE_.01-w.jpg\" alt=\"\" width=\"1170\" height=\"400\" srcset=\"https:\/\/www.cp-rup.com\/wp-content\/uploads\/2018\/03\/Consejo.de_.le_.UE_.01-w.jpg 1170w, https:\/\/www.cp-rup.com\/wp-content\/uploads\/2018\/03\/Consejo.de_.le_.UE_.01-w-300x103.jpg 300w, https:\/\/www.cp-rup.com\/wp-content\/uploads\/2018\/03\/Consejo.de_.le_.UE_.01-w-768x263.jpg 768w, https:\/\/www.cp-rup.com\/wp-content\/uploads\/2018\/03\/Consejo.de_.le_.UE_.01-w-1024x350.jpg 1024w\" sizes=\"auto, (max-width: 1170px) 100vw, 1170px\" \/><\/a><\/p>\n<p>&nbsp;<\/p>\n","protected":false},"excerpt":{"rendered":"<p>O Conselho da UE O Conselho da Uni\u00e3o Europeia, constitu\u00eddo pelos ministros dos Estados-Membros, \u00e9 um \u00f3rg\u00e3o de decis\u00e3o essencial, uma vez que negocia e adota, atrav\u00e9s do processo legislativo ordin\u00e1rio (co-decis\u00e3o) com o Parlamento Europeu, a legisla\u00e7\u00e3o da UE. Al\u00e9m disso, o Conselho coordena as ac\u00e7\u00f5es dos Estados-Membros em dom\u00ednios espec\u00edficos, tais como medidas [&hellip;]<\/p>\n","protected":false},"author":45,"featured_media":0,"parent":40,"menu_order":2,"comment_status":"closed","ping_status":"closed","template":"page-static-rich.php","meta":{"_acf_changed":false,"footnotes":"","_links_to":"","_links_to_target":""},"class_list":["post-44","page","type-page","status-publish","hentry"],"acf":[],"_links":{"self":[{"href":"https:\/\/www.cp-rup.com\/pt\/wp-json\/wp\/v2\/pages\/44","targetHints":{"allow":["GET"]}}],"collection":[{"href":"https:\/\/www.cp-rup.com\/pt\/wp-json\/wp\/v2\/pages"}],"about":[{"href":"https:\/\/www.cp-rup.com\/pt\/wp-json\/wp\/v2\/types\/page"}],"author":[{"embeddable":true,"href":"https:\/\/www.cp-rup.com\/pt\/wp-json\/wp\/v2\/users\/45"}],"replies":[{"embeddable":true,"href":"https:\/\/www.cp-rup.com\/pt\/wp-json\/wp\/v2\/comments?post=44"}],"version-history":[{"count":66,"href":"https:\/\/www.cp-rup.com\/pt\/wp-json\/wp\/v2\/pages\/44\/revisions"}],"predecessor-version":[{"id":5895,"href":"https:\/\/www.cp-rup.com\/pt\/wp-json\/wp\/v2\/pages\/44\/revisions\/5895"}],"up":[{"embeddable":true,"href":"https:\/\/www.cp-rup.com\/pt\/wp-json\/wp\/v2\/pages\/40"}],"wp:attachment":[{"href":"https:\/\/www.cp-rup.com\/pt\/wp-json\/wp\/v2\/media?parent=44"}],"curies":[{"name":"wp","href":"https:\/\/api.w.org\/{rel}","templated":true}]}}