{"id":46,"date":"2017-09-20T08:47:23","date_gmt":"2017-09-20T08:47:23","guid":{"rendered":"http:\/\/rup.dev\/?page_id=46"},"modified":"2023-01-11T14:40:34","modified_gmt":"2023-01-11T14:40:34","slug":"comissao-europeia","status":"publish","type":"page","link":"https:\/\/www.cp-rup.com\/pt\/as-rup-na-ue\/comissao-europeia\/","title":{"rendered":"Comiss\u00e3o Europeia"},"content":{"rendered":"<h1 style=\"text-align: center;\"><span id=\"result_box\" class=\"short_text\" lang=\"pt\">A Comiss\u00e3o Europeia<\/span><\/h1>\n<p>A Comiss\u00e3o Europeia \u00e9 o \u00f3rg\u00e3o de iniciativa executiva e legislativa do Parlamento Europeu e do Conselho da Uni\u00e3o Europeia. \u00c9 encarregado de propor a legisla\u00e7\u00e3o, a aplica\u00e7\u00e3o das decis\u00f5es e a defesa dos Tratados da Uni\u00e3o.<\/p>\n<h3 style=\"text-align: center;\">A Comiss\u00e3o Europeia e as RUP<\/h3>\n<p>A Comiss\u00e3o estabeleceu ac\u00e7\u00f5es a favor das Regi\u00f5es Ultraperif\u00e9ricas atrav\u00e9s de uma s\u00e9rie de comunica\u00e7\u00f5es sobre estas regi\u00f5es (<a href=\"https:\/\/cp-rup.com\/wp-content\/uploads\/2018\/09\/01-COM-2000-147-Relato\u0301rio-da-Commissa\u0303o-13-marC\u0327o.pdf\" target=\"_blank\" rel=\"noopener noreferrer\">2000<\/a>, <a href=\"https:\/\/cp-rup.com\/wp-content\/uploads\/2018\/09\/library_files\/03_com_(2004)_343_-_Parceria_refor\u00c7ada_para_RUP.pdf\" target=\"_blank\" rel=\"noopener noreferrer\">2004<\/a>, <a href=\"https:\/\/cp-rup.com\/wp-content\/uploads\/2018\/09\/library_files\/06_COM_(2007)_507_-_Estrat\u00e9gia_para_as_RUP-Progressos_alcan\u00c7ados_e_Perspectivas.pdf\" target=\"_blank\" rel=\"noopener noreferrer\">2008<\/a>, <a href=\"https:\/\/cp-rup.com\/wp-content\/uploads\/2018\/09\/library_files\/09_COM(2012)_287_-_Parceria_para_um_crescimento_inteligente,_sustent\u00e1vel_e_inclusivo.pdf\" target=\"_blank\" rel=\"noopener noreferrer\">2012,<\/a>\u00a0<a href=\"https:\/\/cp-rup.com\/wp-content\/uploads\/2018\/09\/library_files\/10_COM_(2017)_623_-_Uma_parceria_estrat\u00e9gica_refor\u00e7ada_e_renovada_com_as_RUP_PT.pdf\" target=\"_blank\" rel=\"noopener noreferrer\">2017<\/a> e <a href=\"https:\/\/cp-rup.com\/wp-content\/uploads\/2022\/12\/COM-2022_198-final_PT.pdf\">2022<\/a>), o que permitiu \u00e0 Comiss\u00e3o formular propostas de adapta\u00e7\u00e3o dos regulamentos que t\u00eam em conta as singularidades das RUP nas diferentes pol\u00edticas comuns.<\/p>\n<p>A Comiss\u00e3o Europeia renovou e refor\u00e7ou a sua Estrat\u00e9gia ao adoptar, a 3 de Maio de 2022, a Comunica\u00e7\u00e3o &#8220;<em>Dar prioridade \u00e0s pessoas, garantir o crescimento sustent\u00e1vel e inclusivo, realizar o potencial das regi\u00f5es ultraperif\u00e9ricas da UE<\/em>&#8220;, que reflecte o compromisso da Comiss\u00e3o para com as RUP, em conformidade com o artigo 349 do Tratado sobre o Funcionamento da UE.<\/p>\n<p>Esta <a href=\"https:\/\/cp-rup.com\/wp-content\/uploads\/2022\/12\/COM-2022_198-final_PT.pdf\">Comunica\u00e7\u00e3o<\/a> estabelece as prioridades de a\u00e7\u00e3o da UE com e para as regi\u00f5es ultraperif\u00e9ricas a fim de promover o seu desenvolvimento, bem como recomenda\u00e7\u00f5es de a\u00e7\u00e3o para as regi\u00f5es ultraperif\u00e9ricas e os seus Estados-Membros: Fran\u00e7a, Portugal e Espanha.<\/p>\n<p>A Comiss\u00e3o estabelece igualmente as medidas que considera necess\u00e1rias para promover a recupera\u00e7\u00e3o e o crescimento sustent\u00e1vel nestas regi\u00f5es, na sequ\u00eancia do grave impacto da pandemia de coronav\u00edrus nas RUP.<\/p>\n<p>A estrat\u00e9gia renovada e refor\u00e7ada demonstra o compromisso inabal\u00e1vel da Comiss\u00e3o para com as RUP, o que ela considera ser:<\/p>\n<ul>\n<li>uma obriga\u00e7\u00e3o institucional, tal como previsto no artigo 349 do TFUE,<\/li>\n<li>um imperativo pol\u00edtico, tendo em conta os 5 milh\u00f5es de cidad\u00e3os europeus que vivem nas RUP,<\/li>\n<li>uma necessidade econ\u00f3mica dado o potencial inexplorado nas RUP, particularmente para a economia verde,<\/li>\n<li>um investimento geoestrat\u00e9gico, refor\u00e7ando o papel destas regi\u00f5es como portas de entrada da Uni\u00e3o Europeia ao resto do mundo.<\/li>\n<\/ul>\n\t\t<div class=\"col-12 mb-5\">\n\t\t\t<div class=\"row widget_picture_with_floating_text\">\n\t\t\t\t<div class=\"col-8  widget_picture_with_floating_text__picture\" style=\"background-image: url('https:\/\/cp-rup.com\/wp-content\/uploads\/2023\/01\/Berlaymont.jpg');\"><\/div>\n\t\t\t\t<div class=\"col-6 widget_picture_with_floating_text__text widget_picture_with_floating_text__text--right\">\n\t\t\t\t\t<h3>Pilares da nova Estrat\u00e9gia<\/h3>\n\t\t\t\t\t<p>\n<ul>\n<li>Construir sobre os activos \u00fanicos de cada regi\u00e3o;<\/li>\n<li>Apoiar a transforma\u00e7\u00e3o econ\u00f3mica sustent\u00e1vel;<\/li>\n<li>Refor\u00e7ar a coopera\u00e7\u00e3o regional com os pa\u00edses e territ\u00f3rios vizinhos.<\/li>\n<li>Refor\u00e7ar a parceria, o di\u00e1logo e o apoio a estas regi\u00f5es.<\/p>\n\t\t\t\t<\/div>\n\t\t\t<\/div>\n\t\t<\/div>\n\n<\/li>\n<\/ul>\n<p>A Comunica\u00e7\u00e3o \u00e9 acompanhada por um documento de trabalho dos servi\u00e7os da Comiss\u00e3o intitulado &#8220;<a href=\"https:\/\/cp-rup.com\/wp-content\/uploads\/2022\/12\/SWD-2022-133-final_PT.pdf\">Panor\u00e2mica das regi\u00f5es ultraperif\u00e9ricas \u2013 ativos, desafios e oportunidades<\/a>&#8221; (SWD\/2022\/133 final) que fornece uma vis\u00e3o geral de cada regi\u00e3o ultraperif\u00e9rica.<\/p>\n<p>\u00c9 tamb\u00e9m acompanhada por um relat\u00f3rio de s\u00edntese intitulado &#8220;<a href=\"https:\/\/cp-rup.com\/wp-content\/uploads\/2022\/12\/SWD-2022-134-final_EN-3.pdf\">Resultados da comunica\u00e7\u00e3o relativa \u00e0s atividades de consulta sobre as regi\u00f5es ultraperif\u00e9ricas<\/a>&#8221; (SWD(2022) 134 final), que apresenta um resumo do processo de consulta p\u00fablica que precedeu a prepara\u00e7\u00e3o da Comunica\u00e7\u00e3o.<\/p>\n<h3 style=\"text-align: center;\">Unidade RUP na DG REGIO<\/h3>\n<p>Al\u00e9m disso, a Comiss\u00e3o Europeia disp\u00f5e de uma Unidade de Regi\u00f5es Ultraperif\u00e9ricas, integrada na Dire\u00e7\u00e3o-Geral da Pol\u00edtica Regional (DG REGIO), atualmente dependente da Comiss\u00e1ria para esta pol\u00edtica, Elisa Ferreira. A miss\u00e3o desta unidade \u00e9 coordenar a\u00e7\u00f5es em prol das RUP, assegurando que os interesses e particularidades destas regi\u00f5es sejam reflectidos nas v\u00e1rias normas sectoriais do direito europeu. \u00c9 tamb\u00e9m respons\u00e1vel por canalizar os contactos com as administra\u00e7\u00f5es nacionais e regionais envolvidas.<\/p>\n<p>&nbsp;<\/p>\n<h2 style=\"text-align: center;\"><img loading=\"lazy\" decoding=\"async\" class=\"alignnone wp-image-1035 size-full\" src=\"https:\/\/cp-rup.com\/wp-content\/uploads\/2018\/02\/ComisionEuropea2.jpg\" alt=\"\" width=\"1110\" height=\"400\" srcset=\"https:\/\/www.cp-rup.com\/wp-content\/uploads\/2018\/02\/ComisionEuropea2.jpg 1110w, https:\/\/www.cp-rup.com\/wp-content\/uploads\/2018\/02\/ComisionEuropea2-300x108.jpg 300w, https:\/\/www.cp-rup.com\/wp-content\/uploads\/2018\/02\/ComisionEuropea2-768x277.jpg 768w, https:\/\/www.cp-rup.com\/wp-content\/uploads\/2018\/02\/ComisionEuropea2-1024x369.jpg 1024w\" sizes=\"auto, (max-width: 1110px) 100vw, 1110px\" \/><\/h2>\n<p>&nbsp;<\/p>\n","protected":false},"excerpt":{"rendered":"<p>A Comiss\u00e3o Europeia A Comiss\u00e3o Europeia \u00e9 o \u00f3rg\u00e3o de iniciativa executiva e legislativa do Parlamento Europeu e do Conselho da Uni\u00e3o Europeia. \u00c9 encarregado de propor a legisla\u00e7\u00e3o, a aplica\u00e7\u00e3o das decis\u00f5es e a defesa dos Tratados da Uni\u00e3o. A Comiss\u00e3o Europeia e as RUP A Comiss\u00e3o estabeleceu ac\u00e7\u00f5es a favor das Regi\u00f5es Ultraperif\u00e9ricas [&hellip;]<\/p>\n","protected":false},"author":45,"featured_media":0,"parent":40,"menu_order":3,"comment_status":"closed","ping_status":"closed","template":"page-static-rich.php","meta":{"_acf_changed":false,"footnotes":"","_links_to":"","_links_to_target":""},"class_list":["post-46","page","type-page","status-publish","hentry"],"acf":[],"_links":{"self":[{"href":"https:\/\/www.cp-rup.com\/pt\/wp-json\/wp\/v2\/pages\/46","targetHints":{"allow":["GET"]}}],"collection":[{"href":"https:\/\/www.cp-rup.com\/pt\/wp-json\/wp\/v2\/pages"}],"about":[{"href":"https:\/\/www.cp-rup.com\/pt\/wp-json\/wp\/v2\/types\/page"}],"author":[{"embeddable":true,"href":"https:\/\/www.cp-rup.com\/pt\/wp-json\/wp\/v2\/users\/45"}],"replies":[{"embeddable":true,"href":"https:\/\/www.cp-rup.com\/pt\/wp-json\/wp\/v2\/comments?post=46"}],"version-history":[{"count":149,"href":"https:\/\/www.cp-rup.com\/pt\/wp-json\/wp\/v2\/pages\/46\/revisions"}],"predecessor-version":[{"id":7933,"href":"https:\/\/www.cp-rup.com\/pt\/wp-json\/wp\/v2\/pages\/46\/revisions\/7933"}],"up":[{"embeddable":true,"href":"https:\/\/www.cp-rup.com\/pt\/wp-json\/wp\/v2\/pages\/40"}],"wp:attachment":[{"href":"https:\/\/www.cp-rup.com\/pt\/wp-json\/wp\/v2\/media?parent=46"}],"curies":[{"name":"wp","href":"https:\/\/api.w.org\/{rel}","templated":true}]}}