{"id":4784,"date":"2019-11-17T14:55:32","date_gmt":"2019-11-17T14:55:32","guid":{"rendered":"https:\/\/cp-rup.com\/?page_id=4784"},"modified":"2021-03-19T23:52:00","modified_gmt":"2021-03-19T23:52:00","slug":"inscricao-na-xxiv-conferencia-dos-presidentes-das-rup","status":"publish","type":"page","link":"https:\/\/www.cp-rup.com\/pt\/inscricao-na-xxiv-conferencia-dos-presidentes-das-rup\/","title":{"rendered":"Inscri\u00e7\u00e3o na XXIV Confer\u00eancia dos Presidentes das RUP"},"content":{"rendered":"","protected":true},"excerpt":{"rendered":"","protected":true},"author":45,"featured_media":0,"parent":0,"menu_order":0,"comment_status":"closed","ping_status":"closed","template":"","meta":{"_acf_changed":false,"footnotes":"","_links_to":"","_links_to_target":""},"class_list":["post-4784","page","type-page","status-publish","post-password-required","hentry"],"acf":[],"_links":{"self":[{"href":"https:\/\/www.cp-rup.com\/pt\/wp-json\/wp\/v2\/pages\/4784","targetHints":{"allow":["GET"]}}],"collection":[{"href":"https:\/\/www.cp-rup.com\/pt\/wp-json\/wp\/v2\/pages"}],"about":[{"href":"https:\/\/www.cp-rup.com\/pt\/wp-json\/wp\/v2\/types\/page"}],"author":[{"embeddable":true,"href":"https:\/\/www.cp-rup.com\/pt\/wp-json\/wp\/v2\/users\/45"}],"replies":[{"embeddable":true,"href":"https:\/\/www.cp-rup.com\/pt\/wp-json\/wp\/v2\/comments?post=4784"}],"version-history":[{"count":17,"href":"https:\/\/www.cp-rup.com\/pt\/wp-json\/wp\/v2\/pages\/4784\/revisions"}],"predecessor-version":[{"id":6066,"href":"https:\/\/www.cp-rup.com\/pt\/wp-json\/wp\/v2\/pages\/4784\/revisions\/6066"}],"wp:attachment":[{"href":"https:\/\/www.cp-rup.com\/pt\/wp-json\/wp\/v2\/media?parent=4784"}],"curies":[{"name":"wp","href":"https:\/\/api.w.org\/{rel}","templated":true}]}}