{"id":4788,"date":"2019-11-17T15:29:55","date_gmt":"2019-11-17T15:29:55","guid":{"rendered":"https:\/\/cp-rup.com\/?page_id=4788"},"modified":"2021-03-20T00:01:05","modified_gmt":"2021-03-20T00:01:05","slug":"fr-24-conference-des-presidents-des-regions-ultraperipheriques-2","status":"publish","type":"page","link":"https:\/\/www.cp-rup.com\/pt\/fr-24-conference-des-presidents-des-regions-ultraperipheriques-2\/","title":{"rendered":""},"content":{"rendered":"<h1 style=\"text-align: center;\">XXV Confer\u00eancia dos Presidentes das Regi\u00f5es Ultraperif\u00e9ricas<\/h1>\n<p style=\"text-align: center;\">26 a 27 de novembro de 2020,\u00a0<span lang=\"pt\">em Mayotte por videoconfer\u00eancia<\/span><\/p>\n<p style=\"text-align: center;\"><a href=\"https:\/\/cp-rup.com\/wp-content\/uploads\/2020\/11\/WEB-PROGRAM-EN.pdf\"><strong><span lang=\"pt\">Veja o Programa da Confer\u00eancia<\/span><\/strong><\/a><\/p>\n<p style=\"text-align: center;\">P<span lang=\"pt\">ara qualquer informa\u00e7\u00e3o, escreva para<\/span>\u00a0<a href=\"mailto:contact@cp-rupmayotte.com\">contact@cp-rupmayotte.com<\/a><\/p>\n<div class=\"jhH5U\">\n<div id=\"tw-ob\" class=\"tw-src-ltr\">\n<div class=\"oSioSc\">\n<div id=\"tw-target\">\n<div id=\"kAz1tf\" class=\"g9WsWb\">\n<div id=\"tw-target-rmn-container\" class=\"tw-ta-container hide-focus-ring tw-nfl\"><\/div>\n<\/div>\n<\/div>\n<\/div>\n<\/div>\n<\/div>\n<p style=\"text-align: center;\"><div id=\"metaslider-id-3880\" style=\"max-width: 1200px;\" class=\"ml-slider-3-20-3 metaslider metaslider-flex metaslider-3880 ml-slider\">\n    <div id=\"metaslider_container_3880\">\n        <div id=\"metaslider_3880\">\n            <ul aria-live=\"polite\" class=\"slides\">\n                <li style=\"display: block; width: 100%;\" class=\"slide-5426 ms-image\"><img loading=\"lazy\" decoding=\"async\" src=\"https:\/\/www.cp-rup.com\/wp-content\/uploads\/2020\/07\/109915337_1684830265014718_5731765665403614709_n-960x320.jpg\" height=\"400\" width=\"1200\" alt=\"\" class=\"slider-3880 slide-5426\" \/><\/li>\n                <li style=\"display: none; width: 100%;\" class=\"slide-5535 ms-image\"><img loading=\"lazy\" decoding=\"async\" src=\"https:\/\/www.cp-rup.com\/wp-content\/uploads\/2020\/11\/IMG-20200207-WA0017-1200x400.jpg\" height=\"400\" width=\"1200\" alt=\"\" class=\"slider-3880 slide-5535\" \/><\/li>\n                <li style=\"display: none; width: 100%;\" class=\"slide-5531 ms-image\"><img loading=\"lazy\" decoding=\"async\" src=\"https:\/\/www.cp-rup.com\/wp-content\/uploads\/2020\/11\/IMG-20201016-WA0035-1200x400.jpg\" height=\"400\" width=\"1200\" alt=\"\" class=\"slider-3880 slide-5531\" \/><\/li>\n                <li style=\"display: none; width: 100%;\" class=\"slide-5533 ms-image\"><img loading=\"lazy\" decoding=\"async\" src=\"https:\/\/www.cp-rup.com\/wp-content\/uploads\/2020\/11\/IMG-20200208-WA0005-1200x400.jpg\" height=\"400\" width=\"1200\" alt=\"\" class=\"slider-3880 slide-5533\" \/><\/li>\n                <li style=\"display: none; width: 100%;\" class=\"slide-4073 ms-image\"><img loading=\"lazy\" decoding=\"async\" src=\"https:\/\/www.cp-rup.com\/wp-content\/uploads\/2018\/11\/Gwen-Le-Bigot-il\u00f4t-Dzaoudzi-1200x400.jpg\" height=\"400\" width=\"1200\" alt=\"\" class=\"slider-3880 slide-4073\" \/><\/li>\n            <\/ul>\n        <\/div>\n        \n    <\/div>\n<\/div><\/p>\n","protected":false},"excerpt":{"rendered":"<p>XXV Confer\u00eancia dos Presidentes das Regi\u00f5es Ultraperif\u00e9ricas 26 a 27 de novembro de 2020,\u00a0em Mayotte por videoconfer\u00eancia Veja o Programa da Confer\u00eancia Para qualquer informa\u00e7\u00e3o, escreva para\u00a0contact@cp-rupmayotte.com<\/p>\n","protected":false},"author":45,"featured_media":0,"parent":0,"menu_order":0,"comment_status":"closed","ping_status":"closed","template":"","meta":{"_acf_changed":false,"footnotes":"","_links_to":"","_links_to_target":""},"class_list":["post-4788","page","type-page","status-publish","hentry"],"acf":[],"_links":{"self":[{"href":"https:\/\/www.cp-rup.com\/pt\/wp-json\/wp\/v2\/pages\/4788","targetHints":{"allow":["GET"]}}],"collection":[{"href":"https:\/\/www.cp-rup.com\/pt\/wp-json\/wp\/v2\/pages"}],"about":[{"href":"https:\/\/www.cp-rup.com\/pt\/wp-json\/wp\/v2\/types\/page"}],"author":[{"embeddable":true,"href":"https:\/\/www.cp-rup.com\/pt\/wp-json\/wp\/v2\/users\/45"}],"replies":[{"embeddable":true,"href":"https:\/\/www.cp-rup.com\/pt\/wp-json\/wp\/v2\/comments?post=4788"}],"version-history":[{"count":46,"href":"https:\/\/www.cp-rup.com\/pt\/wp-json\/wp\/v2\/pages\/4788\/revisions"}],"predecessor-version":[{"id":7630,"href":"https:\/\/www.cp-rup.com\/pt\/wp-json\/wp\/v2\/pages\/4788\/revisions\/7630"}],"wp:attachment":[{"href":"https:\/\/www.cp-rup.com\/pt\/wp-json\/wp\/v2\/media?parent=4788"}],"curies":[{"name":"wp","href":"https:\/\/api.w.org\/{rel}","templated":true}]}}