{"id":58,"date":"2017-09-20T08:48:31","date_gmt":"2017-09-20T08:48:31","guid":{"rendered":"http:\/\/rup.dev\/?page_id=58"},"modified":"2024-04-02T07:53:01","modified_gmt":"2024-04-02T07:53:01","slug":"programa-presidencia","status":"publish","type":"page","link":"https:\/\/www.cp-rup.com\/pt\/conferencia-anual\/programa-presidencia\/","title":{"rendered":"Programa Presid\u00eancia"},"content":{"rendered":"<h3 style=\"text-align: center;\"><strong>Roteiro para a presid\u00eancia da Reuni\u00e3o 2023\/2024<\/strong><\/h3>\n<p>&nbsp;<\/p>\n<ul>\n<li>Contribuir para a sensibiliza\u00e7\u00e3o das institui\u00e7\u00f5es, que ser\u00e3o renovadas em 2024, para a realidade das Regi\u00f5es Ultraperif\u00e9ricas;<\/li>\n<li>Assegurar que as Regi\u00f5es Ultraperif\u00e9ricas s\u00e3o devidamente consideradas no seguimento da Confer\u00eancia sobre o Futuro da Europa;<\/li>\n<li>Acompanhar os debates sobre o futuro da Pol\u00edtica de Coes\u00e3o, ap\u00f3s 2027, e em particular, o 9\u00ba Relat\u00f3rio sobre a Coes\u00e3o Econ\u00f3mica, Social e Territorial na UE;<\/li>\n<li>Assegurar o acompanhamento da implementa\u00e7\u00e3o da estrat\u00e9gia europeia para as Regi\u00f5es Ultraperif\u00e9ricas;<\/li>\n<li>Dar a m\u00e1xima aten\u00e7\u00e3o aos textos do pacote clim\u00e1tico &#8220;Fit for 55&#8221;, para que a sua aplica\u00e7\u00e3o seja adaptada \u00e0s especificidades das Regi\u00f5es Ultraperif\u00e9ricas e se mantenha plenamente compat\u00edvel com a sua situa\u00e7\u00e3o social e econ\u00f3mica e sem afetar o poder de compra da sua popula\u00e7\u00e3o;<\/li>\n<li>Assegurar a aplica\u00e7\u00e3o de medidas coerentes e eficazes para garantir uma verdadeira integra\u00e7\u00e3o regional das RUP;<\/li>\n<li>Agilizar a implementa\u00e7\u00e3o da Associa\u00e7\u00e3o da Confer\u00eancia dos Presidentes das RUP e assegurar o seu bom funcionamento.<\/li>\n<\/ul>\n<h4><\/h4>\n","protected":false},"excerpt":{"rendered":"<p>Roteiro para a presid\u00eancia da Reuni\u00e3o 2023\/2024 &nbsp; Contribuir para a sensibiliza\u00e7\u00e3o das institui\u00e7\u00f5es, que ser\u00e3o renovadas em 2024, para a realidade das Regi\u00f5es Ultraperif\u00e9ricas; Assegurar que as Regi\u00f5es Ultraperif\u00e9ricas s\u00e3o devidamente consideradas no seguimento da Confer\u00eancia sobre o Futuro da Europa; Acompanhar os debates sobre o futuro da Pol\u00edtica de Coes\u00e3o, ap\u00f3s 2027, e [&hellip;]<\/p>\n","protected":false},"author":45,"featured_media":0,"parent":54,"menu_order":3,"comment_status":"closed","ping_status":"closed","template":"page-static-rich.php","meta":{"_acf_changed":false,"footnotes":"","_links_to":"","_links_to_target":""},"class_list":["post-58","page","type-page","status-publish","hentry"],"acf":[],"_links":{"self":[{"href":"https:\/\/www.cp-rup.com\/pt\/wp-json\/wp\/v2\/pages\/58","targetHints":{"allow":["GET"]}}],"collection":[{"href":"https:\/\/www.cp-rup.com\/pt\/wp-json\/wp\/v2\/pages"}],"about":[{"href":"https:\/\/www.cp-rup.com\/pt\/wp-json\/wp\/v2\/types\/page"}],"author":[{"embeddable":true,"href":"https:\/\/www.cp-rup.com\/pt\/wp-json\/wp\/v2\/users\/45"}],"replies":[{"embeddable":true,"href":"https:\/\/www.cp-rup.com\/pt\/wp-json\/wp\/v2\/comments?post=58"}],"version-history":[{"count":91,"href":"https:\/\/www.cp-rup.com\/pt\/wp-json\/wp\/v2\/pages\/58\/revisions"}],"predecessor-version":[{"id":9741,"href":"https:\/\/www.cp-rup.com\/pt\/wp-json\/wp\/v2\/pages\/58\/revisions\/9741"}],"up":[{"embeddable":true,"href":"https:\/\/www.cp-rup.com\/pt\/wp-json\/wp\/v2\/pages\/54"}],"wp:attachment":[{"href":"https:\/\/www.cp-rup.com\/pt\/wp-json\/wp\/v2\/media?parent=58"}],"curies":[{"name":"wp","href":"https:\/\/api.w.org\/{rel}","templated":true}]}}