{"id":64,"date":"2017-09-20T08:49:10","date_gmt":"2017-09-20T08:49:10","guid":{"rendered":"http:\/\/rup.dev\/?page_id=64"},"modified":"2021-04-23T11:55:37","modified_gmt":"2021-04-23T11:55:37","slug":"biblioteca","status":"publish","type":"page","link":"https:\/\/www.cp-rup.com\/pt\/biblioteca\/","title":{"rendered":"Biblioteca"},"content":{"rendered":"<h1 style=\"text-align: center;\">Biblioteca<\/h1>\n<p>Pretende-se recolher e classificar nesta biblioteca os documentos referentes \u00e0s Regi\u00f5es Ultraperif\u00e9ricas mais relevantes. Uma primeira classifica\u00e7\u00e3o dos documentos foi realizada de acordo com o \u00f3rg\u00e3o de onde emanam, por exemplo, Comiss\u00e3o Europeia, Comit\u00e9 das Regi\u00f5es, Comit\u00e9 Econ\u00f3mico e Social Europeu e Parlamento Europeu, respeitando a sua classifica\u00e7\u00e3o: comunica\u00e7\u00f5es, pareceres, resolu\u00e7\u00f5es, informa\u00e7\u00f5es, etc.<\/p>\n<p>Tamb\u00e9m foram recolhidos documentos adotados pelas pr\u00f3prias RUP, tais como memorandos, contribui\u00e7\u00f5es conjuntas, declara\u00e7\u00f5es finais, etc.<\/p>\n<p>A pesquisa avan\u00e7ada permite selecionar os documentos por organismo de origem (Comiss\u00e3o Europeia, Comit\u00e9 das Regi\u00f5es&#8230;), por etiquetas (t\u00f3picos que o documento aborda) ou por palavras que fazem parte do t\u00edtulo do documento<\/p>\n    <div id=\"library_plugin\">\n        <div class=\"modal modal col-10 offset-1 col-sm-8 offset-sm-2\" id=\"file_modal\" tabindex=\"-1\" role=\"dialog\"\n             aria-labelledby=\"file_modal\">\n            <div class=\"modal-dialog\" role=\"document\">\n                <div class=\"modal-content\">\n                    <div class=\"modal-header\">\n                        <h4 class=\"modal-title\">File Info<\/h4>\n                        <button type=\"button\" class=\"close\" data-dismiss=\"modal\" aria-label=\"Close\"><span\n                                    aria-hidden=\"true\">&times;<\/span><\/button>\n                    <\/div>\n                    <div class=\"modal-body\">\n                        <div class=\"row\">\n                            <div class=\"col-12 col-md-9\">\n                                <h3>TituloTitle:<\/h3>\n                                <p class=\"file_modal-title\">TITLE<\/p>\n                                <h3>Descri\u00e7\u00e3o:<\/h3>\n                                <p class=\"file_modal-description\">DESCRIPTION<\/p>\n                                <h3>Categor\u00eda:<\/h3>\n                                <p class=\"file_modal-category\">CATEGORY<\/p>\n                                <h3>Data:<\/h3>\n                                <p class=\"file_modal-date\">DATE<\/p>\n                            <\/div>\n                            <div class=\"col-12 col-md-3\">\n                                <div class=\"file_modal-preview\">\n                                    <img decoding=\"async\" class=\"thumbnail\" src=\"\"\/>\n                                <\/div>\n                            <\/div>\n                        <\/div>\n                    <\/div>\n                    <div class=\"modal-footer\">\n                        <button type=\"button\" class=\"btn btn-default\"\n                                data-dismiss=\"modal\">Close<\/button>\n                        <a href=\"#\" class=\"btn btn-primary file_modal-download\"\n                           target=\"_new\">DOWNLOAD<\/a>\n                    <\/div>\n                <\/div>\n            <\/div>\n        <\/div>\n                <div class=\"search_results\" id=\"search_results\">\n            \n                    <a href=\"https:\/\/www.cp-rup.com\/pt\/biblioteca\/?file_name=&file_category=\" class=\"breadcrumb_link\">\n            <span class=\"breadcrumb_title--active\">Documentos<\/span>\n        <\/a>\n                    <a href=\"https:\/\/www.cp-rup.com\/pt\/biblioteca\/?file_name=&file_category=none&search=true\" class=\"pull-right advanced_search\">\n            <i class=\"fa fa-search\" aria-hidden=\"true\"><\/i>\n            <span class=\"text-underline\">Pesquisa Avan\u00e7ada<\/span>\n        <\/a>\n            <div class=\"table-responsive\">\n            <table class=\"table\">\n                <tr>\n                    <th class=\"header-icon-padding\">Nome<\/th>\n                    <th>Etiquetas<\/th>\n                                    <\/tr>\n                                            <tr>\n                                <td>\n                                                                        <!-- file_name -->\n                                    <!-- file_tags -->\n                                    <!-- file_category -->\n                                    <a href=\"https:\/\/www.cp-rup.com\/pt\/biblioteca\/?file_name=&file_category=comissao-europeia\" class=\"folder_link\">\n                                        <i class=\"icon-padding fa fa-folder\" aria-hidden=\"true\"><\/i>\n                                        <span class=\"folder_title\">Comiss\u00e3o Europeia\t\t\t\t\t\t\t\t\t\t<\/span>\n                                    <\/a>\n                                <\/td>\n                                <td><\/td>\n                            <\/tr>\n                                                    <tr>\n                                <td>\n                                                                        <!-- file_name -->\n                                    <!-- file_tags -->\n                                    <!-- file_category -->\n                                    <a href=\"https:\/\/www.cp-rup.com\/pt\/biblioteca\/?file_name=&file_category=comite-das-regioes\" class=\"folder_link\">\n                                        <i class=\"icon-padding fa fa-folder\" aria-hidden=\"true\"><\/i>\n                                        <span class=\"folder_title\">Comit\u00e9 das Regi\u00f5es\t\t\t\t\t\t\t\t\t\t<\/span>\n                                    <\/a>\n                                <\/td>\n                                <td><\/td>\n                            <\/tr>\n                                                    <tr>\n                                <td>\n                                                                        <!-- file_name -->\n                                    <!-- file_tags -->\n                                    <!-- file_category -->\n                                    <a href=\"https:\/\/www.cp-rup.com\/pt\/biblioteca\/?file_name=&file_category=comite-economico-e-social\" class=\"folder_link\">\n                                        <i class=\"icon-padding fa fa-folder\" aria-hidden=\"true\"><\/i>\n                                        <span class=\"folder_title\">Comit\u00e9 Econ\u00f3mico e Social\t\t\t\t\t\t\t\t\t\t<\/span>\n                                    <\/a>\n                                <\/td>\n                                <td><\/td>\n                            <\/tr>\n                                                    <tr>\n                                <td>\n                                                                        <!-- file_name -->\n                                    <!-- file_tags -->\n                                    <!-- file_category -->\n                                    <a href=\"https:\/\/www.cp-rup.com\/pt\/biblioteca\/?file_name=&file_category=conselho-europeu\" class=\"folder_link\">\n                                        <i class=\"icon-padding fa fa-folder\" aria-hidden=\"true\"><\/i>\n                                        <span class=\"folder_title\">Conselho Europeu\t\t\t\t\t\t\t\t\t\t<\/span>\n                                    <\/a>\n                                <\/td>\n                                <td><\/td>\n                            <\/tr>\n                                                    <tr>\n                                <td>\n                                                                        <!-- file_name -->\n                                    <!-- file_tags -->\n                                    <!-- file_category -->\n                                    <a href=\"https:\/\/www.cp-rup.com\/pt\/biblioteca\/?file_name=&file_category=cprup-pt\" class=\"folder_link\">\n                                        <i class=\"icon-padding fa fa-folder\" aria-hidden=\"true\"><\/i>\n                                        <span class=\"folder_title\">CPRUP PT\t\t\t\t\t\t\t\t\t\t<\/span>\n                                    <\/a>\n                                <\/td>\n                                <td><\/td>\n                            <\/tr>\n                                                    <tr>\n                                <td>\n                                                                        <!-- file_name -->\n                                    <!-- file_tags -->\n                                    <!-- file_category -->\n                                    <a href=\"https:\/\/www.cp-rup.com\/pt\/biblioteca\/?file_name=&file_category=parlamento-europeu\" class=\"folder_link\">\n                                        <i class=\"icon-padding fa fa-folder\" aria-hidden=\"true\"><\/i>\n                                        <span class=\"folder_title\">Parlamento Europeu\t\t\t\t\t\t\t\t\t\t<\/span>\n                                    <\/a>\n                                <\/td>\n                                <td><\/td>\n                            <\/tr>\n                                                    <tr>\n                                <td>\n                                                                        <!-- file_name -->\n                                    <!-- file_tags -->\n                                    <!-- file_category -->\n                                    <a href=\"https:\/\/www.cp-rup.com\/pt\/biblioteca\/?file_name=&file_category=ue\" class=\"folder_link\">\n                                        <i class=\"icon-padding fa fa-folder\" aria-hidden=\"true\"><\/i>\n                                        <span class=\"folder_title\">Tratados\t\t\t\t\t\t\t\t\t\t<\/span>\n                                    <\/a>\n                                <\/td>\n                                <td><\/td>\n                            <\/tr>\n                                                    <tr>\n                                <td>\n                                                                        <!-- file_name -->\n                                    <!-- file_tags -->\n                                    <!-- file_category -->\n                                    <a href=\"https:\/\/www.cp-rup.com\/pt\/biblioteca\/?file_name=&file_category=tribunal-de-justica-da-ue\" class=\"folder_link\">\n                                        <i class=\"icon-padding fa fa-folder\" aria-hidden=\"true\"><\/i>\n                                        <span class=\"folder_title\">Tribunal de Justi\u00e7a da UE\t\t\t\t\t\t\t\t\t\t<\/span>\n                                    <\/a>\n                                <\/td>\n                                <td><\/td>\n                            <\/tr>\n                        \n            <\/table>\n            <div class=\"library-pagination\">\n                            <\/div>\n        <\/div>\n            <\/div>\n    <\/div>\n\n    \n","protected":false},"excerpt":{"rendered":"<p>Biblioteca Pretende-se recolher e classificar nesta biblioteca os documentos referentes \u00e0s Regi\u00f5es Ultraperif\u00e9ricas mais relevantes. Uma primeira classifica\u00e7\u00e3o dos documentos foi realizada de acordo com o \u00f3rg\u00e3o de onde emanam, por exemplo, Comiss\u00e3o Europeia, Comit\u00e9 das Regi\u00f5es, Comit\u00e9 Econ\u00f3mico e Social Europeu e Parlamento Europeu, respeitando a sua classifica\u00e7\u00e3o: comunica\u00e7\u00f5es, pareceres, resolu\u00e7\u00f5es, informa\u00e7\u00f5es, etc. Tamb\u00e9m [&hellip;]<\/p>\n","protected":false},"author":45,"featured_media":0,"parent":0,"menu_order":0,"comment_status":"closed","ping_status":"closed","template":"page-static-rich.php","meta":{"_acf_changed":false,"footnotes":"","_links_to":"","_links_to_target":""},"class_list":["post-64","page","type-page","status-publish","hentry"],"acf":[],"_links":{"self":[{"href":"https:\/\/www.cp-rup.com\/pt\/wp-json\/wp\/v2\/pages\/64","targetHints":{"allow":["GET"]}}],"collection":[{"href":"https:\/\/www.cp-rup.com\/pt\/wp-json\/wp\/v2\/pages"}],"about":[{"href":"https:\/\/www.cp-rup.com\/pt\/wp-json\/wp\/v2\/types\/page"}],"author":[{"embeddable":true,"href":"https:\/\/www.cp-rup.com\/pt\/wp-json\/wp\/v2\/users\/45"}],"replies":[{"embeddable":true,"href":"https:\/\/www.cp-rup.com\/pt\/wp-json\/wp\/v2\/comments?post=64"}],"version-history":[{"count":37,"href":"https:\/\/www.cp-rup.com\/pt\/wp-json\/wp\/v2\/pages\/64\/revisions"}],"predecessor-version":[{"id":5967,"href":"https:\/\/www.cp-rup.com\/pt\/wp-json\/wp\/v2\/pages\/64\/revisions\/5967"}],"wp:attachment":[{"href":"https:\/\/www.cp-rup.com\/pt\/wp-json\/wp\/v2\/media?parent=64"}],"curies":[{"name":"wp","href":"https:\/\/api.w.org\/{rel}","templated":true}]}}