{"id":684,"date":"2018-08-01T11:19:51","date_gmt":"2018-08-01T11:19:51","guid":{"rendered":"https:\/\/cp-rup.com\/?page_id=684"},"modified":"2021-03-19T22:52:27","modified_gmt":"2021-03-19T22:52:27","slug":"aviso-legal","status":"publish","type":"page","link":"https:\/\/www.cp-rup.com\/pt\/aviso-legal\/","title":{"rendered":"Exonera\u00e7\u00e3o de responsabilidade"},"content":{"rendered":"<h1 style=\"text-align: center;\">Declara\u00e7\u00e3o de exonera\u00e7\u00e3o de responsabilidade<\/h1>\n<p>O objetivo deste site \u00e9 facilitar o acesso p\u00fablico a informa\u00e7\u00f5es relacionadas \u00e0 Confer\u00eancia dos Presidentes das Regi\u00f5es Ultraperif\u00e9ricas da Uni\u00e3o Europeia. O nosso objetivo \u00e9 garantir a pontualidade e a precis\u00e3o de tais informa\u00e7\u00f5es, no entanto, n\u00e3o assumimos qualquer responsabilidade em rela\u00e7\u00e3o \u00e0 informa\u00e7\u00e3o inclu\u00edda nessas p\u00e1ginas.<\/p>\n<p>A Confer\u00eancia dos Presidentes reserva-se ao direito de fazer, a qualquer momento e sem aviso pr\u00e9vio, modifica\u00e7\u00f5es e atualiza\u00e7\u00f5es sobre as informa\u00e7\u00f5es contidas no site ou na sua configura\u00e7\u00e3o ou apresenta\u00e7\u00e3o. A Confer\u00eancia de Presidentes n\u00e3o garante a aus\u00eancia de erros no acesso ao portal ou no seu conte\u00fado, nem garante que a informa\u00e7\u00e3o seja totalmente atualizada, embora desenvolva os esfor\u00e7os necess\u00e1rios para evit\u00e1-los e, se necess\u00e1rio, corrigi-los ou atualiz\u00e1-los o mais r\u00e1pido poss\u00edvel.<\/p>\n<p>As informa\u00e7\u00f5es fornecidas atrav\u00e9s do portal s\u00e3o meramente indicativas e, em nenhum caso, podem ser vinculativas para a resolu\u00e7\u00e3o de procedimentos administrativos, que estar\u00e3o sujeitos exclusivamente aos regulamentos que lhes s\u00e3o aplic\u00e1veis.<\/p>\n<p>Tanto o acesso ao site como o uso que pode ser feito das informa\u00e7\u00f5es nele contidas s\u00e3o da exclusiva responsabilidade da pessoa que o realiza. A Confer\u00eancia dos Presidentes n\u00e3o ser\u00e1 respons\u00e1vel por quaisquer consequ\u00eancias, danos que possam resultar de tal acesso ou uso de informa\u00e7\u00f5es, com exce\u00e7\u00e3o de todas as a\u00e7\u00f5es decorrentes das disposi\u00e7\u00f5es legais aplic\u00e1veis.<\/p>\n<p>Neste site, os links que foram inclu\u00eddos nas p\u00e1ginas de sites de terceiros foram considerados de interesse para os utilizadores. No entanto, a Confer\u00eancia dos Presidentes n\u00e3o assume qualquer responsabilidade derivada da conex\u00e3o ou conte\u00fado dos links de terceiros referidos na web.<\/p>\n","protected":false},"excerpt":{"rendered":"<p>Declara\u00e7\u00e3o de exonera\u00e7\u00e3o de responsabilidade O objetivo deste site \u00e9 facilitar o acesso p\u00fablico a informa\u00e7\u00f5es relacionadas \u00e0 Confer\u00eancia dos Presidentes das Regi\u00f5es Ultraperif\u00e9ricas da Uni\u00e3o Europeia. O nosso objetivo \u00e9 garantir a pontualidade e a precis\u00e3o de tais informa\u00e7\u00f5es, no entanto, n\u00e3o assumimos qualquer responsabilidade em rela\u00e7\u00e3o \u00e0 informa\u00e7\u00e3o inclu\u00edda nessas p\u00e1ginas. A Confer\u00eancia [&hellip;]<\/p>\n","protected":false},"author":45,"featured_media":0,"parent":0,"menu_order":0,"comment_status":"closed","ping_status":"closed","template":"page-static-rich.php","meta":{"_acf_changed":false,"footnotes":"","_links_to":"","_links_to_target":""},"class_list":["post-684","page","type-page","status-publish","hentry"],"acf":[],"_links":{"self":[{"href":"https:\/\/www.cp-rup.com\/pt\/wp-json\/wp\/v2\/pages\/684","targetHints":{"allow":["GET"]}}],"collection":[{"href":"https:\/\/www.cp-rup.com\/pt\/wp-json\/wp\/v2\/pages"}],"about":[{"href":"https:\/\/www.cp-rup.com\/pt\/wp-json\/wp\/v2\/types\/page"}],"author":[{"embeddable":true,"href":"https:\/\/www.cp-rup.com\/pt\/wp-json\/wp\/v2\/users\/45"}],"replies":[{"embeddable":true,"href":"https:\/\/www.cp-rup.com\/pt\/wp-json\/wp\/v2\/comments?post=684"}],"version-history":[{"count":27,"href":"https:\/\/www.cp-rup.com\/pt\/wp-json\/wp\/v2\/pages\/684\/revisions"}],"predecessor-version":[{"id":6016,"href":"https:\/\/www.cp-rup.com\/pt\/wp-json\/wp\/v2\/pages\/684\/revisions\/6016"}],"wp:attachment":[{"href":"https:\/\/www.cp-rup.com\/pt\/wp-json\/wp\/v2\/media?parent=684"}],"curies":[{"name":"wp","href":"https:\/\/api.w.org\/{rel}","templated":true}]}}