{"id":694,"date":"2018-01-23T11:43:04","date_gmt":"2018-01-23T11:43:04","guid":{"rendered":"https:\/\/cp-rup.com\/?page_id=694"},"modified":"2021-03-19T22:55:15","modified_gmt":"2021-03-19T22:55:15","slug":"declaracao-de-direitos-de-autor","status":"publish","type":"page","link":"https:\/\/www.cp-rup.com\/pt\/declaracao-de-direitos-de-autor\/","title":{"rendered":"Declara\u00e7\u00e3o de Direitos de Autor"},"content":{"rendered":"<h1 style=\"text-align: center;\">Declara\u00e7\u00e3o de direitos de autor<\/h1>\n<p><span id=\"result_box\" class=\"\" lang=\"pt\"><span class=\"\">A reprodu\u00e7\u00e3o do conte\u00fado dessas p\u00e1ginas \u00e9 autorizada, desde que a fonte seja citada, salvo indica\u00e7\u00e3o em contr\u00e1rio.<\/span> <span class=\"\">Nos casos em que uma autoriza\u00e7\u00e3o pr\u00e9via \u00e9 necess\u00e1ria para a reprodu\u00e7\u00e3o ou uso de dados textuais ou multim\u00e9dia (sons, imagens, programas, etc.), a referida autoriza\u00e7\u00e3o cancelar\u00e1 a citada autoriza\u00e7\u00e3o geral e mencionar\u00e1 poss\u00edveis restri\u00e7\u00f5es de uso.<\/span><\/span><\/p>\n<p><span class=\"\">O uso indevido ou, quando apropriado, n\u00e3o autorizado das informa\u00e7\u00f5es contidas neste site, bem como os danos que podem ser causados nos direitos de propriedade intelectual dar\u00e3o lugar ao exerc\u00edcio das a\u00e7\u00f5es que correspondem legalmente e, se aplic\u00e1vel, a<\/span><span class=\"\">\u00a0responsabilidades que derivam desse exerc\u00edcio.<\/span><\/p>\n","protected":false},"excerpt":{"rendered":"<p>Declara\u00e7\u00e3o de direitos de autor A reprodu\u00e7\u00e3o do conte\u00fado dessas p\u00e1ginas \u00e9 autorizada, desde que a fonte seja citada, salvo indica\u00e7\u00e3o em contr\u00e1rio. Nos casos em que uma autoriza\u00e7\u00e3o pr\u00e9via \u00e9 necess\u00e1ria para a reprodu\u00e7\u00e3o ou uso de dados textuais ou multim\u00e9dia (sons, imagens, programas, etc.), a referida autoriza\u00e7\u00e3o cancelar\u00e1 a citada autoriza\u00e7\u00e3o geral e [&hellip;]<\/p>\n","protected":false},"author":45,"featured_media":0,"parent":0,"menu_order":0,"comment_status":"closed","ping_status":"closed","template":"page-static-rich.php","meta":{"_acf_changed":false,"footnotes":"","_links_to":"","_links_to_target":""},"class_list":["post-694","page","type-page","status-publish","hentry"],"acf":[],"_links":{"self":[{"href":"https:\/\/www.cp-rup.com\/pt\/wp-json\/wp\/v2\/pages\/694","targetHints":{"allow":["GET"]}}],"collection":[{"href":"https:\/\/www.cp-rup.com\/pt\/wp-json\/wp\/v2\/pages"}],"about":[{"href":"https:\/\/www.cp-rup.com\/pt\/wp-json\/wp\/v2\/types\/page"}],"author":[{"embeddable":true,"href":"https:\/\/www.cp-rup.com\/pt\/wp-json\/wp\/v2\/users\/45"}],"replies":[{"embeddable":true,"href":"https:\/\/www.cp-rup.com\/pt\/wp-json\/wp\/v2\/comments?post=694"}],"version-history":[{"count":23,"href":"https:\/\/www.cp-rup.com\/pt\/wp-json\/wp\/v2\/pages\/694\/revisions"}],"predecessor-version":[{"id":6023,"href":"https:\/\/www.cp-rup.com\/pt\/wp-json\/wp\/v2\/pages\/694\/revisions\/6023"}],"wp:attachment":[{"href":"https:\/\/www.cp-rup.com\/pt\/wp-json\/wp\/v2\/media?parent=694"}],"curies":[{"name":"wp","href":"https:\/\/api.w.org\/{rel}","templated":true}]}}