{"id":709,"date":"2018-01-23T13:05:09","date_gmt":"2018-01-23T13:05:09","guid":{"rendered":"https:\/\/cp-rup.com\/?page_id=709"},"modified":"2021-03-19T22:59:06","modified_gmt":"2021-03-19T22:59:06","slug":"politica-de-privacidade","status":"publish","type":"page","link":"https:\/\/www.cp-rup.com\/pt\/politica-de-privacidade\/","title":{"rendered":"Pol\u00edtica de privacidade"},"content":{"rendered":"<h1 style=\"text-align: center;\">Pol\u00edtica de privacidade<\/h1>\n<p><span id=\"result_box\" class=\"\" lang=\"pt\"><span class=\"\">O utilizador pode navegar na maioria das p\u00e1ginas deste portal sem fornecer informa\u00e7\u00f5es pessoais mas, no caso do formul\u00e1rio de contacto, esses elementos s\u00e3o necess\u00e1rios para fornecer as informa\u00e7\u00f5es solicitadas.<\/span><\/span><\/p>\n<p>O formul\u00e1rio de contacto aciona o e-mail e convida o utilizador a enviar coment\u00e1rios para uma caixa de correio funcional espec\u00edfica. Apenas s\u00e3o recolhidos os dados pessoais do remetente necess\u00e1rios para habilitar uma resposta. Estes dados n\u00e3o s\u00e3o utilizados com qualquer outra finalidade.<\/p>\n<p><span class=\"\">Caso pretenda solicitar um tratamento diferente do descrito em rela\u00e7\u00e3o aos seus dados pessoais, n\u00e3o hesite em faz\u00ea-lo na pr\u00f3pria mensagem.<\/span><\/p>\n","protected":false},"excerpt":{"rendered":"<p>Pol\u00edtica de privacidade O utilizador pode navegar na maioria das p\u00e1ginas deste portal sem fornecer informa\u00e7\u00f5es pessoais mas, no caso do formul\u00e1rio de contacto, esses elementos s\u00e3o necess\u00e1rios para fornecer as informa\u00e7\u00f5es solicitadas. O formul\u00e1rio de contacto aciona o e-mail e convida o utilizador a enviar coment\u00e1rios para uma caixa de correio funcional espec\u00edfica. Apenas [&hellip;]<\/p>\n","protected":false},"author":45,"featured_media":0,"parent":0,"menu_order":0,"comment_status":"closed","ping_status":"closed","template":"page-static-rich.php","meta":{"_acf_changed":false,"footnotes":"","_links_to":"","_links_to_target":""},"class_list":["post-709","page","type-page","status-publish","hentry"],"acf":[],"_links":{"self":[{"href":"https:\/\/www.cp-rup.com\/pt\/wp-json\/wp\/v2\/pages\/709","targetHints":{"allow":["GET"]}}],"collection":[{"href":"https:\/\/www.cp-rup.com\/pt\/wp-json\/wp\/v2\/pages"}],"about":[{"href":"https:\/\/www.cp-rup.com\/pt\/wp-json\/wp\/v2\/types\/page"}],"author":[{"embeddable":true,"href":"https:\/\/www.cp-rup.com\/pt\/wp-json\/wp\/v2\/users\/45"}],"replies":[{"embeddable":true,"href":"https:\/\/www.cp-rup.com\/pt\/wp-json\/wp\/v2\/comments?post=709"}],"version-history":[{"count":29,"href":"https:\/\/www.cp-rup.com\/pt\/wp-json\/wp\/v2\/pages\/709\/revisions"}],"predecessor-version":[{"id":6030,"href":"https:\/\/www.cp-rup.com\/pt\/wp-json\/wp\/v2\/pages\/709\/revisions\/6030"}],"wp:attachment":[{"href":"https:\/\/www.cp-rup.com\/pt\/wp-json\/wp\/v2\/media?parent=709"}],"curies":[{"name":"wp","href":"https:\/\/api.w.org\/{rel}","templated":true}]}}