{"id":9479,"date":"2024-01-08T08:54:10","date_gmt":"2024-01-08T08:54:10","guid":{"rendered":"https:\/\/cp-rup.com\/?page_id=9479"},"modified":"2024-01-08T09:08:50","modified_gmt":"2024-01-08T09:08:50","slug":"xxviii-cprup","status":"publish","type":"page","link":"https:\/\/www.cp-rup.com\/pt\/conferencia-anual\/xxviii-cprup\/","title":{"rendered":"XXVIII CPRUP"},"content":{"rendered":"<p><img loading=\"lazy\" decoding=\"async\" class=\"alignnone wp-image-9282 size-full\" src=\"https:\/\/cp-rup.com\/wp-content\/uploads\/2023\/11\/Escalera2-DSC04813.png\" alt=\"\" width=\"1200\" height=\"593\" srcset=\"https:\/\/www.cp-rup.com\/wp-content\/uploads\/2023\/11\/Escalera2-DSC04813.png 1200w, https:\/\/www.cp-rup.com\/wp-content\/uploads\/2023\/11\/Escalera2-DSC04813-300x148.png 300w, https:\/\/www.cp-rup.com\/wp-content\/uploads\/2023\/11\/Escalera2-DSC04813-1024x506.png 1024w, https:\/\/www.cp-rup.com\/wp-content\/uploads\/2023\/11\/Escalera2-DSC04813-768x380.png 768w\" sizes=\"auto, (max-width: 1200px) 100vw, 1200px\" \/><\/p>\n<h1>XXVIII Conferencia de Presidentes de las RUP<\/h1>\n<p>Composta pelos presidentes das regi\u00f5es ultraperif\u00e9ricas da Uni\u00e3o Europeia, a Confer\u00eancia das Regi\u00f5es Ultraperif\u00e9ricas re\u00fane-se todos os anos na regi\u00e3o ultraperif\u00e9rica que exerce a presid\u00eancia anual rotativa, para definir as linhas de a\u00e7\u00e3o fundamentais para estas regi\u00f5es nos contextos nacional, europeu e internacional. Estes trabalhos, que se traduzem numa declara\u00e7\u00e3o final de todos os governos das RUP, constituem o roteiro da a\u00e7\u00e3o pol\u00edtica das RUP de Espanha, Fran\u00e7a e Portugal para cada ano.<\/p>\n<p>A XXVIII Confer\u00eancia dos Presidentes das Regi\u00f5es Ultraperif\u00e9ricas (CPRUP) da Uni\u00e3o Europeia (UE) realizou-se a 8 e 9 de novembro na sede da Presid\u00eancia do Governo das Can\u00e1rias, em Santa Cruz de Tenerife, com a presen\u00e7a de altos representantes dos governos das regi\u00f5es ultraperif\u00e9ricas de Espanha, Fran\u00e7a e Portugal, incluindo o Presidente da Madeira, Miguel Albuquerque, a Presidenta da Ilha da Reuni\u00e3o, Huguette Bello, o Chefe do Executivo de Saint-Martin, Louis Mussington, bem como representantes dos governos das outras regi\u00f5es: Pedro Faria e Castro, Secret\u00e1rio Regional da Presid\u00eancia do Governo da Regi\u00e3o Aut\u00f3noma dos A\u00e7ores, e os Vice-Presidentes de Guadalupe, Patrick Sellin, da Guiana, Thibault Lechat-Vega, de Mayotte, Zamimou Ahamadi, e da Martinica, Patricia Telle.<\/p>\n<p>Uma grande delega\u00e7\u00e3o de representantes pol\u00edticos regionais, nacionais e europeus participou igualmente na sess\u00e3o de parceria da XXVIII CPRUP, em 9 de novembro, incluindo a Comiss\u00e1ria Europeia para a Coes\u00e3o e Reformas, Elisa Ferreira, o Ministro Delegado para o Ultramar franc\u00eas, Philippe Vigier, o Secret\u00e1rio de Estado dos Assuntos Europeus portugu\u00eas, Tiago Antunes, e o seu hom\u00f3logo do Governo espanhol, Pascual Navarro. Tomaram igualmente a palavra Gabriel Mato, Juan Fernando L\u00f3pez Aguilar, St\u00e9phane Bijoux, Max Orville e Maxette Pirbakas, bem como o representante do Comit\u00e9 Econ\u00f3mico e Social Europeu, Jo\u00ebl Destom.<\/p>\n<p><img loading=\"lazy\" decoding=\"async\" class=\"alignnone wp-image-9379 size-full\" src=\"https:\/\/cp-rup.com\/wp-content\/uploads\/2023\/11\/XXVIIICPRUP_dia9-DSC05940.png\" alt=\"\" width=\"1200\" height=\"680\" srcset=\"https:\/\/www.cp-rup.com\/wp-content\/uploads\/2023\/11\/XXVIIICPRUP_dia9-DSC05940.png 1200w, https:\/\/www.cp-rup.com\/wp-content\/uploads\/2023\/11\/XXVIIICPRUP_dia9-DSC05940-300x170.png 300w, https:\/\/www.cp-rup.com\/wp-content\/uploads\/2023\/11\/XXVIIICPRUP_dia9-DSC05940-1024x580.png 1024w, https:\/\/www.cp-rup.com\/wp-content\/uploads\/2023\/11\/XXVIIICPRUP_dia9-DSC05940-768x435.png 768w\" sizes=\"auto, (max-width: 1200px) 100vw, 1200px\" \/><\/p>\n<p>Na quarta-feira, 8 de novembro, a CPRUP adoptou uma <a href=\"https:\/\/cp-rup.com\/wp-content\/uploads\/2023\/11\/Declaracao-Final-XXVIII-CPRUP-1.pdf\">declara\u00e7\u00e3o conjunta<\/a> dos nove territ\u00f3rios da Uni\u00e3o Europeia que apela \u00e0s institui\u00e7\u00f5es europeias para que tenham em conta as especificidades das regi\u00f5es ultraperif\u00e9ricas em todos os projectos e ac\u00e7\u00f5es pol\u00edticas no \u00e2mbito da UE-27.<\/p>\n<p>Nesta declara\u00e7\u00e3o, as nove regi\u00f5es ultraperif\u00e9ricas da UE sublinham as pol\u00edticas da UE em mat\u00e9ria de coes\u00e3o econ\u00f3mica e social, integra\u00e7\u00e3o fiscal, energia, migra\u00e7\u00e3o, luta contra as altera\u00e7\u00f5es clim\u00e1ticas, fiscalidade, alf\u00e2ndegas, transportes, coopera\u00e7\u00e3o territorial, agricultura e pescas. Neste contexto, as RUP destacam o impacto sobre estes territ\u00f3rios do atual &#8220;contexto geopol\u00edtico, marcado por uma deteriora\u00e7\u00e3o da situa\u00e7\u00e3o internacional, que agravou ainda mais a sua vulnerabilidade e depend\u00eancia do exterior&#8221;. Esta declara\u00e7\u00e3o final assinala igualmente que &#8220;os conflitos armados no mundo e a instabilidade dos nossos ambientes geogr\u00e1ficos, nomeadamente em \u00c1frica e nas Cara\u00edbas, exigem respostas concretas para garantir a seguran\u00e7a e a estabilidade em toda a Uni\u00e3o Europeia, incluindo nos seus territ\u00f3rios mais remotos&#8221;, bem como o risco &#8220;ainda mais incerto&#8221; que representa o eventual alargamento da UE nos pr\u00f3ximos anos.<\/p>\n<p>Estas orienta\u00e7\u00f5es para as regi\u00f5es ultraperif\u00e9ricas foram abordadas na confer\u00eancia de imprensa do presidente das Can\u00e1rias, Fernando Clavijo Batlle, e da presidenta da Reuni\u00e3o, Huguette Bello, para apresentar a declara\u00e7\u00e3o final da XXVIII CPRUP.<\/p>\n<p>No final da Confer\u00eancia, como todos os anos, a presid\u00eancia deste \u00f3rg\u00e3o representativo das regi\u00f5es ultraperif\u00e9ricas foi assumida pela regi\u00e3o francesa da Reuni\u00e3o.<\/p>\n<div id=\"metaslider-id-9357\" style=\"max-width: 1200px; margin: 0 auto;\" class=\"ml-slider-3-20-3 metaslider metaslider-flex metaslider-9357 ml-slider\">\n    <div id=\"metaslider_container_9357\">\n        <div id=\"metaslider_9357\">\n            <ul aria-live=\"polite\" class=\"slides\">\n                <li style=\"display: block; width: 100%;\" class=\"slide-9382 ms-image\"><img loading=\"lazy\" decoding=\"async\" src=\"https:\/\/www.cp-rup.com\/wp-content\/uploads\/2023\/11\/FotoFamilia-1200-1200x500.jpg\" height=\"500\" width=\"1200\" alt=\"\" class=\"slider-9357 slide-9382\" title=\"FotoFamilia-1200\" \/><\/li>\n                <li style=\"display: none; width: 100%;\" class=\"slide-9366 ms-image\"><img loading=\"lazy\" decoding=\"async\" src=\"https:\/\/www.cp-rup.com\/wp-content\/uploads\/2023\/11\/xxviiiCPRUP-dia9-DSC05976.png\" height=\"500\" width=\"1200\" alt=\"\" class=\"slider-9357 slide-9366\" title=\"xxviiiCPRUP-dia9-DSC05976\" \/><\/li>\n                <li style=\"display: none; width: 100%;\" class=\"slide-9367 ms-image\"><img loading=\"lazy\" decoding=\"async\" src=\"https:\/\/www.cp-rup.com\/wp-content\/uploads\/2023\/11\/xxviiiCPRUP-dia9-DSC05700.jpg\" height=\"500\" width=\"1200\" alt=\"\" class=\"slider-9357 slide-9367\" title=\"xxviiiCPRUP-dia9-DSC05700\" \/><\/li>\n                <li style=\"display: none; width: 100%;\" class=\"slide-9368 ms-image\"><img loading=\"lazy\" decoding=\"async\" src=\"https:\/\/www.cp-rup.com\/wp-content\/uploads\/2023\/11\/xxviiiCPRUP-dia9-DSC05621.png\" height=\"500\" width=\"1200\" alt=\"\" class=\"slider-9357 slide-9368\" title=\"xxviiiCPRUP-dia9-DSC05621\" \/><\/li>\n                <li style=\"display: none; width: 100%;\" class=\"slide-9369 ms-image\"><img loading=\"lazy\" decoding=\"async\" src=\"https:\/\/www.cp-rup.com\/wp-content\/uploads\/2023\/11\/xxviiiCPRUP-dia9-DSC05604.png\" height=\"500\" width=\"1200\" alt=\"\" class=\"slider-9357 slide-9369\" title=\"xxviiiCPRUP-dia9-DSC05604\" \/><\/li>\n                <li style=\"display: none; width: 100%;\" class=\"slide-9370 ms-image\"><img loading=\"lazy\" decoding=\"async\" src=\"https:\/\/www.cp-rup.com\/wp-content\/uploads\/2023\/11\/xxviiiCPRUP-dia9-DSC05566.png\" height=\"500\" width=\"1200\" alt=\"\" class=\"slider-9357 slide-9370\" title=\"xxviiiCPRUP-dia9-DSC05566\" \/><\/li>\n                <li style=\"display: none; width: 100%;\" class=\"slide-9373 ms-image\"><img loading=\"lazy\" decoding=\"async\" src=\"https:\/\/www.cp-rup.com\/wp-content\/uploads\/2023\/11\/xxviiiCPRUP-dia8-DSC05214.png\" height=\"500\" width=\"1200\" alt=\"\" class=\"slider-9357 slide-9373\" title=\"xxviiiCPRUP-dia8-DSC05214\" \/><\/li>\n                <li style=\"display: none; width: 100%;\" class=\"slide-9371 ms-image\"><img loading=\"lazy\" decoding=\"async\" src=\"https:\/\/www.cp-rup.com\/wp-content\/uploads\/2023\/11\/xxviiiCPRUP-dia8-DSC05549.png\" height=\"500\" width=\"1200\" alt=\"\" class=\"slider-9357 slide-9371\" title=\"xxviiiCPRUP-dia8-DSC05549\" \/><\/li>\n                <li style=\"display: none; width: 100%;\" class=\"slide-9372 ms-image\"><img loading=\"lazy\" decoding=\"async\" src=\"https:\/\/www.cp-rup.com\/wp-content\/uploads\/2023\/11\/xxviiiCPRUP-dia8-DSC05284.png\" height=\"500\" width=\"1200\" alt=\"\" class=\"slider-9357 slide-9372\" title=\"xxviiiCPRUP-dia8-DSC05284\" \/><\/li>\n            <\/ul>\n        <\/div>\n        \n    <\/div>\n<\/div>\n","protected":false},"excerpt":{"rendered":"<p>XXVIII Conferencia de Presidentes de las RUP Composta pelos presidentes das regi\u00f5es ultraperif\u00e9ricas da Uni\u00e3o Europeia, a Confer\u00eancia das Regi\u00f5es Ultraperif\u00e9ricas re\u00fane-se todos os anos na regi\u00e3o ultraperif\u00e9rica que exerce a presid\u00eancia anual rotativa, para definir as linhas de a\u00e7\u00e3o fundamentais para estas regi\u00f5es nos contextos nacional, europeu e internacional. Estes trabalhos, que se traduzem [&hellip;]<\/p>\n","protected":false},"author":37,"featured_media":0,"parent":54,"menu_order":6,"comment_status":"closed","ping_status":"closed","template":"page-static-rich.php","meta":{"_acf_changed":false,"footnotes":"","_links_to":"","_links_to_target":""},"class_list":["post-9479","page","type-page","status-publish","hentry"],"acf":[],"_links":{"self":[{"href":"https:\/\/www.cp-rup.com\/pt\/wp-json\/wp\/v2\/pages\/9479","targetHints":{"allow":["GET"]}}],"collection":[{"href":"https:\/\/www.cp-rup.com\/pt\/wp-json\/wp\/v2\/pages"}],"about":[{"href":"https:\/\/www.cp-rup.com\/pt\/wp-json\/wp\/v2\/types\/page"}],"author":[{"embeddable":true,"href":"https:\/\/www.cp-rup.com\/pt\/wp-json\/wp\/v2\/users\/37"}],"replies":[{"embeddable":true,"href":"https:\/\/www.cp-rup.com\/pt\/wp-json\/wp\/v2\/comments?post=9479"}],"version-history":[{"count":3,"href":"https:\/\/www.cp-rup.com\/pt\/wp-json\/wp\/v2\/pages\/9479\/revisions"}],"predecessor-version":[{"id":9487,"href":"https:\/\/www.cp-rup.com\/pt\/wp-json\/wp\/v2\/pages\/9479\/revisions\/9487"}],"up":[{"embeddable":true,"href":"https:\/\/www.cp-rup.com\/pt\/wp-json\/wp\/v2\/pages\/54"}],"wp:attachment":[{"href":"https:\/\/www.cp-rup.com\/pt\/wp-json\/wp\/v2\/media?parent=9479"}],"curies":[{"name":"wp","href":"https:\/\/api.w.org\/{rel}","templated":true}]}}