{"id":9647,"date":"2024-02-16T06:42:59","date_gmt":"2024-02-16T06:42:59","guid":{"rendered":"https:\/\/cp-rup.com\/?page_id=9647"},"modified":"2024-02-16T07:25:31","modified_gmt":"2024-02-16T07:25:31","slug":"publicacao-do-estudo-sobre-condicoes-de-vida-e-acesso-a-certas-necessidades-basicas-nas-regioes-ultraperifericas-da-ue","status":"publish","type":"page","link":"https:\/\/www.cp-rup.com\/pt\/as-rup-na-ue\/comissao-europeia\/publicacao-do-estudo-sobre-condicoes-de-vida-e-acesso-a-certas-necessidades-basicas-nas-regioes-ultraperifericas-da-ue\/","title":{"rendered":"Publica\u00e7\u00e3o do estudo sobre condi\u00e7\u00f5es de vida e acesso a certas necessidades b\u00e1sicas nas Regi\u00f5es Ultraperif\u00e9ricas da UE"},"content":{"rendered":"<p><a href=\"https:\/\/cp-rup.com\/convites-a-apresentacao-de-propostas-de-interesse-para-as-rup\/logo-ce-2\/\" rel=\"attachment wp-att-8775\"><img loading=\"lazy\" decoding=\"async\" class=\"alignleft size-full wp-image-8775\" src=\"https:\/\/cp-rup.com\/wp-content\/uploads\/2023\/06\/Logo-CE-1.png\" alt=\"\" width=\"271\" height=\"186\" \/><\/a>Este estudo apresenta uma vis\u00e3o geral do acesso das popula\u00e7\u00f5es a uma sele\u00e7\u00e3o de necessidades b\u00e1sicas, como habita\u00e7\u00e3o, \u00e1gua pot\u00e1vel e saneamento, eletricidade, aquecimento e climatiza\u00e7\u00e3o, bem como liga\u00e7\u00e3o \u00e0 Internet e telefone, em todas as Regi\u00f5es Ultraperif\u00e9ricas. O Estudo apresenta igualmente uma an\u00e1lise por regi\u00e3o do acesso a duas destas necessidades b\u00e1sicas.<\/p>\n<p>O estudo analisa os n\u00edveis de acesso, as infraestruturas existentes para proporcionar o acesso, identifica tend\u00eancias, desenvolve um conjunto de indicadores para acompanhar os progressos e formula recomenda\u00e7\u00f5es. O estudo salienta as necessidades ainda existentes, os progressos efetuados nos \u00faltimos anos e destaca o apoio da UE, em especial atrav\u00e9s do Fundo Europeu de Desenvolvimento Regional (FEDER).<\/p>\n<p>O estudo est\u00e1 dispon\u00edvel no site: <a href=\"https:\/\/ec.europa.eu\/regional_policy\/information-sources\/publications\/studies\/2024\/study-on-living-conditions-and-access-to-selected-basic-needs-in-the-eu-outermost-regions_en\">https:\/\/ec.europa.eu\/regional_policy\/information-sources\/publications\/studies\/2024\/study-on-living-conditions-and-access-to-selected-basic-needs-in-the-eu-outermost-regions_en<\/a><\/p>\n<p>&nbsp;<\/p>\n","protected":false},"excerpt":{"rendered":"<p>Este estudo apresenta uma vis\u00e3o geral do acesso das popula\u00e7\u00f5es a uma sele\u00e7\u00e3o de necessidades b\u00e1sicas, como habita\u00e7\u00e3o, \u00e1gua pot\u00e1vel e saneamento, eletricidade, aquecimento e climatiza\u00e7\u00e3o, bem como liga\u00e7\u00e3o \u00e0 Internet e telefone, em todas as Regi\u00f5es Ultraperif\u00e9ricas. O Estudo apresenta igualmente uma an\u00e1lise por regi\u00e3o do acesso a duas destas necessidades b\u00e1sicas. O estudo [&hellip;]<\/p>\n","protected":false},"author":36,"featured_media":0,"parent":46,"menu_order":1,"comment_status":"closed","ping_status":"closed","template":"","meta":{"_acf_changed":false,"footnotes":"","_links_to":"","_links_to_target":""},"class_list":["post-9647","page","type-page","status-publish","hentry"],"acf":[],"_links":{"self":[{"href":"https:\/\/www.cp-rup.com\/pt\/wp-json\/wp\/v2\/pages\/9647","targetHints":{"allow":["GET"]}}],"collection":[{"href":"https:\/\/www.cp-rup.com\/pt\/wp-json\/wp\/v2\/pages"}],"about":[{"href":"https:\/\/www.cp-rup.com\/pt\/wp-json\/wp\/v2\/types\/page"}],"author":[{"embeddable":true,"href":"https:\/\/www.cp-rup.com\/pt\/wp-json\/wp\/v2\/users\/36"}],"replies":[{"embeddable":true,"href":"https:\/\/www.cp-rup.com\/pt\/wp-json\/wp\/v2\/comments?post=9647"}],"version-history":[{"count":2,"href":"https:\/\/www.cp-rup.com\/pt\/wp-json\/wp\/v2\/pages\/9647\/revisions"}],"predecessor-version":[{"id":9649,"href":"https:\/\/www.cp-rup.com\/pt\/wp-json\/wp\/v2\/pages\/9647\/revisions\/9649"}],"up":[{"embeddable":true,"href":"https:\/\/www.cp-rup.com\/pt\/wp-json\/wp\/v2\/pages\/46"}],"wp:attachment":[{"href":"https:\/\/www.cp-rup.com\/pt\/wp-json\/wp\/v2\/media?parent=9647"}],"curies":[{"name":"wp","href":"https:\/\/api.w.org\/{rel}","templated":true}]}}