{"id":9842,"date":"2025-06-10T22:50:47","date_gmt":"2025-06-10T22:50:47","guid":{"rendered":"https:\/\/www.cp-rup.com\/?page_id=9842"},"modified":"2025-06-25T15:09:29","modified_gmt":"2025-06-25T15:09:29","slug":"mayotte","status":"publish","type":"page","link":"https:\/\/www.cp-rup.com\/pt\/regioes-ultraperifericas\/mayotte\/","title":{"rendered":"Mayotte"},"content":{"rendered":"<p><strong>Localiza\u00e7\u00e3o geogr\u00e1fica<\/strong><\/p>\n<p>Mayotte \u00e9 uma ilha de origem vulc\u00e2nica, que se eleva das profundezas dos oceanos a mais de 3.000 metros.<img loading=\"lazy\" decoding=\"async\" class=\" wp-image-4931 alignright\" src=\"https:\/\/cp-rup.com\/wp-content\/uploads\/2020\/01\/vueareriennegenerale.jpg\" alt=\"\" width=\"462\" height=\"231\" srcset=\"https:\/\/www.cp-rup.com\/wp-content\/uploads\/2020\/01\/vueareriennegenerale.jpg 800w, https:\/\/www.cp-rup.com\/wp-content\/uploads\/2020\/01\/vueareriennegenerale-300x150.jpg 300w, https:\/\/www.cp-rup.com\/wp-content\/uploads\/2020\/01\/vueareriennegenerale-768x384.jpg 768w\" sizes=\"auto, (max-width: 462px) 100vw, 462px\" \/> A sua exist\u00eancia remonta a cerca de oito milh\u00f5es de anos. Situada no hemisf\u00e9rio sul, entre o Equador e o Tr\u00f3pico de Capric\u00f3rnio, \u00e9 a mais antiga das \u201cDjazair Al Kamar\u201d ou \u201cIlhas da Lua\u201d (como lhes chamavam os ge\u00f3grafos \u00e1rabes). Atualmente, Mayotte tem uma popula\u00e7\u00e3o registada de 270 372 habitantes.<\/p>\n<p>A ilha de Mayotte situa-se no extremo sul, na parte ocidental do Oceano \u00cdndico, entre a costa oriental de \u00c1frica e o noroeste de Madag\u00e1scar, na entrada norte do Canal de Mo\u00e7ambique, no meridiano 45\u00ba leste e entre os paralelos 12\u00ba e 13\u00ba sul.<\/p>\n<p><img loading=\"lazy\" decoding=\"async\" class=\" wp-image-4930 aligncenter\" src=\"https:\/\/cp-rup.com\/wp-content\/uploads\/2020\/01\/sport-1024x683.jpg\" alt=\"\" width=\"441\" height=\"294\" srcset=\"https:\/\/www.cp-rup.com\/wp-content\/uploads\/2020\/01\/sport-1024x683.jpg 1024w, https:\/\/www.cp-rup.com\/wp-content\/uploads\/2020\/01\/sport-300x200.jpg 300w, https:\/\/www.cp-rup.com\/wp-content\/uploads\/2020\/01\/sport-768x512.jpg 768w\" sizes=\"auto, (max-width: 441px) 100vw, 441px\" \/><\/p>\n<div class=\"col-12 mb-5\">\n<div class=\"row\">\n<div class=\"col-12 col-sm-12 col-md-12\">\n                    \t<div class=\"rup_main_map__wrapper position-relative\">\n\t\t<div id=\"rup_main_map\" class=\"position-static\" style=\"background-image: url('https:\/\/www.cp-rup.com\/wp-content\/themes\/rup\/img\/MapaSVGCPRUP.svg');\">\n            <a href=\"https:\/\/www.cp-rup.com\/pt\/regioes-ultraperifericas\/acores\/\">\n\t\t\t\t<div class=\"map-marker--wrapper azores\" style=\"top: 35%; left: 39.7%;\">\n\t\t\t\t\t<div class=\"hover_title Azores\"> A\u00e7ores <\/div>\n\t\t\t\t\t<div class=\"map-marker  Azores\" title=\"A\u00e7ores\"><\/div>\n\t\t\t\t<\/div>\n\t\t\t<\/a>\n            <a href=\"https:\/\/www.cp-rup.com\/pt\/regioes-ultraperifericas\/madeira\/\">\n\t\t\t\t<div class=\"map-marker--wrapper madeira\" style=\"top: 40%; left: 40.1%;\">\n\t\t\t\t\t<div class=\"hover_title Madeira\"> Madeira <\/div>\n\t\t\t\t\t<div class=\"map-marker  Madeira\" title=\"Madeira\"><\/div>\n\t\t\t\t<\/div>\n\t\t\t<\/a>\n            <a href=\"https:\/\/www.cp-rup.com\/pt\/regioes-ultraperifericas\/canarias\/\">\n\t\t\t\t<div class=\"map-marker--wrapper canarias\" style=\"top: 44%; left: 40.5%;\">\n\t\t\t\t\t<div class=\"hover_title Canarias\"> Canarias <\/div>\n\t\t\t\t\t<div class=\"map-marker  Canarias\" title=\"Canarias\"><\/div>\n\t\t\t\t<\/div>\n\t\t\t<\/a>\n            <a href=\"https:\/\/www.cp-rup.com\/pt\/regioes-ultraperifericas\/saint-martin\/\">\n\t\t\t\t<div class=\"map-marker--wrapper saint-martin\" style=\"top: 46%; left: 30.7%;\">\n\t\t\t\t\t<div class=\"hover_title San_Martin\"> Saint-Martin <\/div>\n\t\t\t\t\t<div class=\"map-marker  San_Martin\" title=\"Saint-Martin\"><\/div>\n\t\t\t\t<\/div>\n\t\t\t<\/a>\n            <a href=\"https:\/\/www.cp-rup.com\/pt\/regioes-ultraperifericas\/guadalupe\/\">\n\t\t\t\t<div class=\"map-marker--wrapper guadeloupe\" style=\"top: 48%; left: 31.7%;\">\n\t\t\t\t\t<div class=\"hover_title Guadalupe\"> Guadeloupe <\/div>\n\t\t\t\t\t<div class=\"map-marker  Guadalupe\" title=\"Guadeloupe\"><\/div>\n\t\t\t\t<\/div>\n\t\t\t<\/a>\n            <a href=\"https:\/\/www.cp-rup.com\/pt\/regioes-ultraperifericas\/martinica\/\">\n\t\t\t\t<div class=\"map-marker--wrapper martinica\" style=\"top: 51%; left: 31.7%;\">\n\t\t\t\t\t<div class=\"hover_title Martinica\" style=\"top: 5px !important;\"> Martinique <\/div>\n\t\t\t\t\t<div class=\"map-marker  Martinica\" title=\"Martinique\"><\/div>\n\t\t\t\t<\/div>\n\t\t\t<\/a>\n            <a href=\"https:\/\/www.cp-rup.com\/pt\/regioes-ultraperifericas\/guiana-francesa\/\">\n\t\t\t\t<div class=\"map-marker--wrapper guayana\" style=\"top: 55.2%; left: 32.2%;\">\n\t\t\t\t\t<div class=\"hover_title Guayana_Francesa\"> Guyane <\/div>\n\t\t\t\t\t<div class=\"map-marker  Guayana_Francesa\" title=\"Guyane\"><\/div>\n\t\t\t\t<\/div>\n\t\t\t<\/a>\n\t\t\t\t\n\t\t\t\n            <a href=\"https:\/\/www.cp-rup.com\/pt\/regioes-ultraperifericas\/maiote\/\">\n\t\t\t\t<div class=\"map-marker--wrapper mayotte\" style=\"top: 67%; left: 52.7%;\">\n\t\t\t\t\t<div class=\"hover_title Mayotte\"> Mayotte <\/div>\n\t\t\t\t\t<div class=\"map-marker map-marker--selected Mayotte\" title=\"Mayotte\"><\/div>\n\t\t\t\t<\/div>\n\t\t\t<\/a>\n            <a href=\"https:\/\/www.cp-rup.com\/pt\/regioes-ultraperifericas\/reuniao\/\">\n\t\t\t\t<div class=\"map-marker--wrapper reunion\" style=\"top: 72%; left: 55.2%;\">\n\t\t\t\t\t<div class=\"hover_title La_Reunion\"> R\u00e9union <\/div>\n\t\t\t\t\t<div class=\"map-marker  La_Reunion\" title=\"R\u00e9union\"><\/div>\n\t\t\t\t<\/div>\n\t\t\t<\/a>\n\t\t<\/div>\n\t<\/div>\n\n\t<style>\n\t.rup_main_map__wrapper:hover .hover_title {\n\t\topacity:1;\n\t}\n\t\n\t.hover_title {\n\t\tposition: absolute;\n\t\topacity:0;\n\t\ttransition: 0.15s opacity ease-in-out;\n\t\tbackground: rgba(255,255,255,0.75);\n\t\tborder-radius: 5px;\n\t\twidth: 60px;\n\t\tfont-size: 10px;\n\t}\n\n\t\t.hover_title:hover + .map-marker{\n\t\t\tanimation-name: animated-map-marker;\n\t\t\tanimation-duration: 0.5s;\n\t\t\tanimation-iteration-count: infinite;\n\t\t\tanimation-direction: alternate;\n\t\t}\n\t<\/style>\n\t<script>\n\tvar azores = jQuery('.map-marker[title=\"A\u00e7ores\"]');\n\tvar madeira = jQuery('.map-marker[title=\"Madeira\"]');\n\tvar canarias = jQuery('.map-marker[title=\"Canarias\"]');\n\tvar saint_martin = jQuery('.map-marker[title=\"Saint-Martin\"]');\n\tvar guadeloupe = jQuery('.map-marker[title=\"Guadeloupe\"]');\n\tvar martinique = jQuery('.map-marker[title=\"Martinique\"]');\n\tvar guyane = jQuery('.map-marker[title=\"Guyane\"]');\n\tvar mayotte = jQuery('.map-marker[title=\"Mayotte\"]');\n\tvar la_reunion  = jQuery('.map-marker[title=\"R\u00e9union\"]');\n\tvar rup = [ azores, madeira, canarias, mayotte, la_reunion, guyane, martinique, guadeloupe, saint_martin ];\n\tvar speed = 500;\n\tvar animation_from = {opacity: 0.25};\n\tvar animation_to = {opacity: 1};\n\tvar animation_easing = \"swing\";\n\t\n\tfunction animate(index){\n\t\trup[index].animate(animation_from, speed, animation_easing, function(){\n\t\t\trup[index].animate(animation_to, speed, animation_easing, function(){\n\t\t\t\tanimate((index+1) % rup.length);\n\t\t\t});\n\t\t});\n\t}\n\n\tanimate(0);\n\t\n\t<\/script>\n\t\n                <\/div>\n<\/p><\/div>\n<\/p><\/div>\n<p><strong>Um territ\u00f3rio franc\u00eas<\/strong><\/p>\n<p>Territ\u00f3rio franc\u00eas desde 25 de abril de 1841 (data em que o capit\u00e3o Passot e o \u00faltimo sult\u00e3o da ilha de Andriantsouli assinaram um tratado de transfer\u00eancia de Mayotte para Fran\u00e7a), a ilha do Cavalo Marinho fica a 10 000 km da Fran\u00e7a continental, a 1500 km da ilha da Reuni\u00e3o, a 400 km da costa oriental de \u00c1frica e a 300 km da costa ocidental de Madag\u00e1scar. Tem uma superf\u00edcie de 375 km2. A ilha da lagoa \u00e9 um arquip\u00e9lago de cerca de trinta pequenas ilhotas, sendo as principais habitadas a Grande Terre e a Petite Terre, separadas por uma grande enseada com cerca de 2,8 km de comprimento. Existe um servi\u00e7o de ferry de meia em meia hora e todos os dias at\u00e9 \u00e0 meia-noite. Note-se que a ilha foi atingida por um enxame de terramotos em maio de 2018, um fen\u00f3meno natural que durou mais de um ano e que marca o nascimento de um vulc\u00e3o submarino a mais de 50 km de Pamandzi (de acordo com informa\u00e7\u00f5es da miss\u00e3o cient\u00edfica em maio de 2019).<\/p>\n<p><img loading=\"lazy\" decoding=\"async\" class=\" wp-image-4926 aligncenter\" src=\"https:\/\/cp-rup.com\/wp-content\/uploads\/2020\/01\/baobab.jpg\" alt=\"\" width=\"436\" height=\"656\" srcset=\"https:\/\/www.cp-rup.com\/wp-content\/uploads\/2020\/01\/baobab.jpg 531w, https:\/\/www.cp-rup.com\/wp-content\/uploads\/2020\/01\/baobab-199x300.jpg 199w\" sizes=\"auto, (max-width: 436px) 100vw, 436px\" \/><\/p>\n<p><strong>Uma riqueza de activos <\/strong><\/p>\n<p>O 101\u00ba departamento de Fran\u00e7a ter\u00e1, sem d\u00favida, um crescimento de dois d\u00edgitos durante a pr\u00f3xima d\u00e9cada. O primeiro desafio da ilha \u00e9, evidentemente, a sua popula\u00e7\u00e3o, que atingir\u00e1 os 400 000 habitantes em 2030, o seu bem-estar e o seu desenvolvimento. Este desafio ser\u00e1 enfrentado atrav\u00e9s do desenvolvimento econ\u00f3mico sustentado, do investimento e da forma\u00e7\u00e3o, com o corol\u00e1rio da cria\u00e7\u00e3o de emprego. Mayotte tem tamb\u00e9m um grande potencial em termos de cultura e de patrim\u00f3nio. No entanto, a riqueza deste territ\u00f3rio parece ainda ser subestimada. Tornou-se um verdadeiro dever para o Departamento valorizar estes activos, muito para al\u00e9m das suas compet\u00eancias institucionais.  Mayotte \u00e9 um territ\u00f3rio desportivo. Acolher os Jogos do Oceano \u00cdndico em 2027 deveria constituir uma poderosa alavanca de desenvolvimento. O Departamento de Mayotte est\u00e1 igualmente empenhado em abordar uma s\u00e9rie de quest\u00f5es ambientais, incluindo a gest\u00e3o coerente dos recursos h\u00eddricos e sanit\u00e1rios, a gest\u00e3o dos res\u00edduos da regi\u00e3o, a prote\u00e7\u00e3o do seu patrim\u00f3nio natural e a promo\u00e7\u00e3o do desenvolvimento das energias renov\u00e1veis, a luta contra o aquecimento global e a polui\u00e7\u00e3o atmosf\u00e9rica.  Pol\u00edticas p\u00fablicas fortes face \u00e0s altera\u00e7\u00f5es clim\u00e1ticas previstas.  Perante a pobreza extrema, Mayotte est\u00e1 na ofensiva, afirmando com orgulho a sua determina\u00e7\u00e3o em ser um territ\u00f3rio para o futuro.<\/p>\n<p>&nbsp;<\/p>\n<p><img loading=\"lazy\" decoding=\"async\" class=\"alignnone wp-image-4932\" src=\"https:\/\/cp-rup.com\/wp-content\/uploads\/2020\/01\/vueg\u00e9n\u00e9ralepetiteterre-1024x682.jpg\" alt=\"\" width=\"551\" height=\"367\" srcset=\"https:\/\/www.cp-rup.com\/wp-content\/uploads\/2020\/01\/vueg\u00e9n\u00e9ralepetiteterre-1024x682.jpg 1024w, https:\/\/www.cp-rup.com\/wp-content\/uploads\/2020\/01\/vueg\u00e9n\u00e9ralepetiteterre-300x200.jpg 300w, https:\/\/www.cp-rup.com\/wp-content\/uploads\/2020\/01\/vueg\u00e9n\u00e9ralepetiteterre-768x512.jpg 768w, https:\/\/www.cp-rup.com\/wp-content\/uploads\/2020\/01\/vueg\u00e9n\u00e9ralepetiteterre.jpg 2000w\" sizes=\"auto, (max-width: 551px) 100vw, 551px\" \/><\/p>\n<p>&nbsp;<\/p>\n<div id=\"metaslider-id-3880\" style=\"max-width: 1200px;\" class=\"ml-slider-3-20-3 metaslider metaslider-flex metaslider-3880 ml-slider\">\n    <div id=\"metaslider_container_3880\">\n        <div id=\"metaslider_3880\">\n            <ul aria-live=\"polite\" class=\"slides\">\n                <li style=\"display: block; width: 100%;\" class=\"slide-5426 ms-image\"><img loading=\"lazy\" decoding=\"async\" src=\"https:\/\/www.cp-rup.com\/wp-content\/uploads\/2020\/07\/109915337_1684830265014718_5731765665403614709_n-960x320.jpg\" height=\"400\" width=\"1200\" alt=\"\" class=\"slider-3880 slide-5426\" \/><\/li>\n                <li style=\"display: none; width: 100%;\" class=\"slide-5535 ms-image\"><img loading=\"lazy\" decoding=\"async\" src=\"https:\/\/www.cp-rup.com\/wp-content\/uploads\/2020\/11\/IMG-20200207-WA0017-1200x400.jpg\" height=\"400\" width=\"1200\" alt=\"\" class=\"slider-3880 slide-5535\" \/><\/li>\n                <li style=\"display: none; width: 100%;\" class=\"slide-5531 ms-image\"><img loading=\"lazy\" decoding=\"async\" src=\"https:\/\/www.cp-rup.com\/wp-content\/uploads\/2020\/11\/IMG-20201016-WA0035-1200x400.jpg\" height=\"400\" width=\"1200\" alt=\"\" class=\"slider-3880 slide-5531\" \/><\/li>\n                <li style=\"display: none; width: 100%;\" class=\"slide-5533 ms-image\"><img loading=\"lazy\" decoding=\"async\" src=\"https:\/\/www.cp-rup.com\/wp-content\/uploads\/2020\/11\/IMG-20200208-WA0005-1200x400.jpg\" height=\"400\" width=\"1200\" alt=\"\" class=\"slider-3880 slide-5533\" \/><\/li>\n                <li style=\"display: none; width: 100%;\" class=\"slide-4073 ms-image\"><img loading=\"lazy\" decoding=\"async\" src=\"https:\/\/www.cp-rup.com\/wp-content\/uploads\/2018\/11\/Gwen-Le-Bigot-il\u00f4t-Dzaoudzi-1200x400.jpg\" height=\"400\" width=\"1200\" alt=\"\" class=\"slider-3880 slide-4073\" \/><\/li>\n            <\/ul>\n        <\/div>\n        \n    <\/div>\n<\/div>\n","protected":false},"excerpt":{"rendered":"<p>Localiza\u00e7\u00e3o geogr\u00e1fica Mayotte \u00e9 uma ilha de origem vulc\u00e2nica, que se eleva das profundezas dos oceanos a mais de 3.000 metros. A sua exist\u00eancia remonta a cerca de oito milh\u00f5es de anos. Situada no hemisf\u00e9rio sul, entre o Equador e o Tr\u00f3pico de Capric\u00f3rnio, \u00e9 a mais antiga das \u201cDjazair Al Kamar\u201d ou \u201cIlhas da [&hellip;]<\/p>\n","protected":false},"author":26,"featured_media":0,"parent":13,"menu_order":0,"comment_status":"closed","ping_status":"closed","template":"","meta":{"_acf_changed":false,"footnotes":"","_links_to":"","_links_to_target":""},"class_list":["post-9842","page","type-page","status-publish","hentry"],"acf":[],"_links":{"self":[{"href":"https:\/\/www.cp-rup.com\/pt\/wp-json\/wp\/v2\/pages\/9842","targetHints":{"allow":["GET"]}}],"collection":[{"href":"https:\/\/www.cp-rup.com\/pt\/wp-json\/wp\/v2\/pages"}],"about":[{"href":"https:\/\/www.cp-rup.com\/pt\/wp-json\/wp\/v2\/types\/page"}],"author":[{"embeddable":true,"href":"https:\/\/www.cp-rup.com\/pt\/wp-json\/wp\/v2\/users\/26"}],"replies":[{"embeddable":true,"href":"https:\/\/www.cp-rup.com\/pt\/wp-json\/wp\/v2\/comments?post=9842"}],"version-history":[{"count":5,"href":"https:\/\/www.cp-rup.com\/pt\/wp-json\/wp\/v2\/pages\/9842\/revisions"}],"predecessor-version":[{"id":9892,"href":"https:\/\/www.cp-rup.com\/pt\/wp-json\/wp\/v2\/pages\/9842\/revisions\/9892"}],"up":[{"embeddable":true,"href":"https:\/\/www.cp-rup.com\/pt\/wp-json\/wp\/v2\/pages\/13"}],"wp:attachment":[{"href":"https:\/\/www.cp-rup.com\/pt\/wp-json\/wp\/v2\/media?parent=9842"}],"curies":[{"name":"wp","href":"https:\/\/api.w.org\/{rel}","templated":true}]}}